{"id":11623,"date":"2023-01-26T14:56:22","date_gmt":"2023-01-26T13:56:22","guid":{"rendered":"https:\/\/projectes.xtec.cat\/xtcd\/?page_id=11623"},"modified":"2023-08-31T18:15:30","modified_gmt":"2023-08-31T16:15:30","slug":"el-pla-dacollida-dels-centres","status":"publish","type":"page","link":"https:\/\/projectes.xtec.cat\/xtcd\/estrategia-digital-de-centre\/sessions-2022-23\/el-pla-dacollida-dels-centres\/","title":{"rendered":"El Pla d&#8217;acollida dels centres"},"content":{"rendered":"<div class=\"seccio\">\n<div class=\"wp-block-columns\">\n<div class=\"wp-block-column\" style=\"flex-basis: 40%;\">\n<h3>Data<\/h3>\n<p>9 de febrer de 2023, 18:00 h<\/p>\n<h3>Grup de treball<\/h3>\n<p>En aquesta sessi\u00f3 es presentar\u00e0 la subxarxa de l&#8217;estrat\u00e8gia digital de centre posant el focus en:<\/p>\n<ul>\n<li>An\u00e0lisi de la diagnosi<\/li>\n<li>Objectius<\/li>\n<\/ul>\n<p>Els grups de treball, despr\u00e9s de veure el <a href=\"https:\/\/www.youtube.com\/watch?v=8RoUJy9rAmA\" target=\"_blank\" rel=\"noopener\">seminari en l\u00ednia de la XTCD<\/a>, han de mirar <strong>els v\u00eddeos de la sessi\u00f3 2<\/strong>, que es troben al <a href=\"https:\/\/projectes.xtec.cat\/edc-suport\/subxarxa-dedc\/\" target=\"_blank\" rel=\"noopener\">web de suport de l&#8217;EDC<\/a>.<\/p>\n<h3>Seminari EDC<\/h3>\n<p>En aquesta sessi\u00f3 es presentar\u00e0 el seg\u00fcent aspecte de l&#8217;apartat de cultura digital: el pla d&#8217;acollida del centre.<\/p>\n<p>Els seminaris, despr\u00e9s de veure el <a href=\"https:\/\/www.youtube.com\/watch?v=8RoUJy9rAmA\" target=\"_blank\" rel=\"noopener\">seminari en l\u00ednia de la XTCD<\/a>, han de veure el seminari en l\u00ednia de la subxarxa d&#8217;EDC, que podeu veure en l&#8217;<a href=\"https:\/\/youtu.be\/QNTIgwF51XQ\" target=\"_blank\" rel=\"noopener\">enlla\u00e7 del youtube<\/a>.<\/p>\n<h3>Ponents<\/h3>\n<ul>\n<li>Maria Maci\u00e0 (Cap del Servei de Suports i Mesures per a la Inclusi\u00f3 &#8211; Departament d&#8217;Educaci\u00f3)<\/li>\n<li>Pau Ubric (coordinador digital de l&#8217;Escola Torres Jonama &#8211; Palafrugell) i Merc\u00e8 Vil\u00e0 (mentora digital)<\/li>\n<li>Teresa Casares i Eva S\u00e1nchez (directora i secret\u00e0ria de l&#8217;institut Les Aimerigues &#8211; Terrassa) i Salvador Picas (mentor digital)<\/li>\n<\/ul>\n<\/div>\n<div class=\"wp-block-column\" style=\"flex-basis: 60%;\">\n<h3>V\u00eddeos del Grup de treball<\/h3>\n<table style=\"border-collapse: collapse; width: 100%; height: 122px;\">\n<tbody>\n<tr style=\"height: 58px;\">\n<td style=\"width: 33.5071%; height: 58px;\"><strong>Sessi\u00f3 2<\/strong><\/td>\n<td style=\"width: 66.4929%; height: 58px;\">\n<ul>\n<li>\n<h5><strong><a href=\"https:\/\/drive.google.com\/file\/d\/1eVdMbV9a7rhFvC-q8DLkb6QiGrajbpHJ\/view?usp=sharing\" target=\"_blank\" rel=\"noopener\" data-saferedirecturl=\"https:\/\/www.google.com\/url?q=https:\/\/drive.google.com\/file\/d\/1N4b46ES0E5L1g-IPNs_-Fi-YSAi5lDQ-\/view?usp%3Dsharing&amp;source=gmail&amp;ust=1665037004906000&amp;usg=AOvVaw2Cs0o4qn8ehQoiCRcc5ib5\">An\u00e0lisi de la diagnosi<\/a><\/strong><\/h5>\n<\/li>\n<li>\n<h5><strong><a href=\"https:\/\/drive.google.com\/file\/d\/1IOhKcsiWQRPPvb3bLzLvQVdPH5HixN9m\/view?usp=sharing\" target=\"_blank\" rel=\"noopener\" data-saferedirecturl=\"https:\/\/www.google.com\/url?q=https:\/\/drive.google.com\/file\/d\/1_54GeacsYrTqxtxMg9knVoR_M8pMR9S_\/view?usp%3Dsharing&amp;source=gmail&amp;ust=1665037004906000&amp;usg=AOvVaw3I2ricKq0ckLALFelxPOhj\">Objectius<\/a><\/strong><\/h5>\n<\/li>\n<\/ul>\n<\/td>\n<\/tr>\n<\/tbody>\n<\/table>\n<h3>Enlla\u00e7 a l&#8217;emissi\u00f3 per als Seminaris de l&#8217;EDC<\/h3>\n<div class=\"video-responsive\"><div class=\"h5p-iframe-wrapper\"><iframe id=\"h5p-iframe-39\" class=\"h5p-iframe\" data-content-id=\"39\" style=\"height:1px\" src=\"about:blank\" frameBorder=\"0\" scrolling=\"no\" title=\"XT-EDC - 2223 - Sessi\u00f3 2 - El Pla d&#039;acollida digital\"><\/iframe><\/div><\/p>\n<p>Si no podeu veure el v\u00eddeo, aneu a: <a href=\"https:\/\/youtu.be\/QNTIgwF51XQ\" target=\"_blank\" rel=\"noopener\">https:\/\/www.youtube.com\/watch?v=GRQ3ZS75018<\/a><\/p>\n<\/div>\n<\/div>\n<\/div>\n<div class=\"wp-block-columns\">\n<div class=\"wp-block-column\">\n<h3>Recursos associats<\/h3>\n<p>Presentacions utilitzades en el seminari:<\/p>\n<ul>\n<li>Pr\u00f2ximament<a><br \/>\n<\/a><\/li>\n<\/ul>\n<\/div>\n<p><a>&nbsp;<\/a><\/p>\n<\/div>\n<p><a>&nbsp;<\/a><\/p>\n<\/div>\n","protected":false},"excerpt":{"rendered":"<p>Data 9 de febrer de 2023, 18:00 h Grup de treball En aquesta sessi\u00f3 es presentar\u00e0 la subxarxa de l&#8217;estrat\u00e8gia digital de centre posant el focus en: An\u00e0lisi de la diagnosi Objectius Els grups de treball, despr\u00e9s de veure el seminari en l\u00ednia de la XTCD, han de mirar els v\u00eddeos de la sessi\u00f3 2, [&hellip;]<\/p>\n","protected":false},"author":450,"featured_media":0,"parent":11046,"menu_order":16,"comment_status":"closed","ping_status":"closed","template":"","meta":{"site-sidebar-layout":"no-sidebar","site-content-layout":"plain-container","ast-site-content-layout":"","site-content-style":"default","site-sidebar-style":"default","ast-global-header-display":"","ast-banner-title-visibility":"","ast-main-header-display":"disabled","ast-hfb-above-header-display":"","ast-hfb-below-header-display":"","ast-hfb-mobile-header-display":"","site-post-title":"","ast-breadcrumbs-content":"","ast-featured-img":"","footer-sml-layout":"","theme-transparent-header-meta":"","adv-header-id-meta":"9237","stick-header-meta":"","header-above-stick-meta":"","header-main-stick-meta":"","header-below-stick-meta":"","astra-migrate-meta-layouts":"default","ast-page-background-enabled":"default","ast-page-background-meta":{"desktop":{"background-color":"","background-image":"","background-repeat":"repeat","background-position":"center center","background-size":"auto","background-attachment":"scroll","background-type":"","background-media":"","overlay-type":"","overlay-color":"","overlay-opacity":"","overlay-gradient":""},"tablet":{"background-color":"","background-image":"","background-repeat":"repeat","background-position":"center center","background-size":"auto","background-attachment":"scroll","background-type":"","background-media":"","overlay-type":"","overlay-color":"","overlay-opacity":"","overlay-gradient":""},"mobile":{"background-color":"","background-image":"","background-repeat":"repeat","background-position":"center center","background-size":"auto","background-attachment":"scroll","background-type":"","background-media":"","overlay-type":"","overlay-color":"","overlay-opacity":"","overlay-gradient":""}},"ast-content-background-meta":{"desktop":{"background-color":"var(--ast-global-color-5)","background-image":"","background-repeat":"repeat","background-position":"center center","background-size":"auto","background-attachment":"scroll","background-type":"","background-media":"","overlay-type":"","overlay-color":"","overlay-opacity":"","overlay-gradient":""},"tablet":{"background-color":"var(--ast-global-color-5)","background-image":"","background-repeat":"repeat","background-position":"center center","background-size":"auto","background-attachment":"scroll","background-type":"","background-media":"","overlay-type":"","overlay-color":"","overlay-opacity":"","overlay-gradient":""},"mobile":{"background-color":"var(--ast-global-color-5)","background-image":"","background-repeat":"repeat","background-position":"center center","background-size":"auto","background-attachment":"scroll","background-type":"","background-media":"","overlay-type":"","overlay-color":"","overlay-opacity":"","overlay-gradient":""}},"footnotes":""},"class_list":["post-11623","page","type-page","status-publish","hentry"],"_links":{"self":[{"href":"https:\/\/projectes.xtec.cat\/xtcd\/wp-json\/wp\/v2\/pages\/11623","targetHints":{"allow":["GET"]}}],"collection":[{"href":"https:\/\/projectes.xtec.cat\/xtcd\/wp-json\/wp\/v2\/pages"}],"about":[{"href":"https:\/\/projectes.xtec.cat\/xtcd\/wp-json\/wp\/v2\/types\/page"}],"author":[{"embeddable":true,"href":"https:\/\/projectes.xtec.cat\/xtcd\/wp-json\/wp\/v2\/users\/450"}],"replies":[{"embeddable":true,"href":"https:\/\/projectes.xtec.cat\/xtcd\/wp-json\/wp\/v2\/comments?post=11623"}],"version-history":[{"count":2,"href":"https:\/\/projectes.xtec.cat\/xtcd\/wp-json\/wp\/v2\/pages\/11623\/revisions"}],"predecessor-version":[{"id":11828,"href":"https:\/\/projectes.xtec.cat\/xtcd\/wp-json\/wp\/v2\/pages\/11623\/revisions\/11828"}],"up":[{"embeddable":true,"href":"https:\/\/projectes.xtec.cat\/xtcd\/wp-json\/wp\/v2\/pages\/11046"}],"wp:attachment":[{"href":"https:\/\/projectes.xtec.cat\/xtcd\/wp-json\/wp\/v2\/media?parent=11623"}],"curies":[{"name":"wp","href":"https:\/\/api.w.org\/{rel}","templated":true}]}}