{"id":11654,"date":"2023-02-04T15:02:03","date_gmt":"2023-02-04T14:02:03","guid":{"rendered":"https:\/\/projectes.xtec.cat\/xtcd\/?page_id=11654"},"modified":"2023-09-18T15:52:14","modified_gmt":"2023-09-18T13:52:14","slug":"sessions-2022-23","status":"publish","type":"page","link":"https:\/\/projectes.xtec.cat\/xtcd\/sessions-2022-23\/","title":{"rendered":"Sessions 2022-23"},"content":{"rendered":"\n<div class=\"wp-block-group alignfull has-ast-global-color-7-color has-ast-global-color-4-background-color has-text-color has-background\"><div class=\"wp-block-group__inner-container is-layout-flow wp-block-group-is-layout-flow\">\n<p>La Xarxa territorial continua amb la divisi\u00f3 en&nbsp;<strong>3 subxarxes<\/strong>&nbsp;per atendre a tres grans objectius: la capacitaci\u00f3 de la compet\u00e8ncia digital docent (subxarxa CDD), la realitzaci\u00f3 del document d\u2019Estrat\u00e8gia digital a cada centre (subxarxa EDC) i el suport a les coordinacions digitals dels centres (subxarxa CDC).<\/p>\n<\/div><\/div>\n\n\n\n<div class=\"wp-block-group alignfull grup-estret\"><div class=\"wp-block-group__inner-container is-layout-flow wp-block-group-is-layout-flow\">\n<div class=\"wp-block-columns is-layout-flex wp-container-core-columns-is-layout-2 wp-block-columns-is-layout-flex\">\n<div class=\"wp-block-column is-layout-flow wp-block-column-is-layout-flow\" style=\"flex-basis:20%\">\n<p style=\"font-size:24px\">15.09.22<\/p>\n\n\n\n<p><a href=\"https:\/\/projectes.xtec.cat\/xtcd\/sessions-2022-23\/presentacio-de-la-xtcd-2022-23\/\">Presentaci\u00f3<\/a><\/p>\n<\/div>\n\n\n\n<div class=\"wp-block-column is-layout-flow wp-block-column-is-layout-flow\" style=\"flex-basis:66.66%\">\n<div class=\"wp-block-columns is-layout-flex wp-container-core-columns-is-layout-1 wp-block-columns-is-layout-flex\">\n<div class=\"wp-block-column is-layout-flow wp-block-column-is-layout-flow\">\n<p><strong>Compet\u00e8ncia digital docent (CDD)<\/strong><\/p>\n\n\n\n<p><a href=\"https:\/\/projectes.xtec.cat\/xtcd\/competencia-digital-docent\/sessions-2022-23\/sessio-de-presentacio\/\" data-type=\"URL\" data-id=\"https:\/\/projectes.xtec.cat\/xtcd\/competencia-digital-docent\/sessions-2022-23\/sessio-de-presentacio\/\">Presentaci\u00f3<\/a><\/p>\n<\/div>\n\n\n\n<div class=\"wp-block-column is-layout-flow wp-block-column-is-layout-flow\">\n<p><strong>Estrat\u00e8gia digital (EDC)<\/strong><\/p>\n\n\n\n<p><a href=\"https:\/\/projectes.xtec.cat\/xtcd\/estrategia-digital-de-centre\/sessions-2022-23\/sessio-de-presentacio\/\" data-type=\"URL\" data-id=\"https:\/\/projectes.xtec.cat\/xtcd\/estrategia-digital-de-centre\/sessions-2022-23\/sessio-de-presentacio\/\">Presentaci\u00f3<\/a><\/p>\n<\/div>\n\n\n\n<div class=\"wp-block-column is-layout-flow wp-block-column-is-layout-flow\">\n<p><strong>Coordinaci\u00f3 digital (CDC)<\/strong><\/p>\n\n\n\n<p><a href=\"https:\/\/projectes.xtec.cat\/xtcd\/coordinacio-digital-de-centre\/sessions-2022-23\/sessio-de-presentacio\/\">Presentaci\u00f3<\/a><\/p>\n<\/div>\n<\/div>\n<\/div>\n<\/div>\n<\/div><\/div>\n\n\n\n<div class=\"wp-block-group alignfull has-background\" style=\"background-color:#ffe4e4\"><div class=\"wp-block-group__inner-container is-layout-flow wp-block-group-is-layout-flow\">\n<div class=\"wp-block-columns is-layout-flex wp-container-core-columns-is-layout-3 wp-block-columns-is-layout-flex\">\n<div class=\"wp-block-column is-layout-flow wp-block-column-is-layout-flow\" style=\"flex-basis:20%\">\n<p style=\"font-size:24px\">20.10.22<\/p>\n\n\n\n<p><a href=\"https:\/\/projectes.xtec.cat\/xtcd\/sessions-2022-23\/presentacio-de-la-sessio-1-proteccio-de-dades\/\">Protecci\u00f3 de dades<\/a><\/p>\n<\/div>\n\n\n\n<div class=\"wp-block-column is-layout-flow wp-block-column-is-layout-flow\">\n<p><strong>Compet\u00e8ncia digital docent (CDD)<\/strong><\/p>\n\n\n\n<p><a href=\"https:\/\/projectes.xtec.cat\/xtcd\/competencia-digital-docent\/sessions-2022-23\/sessio-1-area-1-compromis-professional\/\">Sessi\u00f3 1. \u00c0rea 1: Comprom\u00eds professional<\/a><\/p>\n<\/div>\n\n\n\n<div class=\"wp-block-column is-layout-flow wp-block-column-is-layout-flow\">\n<p><strong>Estrat\u00e8gia digital (EDC)<\/strong><\/p>\n\n\n\n<p><a href=\"https:\/\/projectes.xtec.cat\/xtcd\/estrategia-digital-de-centre\/sessions-2022-23\/la-comunicacio-al-centre\/\">Sessi\u00f3 1. La comunicaci\u00f3 al centre<\/a><\/p>\n<\/div>\n\n\n\n<div class=\"wp-block-column is-layout-flow wp-block-column-is-layout-flow\">\n<p><strong>Coordinaci\u00f3 digital (CDC)<\/strong><\/p>\n\n\n\n<p><a href=\"https:\/\/projectes.xtec.cat\/xtcd\/coordinacio-digital-de-centre\/sessions-2022-23\/sessio-1\/\">Sessi\u00f3 1<\/a><\/p>\n<\/div>\n<\/div>\n<\/div><\/div>\n\n\n\n<div class=\"wp-block-group alignfull\"><div class=\"wp-block-group__inner-container is-layout-flow wp-block-group-is-layout-flow\">\n<div class=\"wp-block-columns is-layout-flex wp-container-core-columns-is-layout-4 wp-block-columns-is-layout-flex\">\n<div class=\"wp-block-column is-layout-flow wp-block-column-is-layout-flow\" style=\"flex-basis:20%\">\n<p style=\"font-size:24px\">24.11.22<\/p>\n<\/div>\n\n\n\n<div class=\"wp-block-column is-layout-flow wp-block-column-is-layout-flow\" style=\"flex-basis:66.66%\">\n<p id=\"block-8de2209f-32df-4e2c-a937-e30efffd062b\"><strong>Compet\u00e8ncia digital docent (CDD)<\/strong><\/p>\n\n\n\n<p><a href=\"https:\/\/projectes.xtec.cat\/xtcd\/competencia-digital-docent\/sessions-2022-23\/sessio-2-area-2-continguts-digitals\/\">Sessi\u00f3 2. \u00c0rea 2: Continguts digitals<\/a><\/p>\n<\/div>\n<\/div>\n<\/div><\/div>\n\n\n\n<div class=\"wp-block-group alignfull has-background\" style=\"background-color:#ffe4e4\"><div class=\"wp-block-group__inner-container is-layout-flow wp-block-group-is-layout-flow\">\n<div class=\"wp-block-columns is-layout-flex wp-container-core-columns-is-layout-5 wp-block-columns-is-layout-flex\">\n<div class=\"wp-block-column is-layout-flow wp-block-column-is-layout-flow\" style=\"flex-basis:20%\">\n<p style=\"font-size:24px\">09.02.23<\/p>\n\n\n\n<p><a href=\"https:\/\/projectes.xtec.cat\/xtcd\/sessions-2022-23\/segona-sessio-de-la-xtcd-el-pla-deducacio-digital-de-catalunya\/\" data-type=\"URL\">Pla d\u2019educaci\u00f3 digital<\/a><\/p>\n<\/div>\n\n\n\n<div class=\"wp-block-column is-layout-flow wp-block-column-is-layout-flow\">\n<p><strong>Compet\u00e8ncia digital docent (CDD)<\/strong><\/p>\n\n\n\n<p><a href=\"https:\/\/projectes.xtec.cat\/xtcd\/competencia-digital-docent\/sessions-2022-23\/sessio-3-area-3-ensenyament-aprenentatge\/\" data-type=\"URL\" data-id=\"https:\/\/projectes.xtec.cat\/xtcd\/competencia-digital-docent\/sessions-2022-23\/sessio-3-area-3-ensenyament-aprenentatge\/\">Sessi\u00f3 3. \u00c0rea 3: Ensenyament \u2013 Aprenentatge<\/a><\/p>\n<\/div>\n\n\n\n<div class=\"wp-block-column is-layout-flow wp-block-column-is-layout-flow\">\n<p><strong>Estrat\u00e8gia digital (EDC)<\/strong><\/p>\n\n\n\n<p><a href=\"https:\/\/projectes.xtec.cat\/xtcd\/estrategia-digital-de-centre\/sessions-2022-23\/el-pla-dacollida-dels-centres\/\">Sessi\u00f3 2. Pla d&#8217;acollida digital <\/a><\/p>\n<\/div>\n\n\n\n<div class=\"wp-block-column is-layout-flow wp-block-column-is-layout-flow\">\n<p><strong>Coordinaci\u00f3 digital (CDC)<\/strong><\/p>\n\n\n\n<p><a href=\"https:\/\/projectes.xtec.cat\/xtcd\/coordinacio-digital-de-centre\/sessions-2022-23\/sessio-2\/\" data-type=\"URL\" data-id=\"https:\/\/projectes.xtec.cat\/xtcd\/coordinacio-digital-de-centre\/sessions-2022-23\/sessio-2\/\">Sessi\u00f3 2<\/a><\/p>\n<\/div>\n<\/div>\n<\/div><\/div>\n\n\n\n<div class=\"wp-block-group alignfull\"><div class=\"wp-block-group__inner-container is-layout-flow wp-block-group-is-layout-flow\">\n<div class=\"wp-block-columns is-layout-flex wp-container-core-columns-is-layout-6 wp-block-columns-is-layout-flex\">\n<div class=\"wp-block-column is-layout-flow wp-block-column-is-layout-flow\" style=\"flex-basis:20%\">\n<p style=\"font-size:24px\">23.03.23<\/p>\n<\/div>\n\n\n\n<div class=\"wp-block-column is-layout-flow wp-block-column-is-layout-flow\">\n<p><strong>Compet\u00e8ncia digital docent (CDD)<\/strong><\/p>\n\n\n\n<p><a href=\"https:\/\/projectes.xtec.cat\/xtcd\/sessio-4-area-4-avaluacio-i-retroalimentacio\/\">Sessi\u00f3 4. \u00c0rea 4: Avaluaci\u00f3 i retroalimentaci\u00f3<\/a><\/p>\n<\/div>\n<\/div>\n<\/div><\/div>\n\n\n\n<div class=\"wp-block-group alignfull has-background\" style=\"background-color:#ffe4e4\"><div class=\"wp-block-group__inner-container is-layout-flow wp-block-group-is-layout-flow\">\n<div class=\"wp-block-columns is-layout-flex wp-container-core-columns-is-layout-7 wp-block-columns-is-layout-flex\">\n<div class=\"wp-block-column is-layout-flow wp-block-column-is-layout-flow\" style=\"flex-basis:20%\">\n<p style=\"font-size:24px\"><strong>20.04.23<\/strong><\/p>\n\n\n\n<p><a href=\"https:\/\/projectes.xtec.cat\/xtcd\/sessions-2022-23\/tercera-sessio-de-la-xtcd-el-ciberassatjament\/\">El ciberassetjament<\/a><\/p>\n<\/div>\n\n\n\n<div class=\"wp-block-column is-layout-flow wp-block-column-is-layout-flow\">\n<p><strong>Compet\u00e8ncia digital docent (CDD)<\/strong><\/p>\n\n\n\n<p><a href=\"https:\/\/projectes.xtec.cat\/xtcd\/competencia-digital-docent\/sessions-2022-23\/sessio-5-area-5-empoderament-de-lalumnat\/\">Sessi\u00f3 5. \u00c0rea 5: Empoderament de l\u2019alumnat<\/a><\/p>\n<\/div>\n\n\n\n<div class=\"wp-block-column is-layout-flow wp-block-column-is-layout-flow\">\n<p><strong>Estrat\u00e8gia digital (EDC)<\/strong><\/p>\n\n\n\n<p><a href=\"https:\/\/projectes.xtec.cat\/xtcd\/estrategia-digital-de-centre\/sessions-2022-23\/projecte-daula-amb-tecnologia\/\">Sessi\u00f3 3. Projectes d&#8217;aula amb tecnologia<\/a><\/p>\n<\/div>\n\n\n\n<div class=\"wp-block-column is-layout-flow wp-block-column-is-layout-flow\">\n<p><strong>Coordinaci\u00f3 digital (CDC)<\/strong><\/p>\n\n\n\n<p><a href=\"https:\/\/projectes.xtec.cat\/xtcd\/coordinacio-digital-de-centre\/sessions-2022-23\/sessio-3\/\">Sessi\u00f3 3<\/a><\/p>\n<\/div>\n<\/div>\n<\/div><\/div>\n\n\n\n<div class=\"wp-block-group alignfull\"><div class=\"wp-block-group__inner-container is-layout-flow wp-block-group-is-layout-flow\">\n<div class=\"wp-block-columns is-layout-flex wp-container-core-columns-is-layout-8 wp-block-columns-is-layout-flex\">\n<div class=\"wp-block-column is-layout-flow wp-block-column-is-layout-flow\" style=\"flex-basis:20%\">\n<p style=\"font-size:24px\">18.05.23<\/p>\n<\/div>\n\n\n\n<div class=\"wp-block-column is-layout-flow wp-block-column-is-layout-flow\" style=\"flex-basis:66.66%\">\n<p><strong>Compet\u00e8ncia digital docent (CDD)<\/strong><\/p>\n\n\n\n<p><a href=\"https:\/\/projectes.xtec.cat\/xtcd\/sessio-6-area-6-desenvolupament-de-la-competencia-digital-de-lalumnat\/\">Sessi\u00f3 6. \u00c0rea 6: Compet\u00e8ncia Digital de l\u2019alumnat<\/a><\/p>\n<\/div>\n<\/div>\n<\/div><\/div>\n\n\n\n<div class=\"wp-block-group alignfull has-background\" style=\"background-color:#ffe4e4\"><div class=\"wp-block-group__inner-container is-layout-flow wp-block-group-is-layout-flow\">\n<div class=\"wp-block-columns is-layout-flex wp-container-core-columns-is-layout-9 wp-block-columns-is-layout-flex\">\n<div class=\"wp-block-column is-layout-flow wp-block-column-is-layout-flow\" style=\"flex-basis:20%\">\n<p style=\"font-size:24px\">29.06.23<\/p>\n\n\n\n<p><a href=\"https:\/\/projectes.xtec.cat\/xtcd\/sessions-2022-23\/sessio-de-tancament-de-la-xtcd-intelligencia-artificial\/\">Intel\u00b7lig\u00e8ncia artificial<\/a><\/p>\n<\/div>\n\n\n\n<div class=\"wp-block-column is-layout-flow wp-block-column-is-layout-flow\">\n<p><strong>Compet\u00e8ncia digital docent (CDD)<\/strong><\/p>\n\n\n\n<p><a href=\"https:\/\/projectes.xtec.cat\/xtcd\/competencia-digital-docent\/sessions-2022-23\/subxarxa-de-competencia-digital-docent-sessio-de-tancament\/\">Tancament<\/a><\/p>\n<\/div>\n\n\n\n<div class=\"wp-block-column is-layout-flow wp-block-column-is-layout-flow\">\n<p><strong>Estrat\u00e8gia digital (EDC)<\/strong><\/p>\n\n\n\n<p><a href=\"https:\/\/projectes.xtec.cat\/xtcd\/estrategia-digital-de-centre\/sessions-2022-23\/subxarxa-destrategia-digital-de-centre-sessio-de-tancament\/\">Tancament<\/a><\/p>\n<\/div>\n\n\n\n<div class=\"wp-block-column is-layout-flow wp-block-column-is-layout-flow\">\n<p><strong>Coordinaci\u00f3 digital (CDC)<\/strong><\/p>\n\n\n\n<p><a href=\"https:\/\/projectes.xtec.cat\/xtcd\/coordinacio-digital-de-centre\/sessions-2022-23\/sessio-de-tancament\/\" data-type=\"URL\" data-id=\"https:\/\/projectes.xtec.cat\/xtcd\/coordinacio-digital-de-centre\/sessions-2022-23\/sessio-de-tancament\/\">Tancament<\/a><\/p>\n<\/div>\n<\/div>\n<\/div><\/div>\n\n\n\n<p><\/p>\n","protected":false},"excerpt":{"rendered":"<p>La Xarxa territorial continua amb la divisi\u00f3 en&nbsp;3 subxarxes&nbsp;per atendre a tres grans objectius: la capacitaci\u00f3 de la compet\u00e8ncia digital docent (subxarxa CDD), la realitzaci\u00f3 del document d\u2019Estrat\u00e8gia digital a cada centre (subxarxa EDC) i el suport a les coordinacions digitals dels centres (subxarxa CDC). 15.09.22 Presentaci\u00f3 Compet\u00e8ncia digital docent (CDD) Presentaci\u00f3 Estrat\u00e8gia digital (EDC) [&hellip;]<\/p>\n","protected":false},"author":2,"featured_media":0,"parent":0,"menu_order":0,"comment_status":"closed","ping_status":"close","template":"","meta":{"site-sidebar-layout":"no-sidebar","site-content-layout":"plain-container","ast-site-content-layout":"","site-content-style":"default","site-sidebar-style":"default","ast-global-header-display":"disabled","ast-banner-title-visibility":"","ast-main-header-display":"","ast-hfb-above-header-display":"","ast-hfb-below-header-display":"","ast-hfb-mobile-header-display":"","site-post-title":"","ast-breadcrumbs-content":"","ast-featured-img":"","footer-sml-layout":"","theme-transparent-header-meta":"","adv-header-id-meta":"9237","stick-header-meta":"","header-above-stick-meta":"","header-main-stick-meta":"","header-below-stick-meta":"","astra-migrate-meta-layouts":"default","ast-page-background-enabled":"default","ast-page-background-meta":{"desktop":{"background-color":"","background-image":"","background-repeat":"repeat","background-position":"center center","background-size":"auto","background-attachment":"scroll","background-type":"","background-media":"","overlay-type":"","overlay-color":"","overlay-opacity":"","overlay-gradient":""},"tablet":{"background-color":"","background-image":"","background-repeat":"repeat","background-position":"center center","background-size":"auto","background-attachment":"scroll","background-type":"","background-media":"","overlay-type":"","overlay-color":"","overlay-opacity":"","overlay-gradient":""},"mobile":{"background-color":"","background-image":"","background-repeat":"repeat","background-position":"center center","background-size":"auto","background-attachment":"scroll","background-type":"","background-media":"","overlay-type":"","overlay-color":"","overlay-opacity":"","overlay-gradient":""}},"ast-content-background-meta":{"desktop":{"background-color":"var(--ast-global-color-5)","background-image":"","background-repeat":"repeat","background-position":"center center","background-size":"auto","background-attachment":"scroll","background-type":"","background-media":"","overlay-type":"","overlay-color":"","overlay-opacity":"","overlay-gradient":""},"tablet":{"background-color":"var(--ast-global-color-5)","background-image":"","background-repeat":"repeat","background-position":"center center","background-size":"auto","background-attachment":"scroll","background-type":"","background-media":"","overlay-type":"","overlay-color":"","overlay-opacity":"","overlay-gradient":""},"mobile":{"background-color":"var(--ast-global-color-5)","background-image":"","background-repeat":"repeat","background-position":"center center","background-size":"auto","background-attachment":"scroll","background-type":"","background-media":"","overlay-type":"","overlay-color":"","overlay-opacity":"","overlay-gradient":""}},"footnotes":""},"class_list":["post-11654","page","type-page","status-publish","hentry"],"_links":{"self":[{"href":"https:\/\/projectes.xtec.cat\/xtcd\/wp-json\/wp\/v2\/pages\/11654","targetHints":{"allow":["GET"]}}],"collection":[{"href":"https:\/\/projectes.xtec.cat\/xtcd\/wp-json\/wp\/v2\/pages"}],"about":[{"href":"https:\/\/projectes.xtec.cat\/xtcd\/wp-json\/wp\/v2\/types\/page"}],"author":[{"embeddable":true,"href":"https:\/\/projectes.xtec.cat\/xtcd\/wp-json\/wp\/v2\/users\/2"}],"replies":[{"embeddable":true,"href":"https:\/\/projectes.xtec.cat\/xtcd\/wp-json\/wp\/v2\/comments?post=11654"}],"version-history":[{"count":3,"href":"https:\/\/projectes.xtec.cat\/xtcd\/wp-json\/wp\/v2\/pages\/11654\/revisions"}],"predecessor-version":[{"id":12375,"href":"https:\/\/projectes.xtec.cat\/xtcd\/wp-json\/wp\/v2\/pages\/11654\/revisions\/12375"}],"wp:attachment":[{"href":"https:\/\/projectes.xtec.cat\/xtcd\/wp-json\/wp\/v2\/media?parent=11654"}],"curies":[{"name":"wp","href":"https:\/\/api.w.org\/{rel}","templated":true}]}}