{"id":12001,"date":"2023-04-18T08:22:07","date_gmt":"2023-04-18T06:22:07","guid":{"rendered":"https:\/\/projectes.xtec.cat\/xtcd\/?page_id=12001"},"modified":"2023-08-31T18:16:20","modified_gmt":"2023-08-31T16:16:20","slug":"projecte-daula-amb-tecnologia","status":"publish","type":"page","link":"https:\/\/projectes.xtec.cat\/xtcd\/estrategia-digital-de-centre\/sessions-2022-23\/projecte-daula-amb-tecnologia\/","title":{"rendered":"Projecte d&#8217;aula amb tecnologia"},"content":{"rendered":"<div class=\"seccio\">\n<div class=\"wp-block-columns\">\n<div class=\"wp-block-column\" style=\"flex-basis: 40%;\">\n<h3>Data<\/h3>\n<p>20 d&#8217;abril de 2023, 18:00 h<\/p>\n<h3>Grup de treball<\/h3>\n<p>En aquesta sessi\u00f3 es presentar\u00e0 la subxarxa de l&#8217;estrat\u00e8gia digital de centre posant el focus en:<\/p>\n<ul>\n<li>Activitats i avaluaci\u00f3<\/li>\n<\/ul>\n<p>Els grups de treball, despr\u00e9s de veure el <a href=\"https:\/\/www.youtube.com\/watch?v=FrYMP3EQ7pg\" target=\"_blank\" rel=\"noopener\">seminari en l\u00ednia de la XTCD<\/a>, han de mirar <strong>els v\u00eddeos de la sessi\u00f3 2<\/strong>, que es troben al <a href=\"https:\/\/projectes.xtec.cat\/edc-suport\/subxarxa-dedc\/\" target=\"_blank\" rel=\"noopener\">web de suport de l&#8217;EDC<\/a>.<\/p>\n<h3>Seminari EDC<\/h3>\n<p>En aquesta sessi\u00f3 es presentar\u00e0 el seg\u00fcent aspecte de l&#8217;apartat de cultura digital: projectes d&#8217;aula amb tecnolgia.<\/p>\n<p>Els seminaris, despr\u00e9s de veure el <a href=\"https:\/\/www.youtube.com\/watch?v=FrYMP3EQ7pg\" target=\"_blank\" rel=\"noopener\">seminari en l\u00ednia de la XTCD<\/a>, han de veure el seminari en l\u00ednia de la subxarxa d&#8217;EDC, que podeu veure en l&#8217;<a href=\"https:\/\/www.youtube.com\/watch?v=uzvOB_BvqqE\" target=\"_blank\" rel=\"noopener\">enlla\u00e7 del youtube<\/a>.<\/p>\n<h3>Ponents<\/h3>\n<ul>\n<li>Salvi Canadell i Berta Farr\u00e9 (\u00c0rea de Cultura Digital del Departament d&#8217;Educaci\u00f3).<\/li>\n<li>F\u00e9lix Leci\u00f1ena (coordinador digital de l&#8217;Escola Ant\u00f2nia Sim\u00f3 Arn\u00f3 d&#8217;Almacelles).<\/li>\n<li>Josep C\u00e1rdenas (director de l&#8217;Escola Montbaig de Sant Boi de Llobregat) i Ismael Yeguas (coordinador digital de l&#8217;Escola Montbaig de Sant Boi de Llobregat).<\/li>\n<\/ul>\n<\/div>\n<div class=\"wp-block-column\" style=\"flex-basis: 60%;\">\n<h3>V\u00eddeos del Grup de treball<\/h3>\n<table style=\"border-collapse: collapse; width: 100%; height: 122px;\">\n<tbody>\n<tr style=\"height: 58px;\">\n<td style=\"width: 33.5071%; height: 58px;\"><strong>Sessi\u00f3 3<\/strong><\/td>\n<td style=\"width: 66.4929%; height: 58px;\">\n<ul>\n<li>\n<h5><strong><a href=\"https:\/\/drive.google.com\/file\/d\/1KFITINTr8stLKxygPhGvliGzysze56hj\/view\" target=\"_blank\" rel=\"noopener\" data-saferedirecturl=\"https:\/\/www.google.com\/url?q=https:\/\/drive.google.com\/file\/d\/1N4b46ES0E5L1g-IPNs_-Fi-YSAi5lDQ-\/view?usp%3Dsharing&amp;source=gmail&amp;ust=1665037004906000&amp;usg=AOvVaw2Cs0o4qn8ehQoiCRcc5ib5\">Activitats i avaluaci\u00f3<\/a><\/strong><\/h5>\n<\/li>\n<\/ul>\n<\/td>\n<\/tr>\n<\/tbody>\n<\/table>\n<h3>Enlla\u00e7 a l&#8217;emissi\u00f3 per als Seminaris de l&#8217;EDC<\/h3>\n<div class=\"video-responsive\"><div class=\"h5p-iframe-wrapper\"><iframe id=\"h5p-iframe-44\" class=\"h5p-iframe\" data-content-id=\"44\" style=\"height:1px\" src=\"about:blank\" frameBorder=\"0\" scrolling=\"no\" title=\"XT-EDC - 2223 - Sessi\u00f3 3 - Projectes d&#039;aula amb tecnologia\"><\/iframe><\/div>\n<\/div>\n<p>Si no podeu veure el v\u00eddeo, aneu a: <a href=\"https:\/\/www.youtube.com\/watch?v=uzvOB_BvqqE\" target=\"_blank\" rel=\"noopener\">https:\/\/www.youtube.com\/watch?v=uzvOB_BvqqE<\/a><\/p>\n<\/div>\n<\/div>\n<div class=\"wp-block-columns\">\n<div class=\"wp-block-column\">\n<h3>Recursos associats<\/h3>\n<p>Presentacions utilitzades en el seminari:<\/p>\n<ul>\n<li><a href=\"https:\/\/docs.google.com\/presentation\/d\/e\/2PACX-1vRLpMh5NCwE_TeZ6alvU4j-xxexxItTMBHnTAVWicLtkurJTpyWRvcAMcZM65fu4pwfJUtrQDYEoKyo\/pub?start=false&amp;loop=false&amp;delayms=3000\" target=\"_blank\" rel=\"noopener\">Presentaci\u00f3 de la selecci\u00f3 de projectes de l&#8217;\u00c0rea de Cultura Digital<\/a><a><br><\/a><\/li>\n<li><a href=\"https:\/\/docs.google.com\/presentation\/d\/e\/2PACX-1vR5D-WUTCCRloEMajAIrkxIrN75pTTG7-EhmgP6reZ9xpIJrtraP13k9j-3U2sQwg\/pub?start=false&amp;loop=false&amp;delayms=3000\" target=\"_blank\" rel=\"noopener\">Presentaci\u00f3 de l&#8217;Escola Ant\u00f2nia Sim\u00f3 i Arn\u00f3<\/a><\/li>\n<\/ul>\n<\/div>\n<p><a>&nbsp;<\/a><\/p>\n<\/div>\n<p><a>&nbsp;<\/a><\/p>\n<\/div>\n\n\n<p><\/p>\n","protected":false},"excerpt":{"rendered":"<p>Data 20 d&#8217;abril de 2023, 18:00 h Grup de treball En aquesta sessi\u00f3 es presentar\u00e0 la subxarxa de l&#8217;estrat\u00e8gia digital de centre posant el focus en: Activitats i avaluaci\u00f3 Els grups de treball, despr\u00e9s de veure el seminari en l\u00ednia de la XTCD, han de mirar els v\u00eddeos de la sessi\u00f3 2, que es troben [&hellip;]<\/p>\n","protected":false},"author":450,"featured_media":0,"parent":11046,"menu_order":40,"comment_status":"closed","ping_status":"close","template":"","meta":{"site-sidebar-layout":"no-sidebar","site-content-layout":"plain-container","ast-site-content-layout":"","site-content-style":"default","site-sidebar-style":"default","ast-global-header-display":"","ast-banner-title-visibility":"","ast-main-header-display":"disabled","ast-hfb-above-header-display":"","ast-hfb-below-header-display":"","ast-hfb-mobile-header-display":"","site-post-title":"","ast-breadcrumbs-content":"","ast-featured-img":"","footer-sml-layout":"","theme-transparent-header-meta":"","adv-header-id-meta":"9237","stick-header-meta":"","header-above-stick-meta":"","header-main-stick-meta":"","header-below-stick-meta":"","astra-migrate-meta-layouts":"default","ast-page-background-enabled":"default","ast-page-background-meta":{"desktop":{"background-color":"","background-image":"","background-repeat":"repeat","background-position":"center center","background-size":"auto","background-attachment":"scroll","background-type":"","background-media":"","overlay-type":"","overlay-color":"","overlay-opacity":"","overlay-gradient":""},"tablet":{"background-color":"","background-image":"","background-repeat":"repeat","background-position":"center center","background-size":"auto","background-attachment":"scroll","background-type":"","background-media":"","overlay-type":"","overlay-color":"","overlay-opacity":"","overlay-gradient":""},"mobile":{"background-color":"","background-image":"","background-repeat":"repeat","background-position":"center center","background-size":"auto","background-attachment":"scroll","background-type":"","background-media":"","overlay-type":"","overlay-color":"","overlay-opacity":"","overlay-gradient":""}},"ast-content-background-meta":{"desktop":{"background-color":"var(--ast-global-color-5)","background-image":"","background-repeat":"repeat","background-position":"center center","background-size":"auto","background-attachment":"scroll","background-type":"","background-media":"","overlay-type":"","overlay-color":"","overlay-opacity":"","overlay-gradient":""},"tablet":{"background-color":"var(--ast-global-color-5)","background-image":"","background-repeat":"repeat","background-position":"center center","background-size":"auto","background-attachment":"scroll","background-type":"","background-media":"","overlay-type":"","overlay-color":"","overlay-opacity":"","overlay-gradient":""},"mobile":{"background-color":"var(--ast-global-color-5)","background-image":"","background-repeat":"repeat","background-position":"center center","background-size":"auto","background-attachment":"scroll","background-type":"","background-media":"","overlay-type":"","overlay-color":"","overlay-opacity":"","overlay-gradient":""}},"footnotes":""},"class_list":["post-12001","page","type-page","status-publish","hentry"],"_links":{"self":[{"href":"https:\/\/projectes.xtec.cat\/xtcd\/wp-json\/wp\/v2\/pages\/12001","targetHints":{"allow":["GET"]}}],"collection":[{"href":"https:\/\/projectes.xtec.cat\/xtcd\/wp-json\/wp\/v2\/pages"}],"about":[{"href":"https:\/\/projectes.xtec.cat\/xtcd\/wp-json\/wp\/v2\/types\/page"}],"author":[{"embeddable":true,"href":"https:\/\/projectes.xtec.cat\/xtcd\/wp-json\/wp\/v2\/users\/450"}],"replies":[{"embeddable":true,"href":"https:\/\/projectes.xtec.cat\/xtcd\/wp-json\/wp\/v2\/comments?post=12001"}],"version-history":[{"count":2,"href":"https:\/\/projectes.xtec.cat\/xtcd\/wp-json\/wp\/v2\/pages\/12001\/revisions"}],"predecessor-version":[{"id":12083,"href":"https:\/\/projectes.xtec.cat\/xtcd\/wp-json\/wp\/v2\/pages\/12001\/revisions\/12083"}],"up":[{"embeddable":true,"href":"https:\/\/projectes.xtec.cat\/xtcd\/wp-json\/wp\/v2\/pages\/11046"}],"wp:attachment":[{"href":"https:\/\/projectes.xtec.cat\/xtcd\/wp-json\/wp\/v2\/media?parent=12001"}],"curies":[{"name":"wp","href":"https:\/\/api.w.org\/{rel}","templated":true}]}}