{"id":12005,"date":"2023-04-18T08:24:58","date_gmt":"2023-04-18T06:24:58","guid":{"rendered":"https:\/\/projectes.xtec.cat\/xtcd\/?page_id=12005"},"modified":"2023-08-31T18:16:27","modified_gmt":"2023-08-31T16:16:27","slug":"sessio-3","status":"publish","type":"page","link":"https:\/\/projectes.xtec.cat\/xtcd\/coordinacio-digital-de-centre\/sessions-2022-23\/sessio-3\/","title":{"rendered":"Sessi\u00f3 3"},"content":{"rendered":"\n<div style=\"height:40px\" aria-hidden=\"true\" class=\"wp-block-spacer\"><\/div>\n\n\n\n<div class=\"wp-block-columns is-layout-flex wp-container-core-columns-is-layout-2 wp-block-columns-is-layout-flex\">\n<div class=\"wp-block-column is-layout-flow wp-block-column-is-layout-flow\" style=\"flex-basis:40%\">\n<h3 class=\"wp-block-heading\">Data<\/h3>\n\n\n\n<p>20 d&#8217;abril de 2023, 18:00 h<\/p>\n\n\n\n<div style=\"height:30px\" aria-hidden=\"true\" class=\"wp-block-spacer\"><\/div>\n\n\n\n<h3 class=\"wp-block-heading\">Descripci\u00f3<\/h3>\n\n\n\n<p>En aquesta sessi\u00f3 es donaran informacions sobre:<\/p>\n\n\n\n<ul class=\"wp-block-list\"><li>Desplegaments d\u2019equips i futures dotacions<\/li><li>Formulari de confirmaci\u00f3 de panells dotaci\u00f3 2023-24<\/li><li>Millores en les condicions de coordinaci\u00f3<\/li><li>Informacions de servei<\/li><li>Web d&#8217;estad\u00edstiques d&#8217;\u00fas<\/li><li>Google Assignments<\/li><li>Web digital &#8211; novetats<\/li><li>IA en educaci\u00f3<\/li><li>Nus &#8211; nous grups i temes destacats<\/li><li>Preguntes i respostes<\/li><\/ul>\n<\/div>\n\n\n\n<div class=\"wp-block-column is-layout-flow wp-block-column-is-layout-flow\"><div class=\"h5p-iframe-wrapper\"><iframe id=\"h5p-iframe-46\" class=\"h5p-iframe\" data-content-id=\"46\" style=\"height:1px\" src=\"about:blank\" frameBorder=\"0\" scrolling=\"no\" title=\"XT-CDC - 2223 - Sessi\u00f3 3\"><\/iframe><\/div>\n\n\n\n<p>Si no podeu veure el v\u00eddeo aneu a: <a href=\"https:\/\/youtu.be\/dPLb37GB3XQ\">https:\/\/www.youtube.com\/live\/dPLb37GB3X?feature=share<\/a><\/p>\n\n\n\n<div class=\"wp-block-columns is-layout-flex wp-container-core-columns-is-layout-1 wp-block-columns-is-layout-flex\">\n<div class=\"wp-block-column is-vertically-aligned-center is-layout-flow wp-block-column-is-layout-flow\" style=\"flex-basis:30%\">\n<div class=\"wp-block-buttons is-layout-flex wp-block-buttons-is-layout-flex\">\n<div class=\"wp-block-button is-style-outline is-style-outline--1\"><a class=\"wp-block-button__link\" href=\"https:\/\/comunitat.edigital.cat\/c\/coordinacio-digital\/sessio-presentacio-sub-cdc\/147\" target=\"_blank\" rel=\"noreferrer noopener\">XAT<\/a><\/div>\n<\/div>\n<\/div>\n\n\n\n<div class=\"wp-block-column is-vertically-aligned-center is-layout-flow wp-block-column-is-layout-flow\">\n<div class=\"wp-block-buttons is-layout-flex wp-block-buttons-is-layout-flex\">\n<div class=\"wp-block-button is-style-outline is-style-outline--2\"><a class=\"wp-block-button__link\" href=\"https:\/\/forms.gle\/5PF7b9wcYKqRpBkS7\" target=\"_blank\" rel=\"noreferrer noopener\">Formulari d&#8217;assist\u00e8ncia i valoraci\u00f3<\/a><\/div>\n<\/div>\n<\/div>\n<\/div>\n<\/div>\n<\/div>\n\n\n\n<div style=\"height:40px\" aria-hidden=\"true\" class=\"wp-block-spacer\"><\/div>\n\n\n\n<div class=\"wp-block-getwid-section alignfull alignfull\"><div class=\"wp-block-getwid-section__wrapper\"><div class=\"wp-block-getwid-section__inner-wrapper\"><div class=\"wp-block-getwid-section__background-holder\"><div class=\"wp-block-getwid-section__background has-background has-ast-global-color-4-background-color\"><\/div><div class=\"wp-block-getwid-section__foreground\"><\/div><\/div><div class=\"wp-block-getwid-section__content\"><div class=\"wp-block-getwid-section__inner-content\">\n<div style=\"height:50px\" aria-hidden=\"true\" class=\"wp-block-spacer\"><\/div>\n\n\n\n<h3 class=\"wp-block-heading\">Ponents<\/h3>\n\n\n\n<ul class=\"wp-block-list\"><li>Roser Cuss\u00f3 (\u00c0rea de Cultura digital, Departament d\u2019Educaci\u00f3)<\/li><li>Xavier Meler (\u00c0rea de Cultura digital, Departament d\u2019Educaci\u00f3)<\/li><li>Joan de Gr\u00e0cia (\u00c0rea de Cultura digital, Departament d\u2019Educaci\u00f3)<\/li><li>Jordi Moner (\u00c0rea de Cultura digital, Departament d\u2019Educaci\u00f3)<\/li><li>Ester Tomas (\u00c0rea de Cultura digital, Departament d\u2019Educaci\u00f3)<\/li><\/ul>\n\n\n\n<div style=\"height:50px\" aria-hidden=\"true\" class=\"wp-block-spacer\"><\/div>\n<\/div><\/div><\/div><\/div><\/div>\n\n\n\n<div style=\"height:40px\" aria-hidden=\"true\" class=\"wp-block-spacer\"><\/div>\n\n\n\n<div class=\"wp-block-columns is-layout-flex wp-container-core-columns-is-layout-3 wp-block-columns-is-layout-flex\">\n<div class=\"wp-block-column is-layout-flow wp-block-column-is-layout-flow\">\n<h3 class=\"wp-block-heading\">Recursos<\/h3>\n\n\n\n<ul class=\"wp-block-list\"><li><a rel=\"noreferrer noopener\" href=\"https:\/\/docs.google.com\/presentation\/d\/e\/2PACX-1vQYxEfSj4Qg6nu8ubYCDlkfQSgv7-EIVB3KhwILmmDefh8WwKWe22gw56TVWsaOf1F4klJ8GStTNw5b\/pub?start=false&amp;loop=false&amp;delayms=3000\" data-type=\"URL\" target=\"_blank\" data-id=\"https:\/\/docs.google.com\/presentation\/d\/e\/2PACX-1vQYxEfSj4Qg6nu8ubYCDlkfQSgv7-EIVB3KhwILmmDefh8WwKWe22gw56TVWsaOf1F4klJ8GStTNw5b\/pub?start=false&amp;loop=false&amp;delayms=3000\">Presentaci\u00f3<\/a><\/li><li><a rel=\"noreferrer noopener\" href=\"https:\/\/ie.pladigitalcentres.gestioeducativa.gencat.cat\/\" data-type=\"URL\" data-id=\"https:\/\/ie.pladigitalcentres.gestioeducativa.gencat.cat\/\" target=\"_blank\">Portal d&#8217;\u00fas dels equips<\/a><\/li><li><a rel=\"noreferrer noopener\" href=\"https:\/\/projectes.xtec.cat\/digital\/\" data-type=\"URL\" data-id=\"https:\/\/projectes.xtec.cat\/digital\/\" target=\"_blank\">Web digital<\/a><\/li><li><a rel=\"noreferrer noopener\" href=\"https:\/\/jo-el.es\/\" data-type=\"URL\" data-id=\"https:\/\/jo-el.es\/\" target=\"_blank\">JO-EL<\/a> (Jutge online de programaci\u00f3)<\/li><\/ul>\n\n\n\n<div style=\"height:12px\" aria-hidden=\"true\" class=\"wp-block-spacer\"><\/div>\n\n\n\n<h3 class=\"wp-block-heading\">Seminaris territorials associats<\/h3>\n\n\n\n<ul class=\"wp-block-list\"><li>Consulteu amb el vostre CRP la data del seminari territorial associat.<\/li><\/ul>\n\n\n\n<div style=\"height:20px\" aria-hidden=\"true\" class=\"wp-block-spacer\"><\/div>\n\n\n\n<h3 class=\"wp-block-heading\">Participaci\u00f3 en el Nus<\/h3>\n\n\n\n<p>Us animem a participar en el Nus, comunitat virtual on&nbsp;<a rel=\"noreferrer noopener\" href=\"https:\/\/comunitat.edigital.cat\/c\/coordinacio-digital\/105\" target=\"_blank\">Coordinadors i coordinadores digitals<\/a>&nbsp;comparteixen experi\u00e8ncies, problemes i solucions.<\/p>\n\n\n\n<p>\ud83d\udc49 Qu\u00e8 cal fer per&nbsp;<a rel=\"noreferrer noopener\" href=\"https:\/\/youtu.be\/oWVGF0DtHwA?t=328\" target=\"_blank\">certificar<\/a>&nbsp;la formaci\u00f3?<\/p>\n<\/div>\n<\/div>\n\n\n\n<div style=\"height:100px\" aria-hidden=\"true\" class=\"wp-block-spacer\"><\/div>\n","protected":false},"excerpt":{"rendered":"<p>Data 20 d&#8217;abril de 2023, 18:00 h Descripci\u00f3 En aquesta sessi\u00f3 es donaran informacions sobre: Desplegaments d\u2019equips i futures dotacions Formulari de confirmaci\u00f3 de panells dotaci\u00f3 2023-24 Millores en les condicions de coordinaci\u00f3 Informacions de servei Web d&#8217;estad\u00edstiques d&#8217;\u00fas Google Assignments Web digital &#8211; novetats IA en educaci\u00f3 Nus &#8211; nous grups i temes destacats [&hellip;]<\/p>\n","protected":false},"author":450,"featured_media":0,"parent":11059,"menu_order":40,"comment_status":"closed","ping_status":"close","template":"","meta":{"site-sidebar-layout":"no-sidebar","site-content-layout":"plain-container","ast-site-content-layout":"","site-content-style":"default","site-sidebar-style":"default","ast-global-header-display":"","ast-banner-title-visibility":"","ast-main-header-display":"disabled","ast-hfb-above-header-display":"","ast-hfb-below-header-display":"","ast-hfb-mobile-header-display":"","site-post-title":"","ast-breadcrumbs-content":"","ast-featured-img":"","footer-sml-layout":"","theme-transparent-header-meta":"","adv-header-id-meta":"9237","stick-header-meta":"","header-above-stick-meta":"","header-main-stick-meta":"","header-below-stick-meta":"","astra-migrate-meta-layouts":"default","ast-page-background-enabled":"default","ast-page-background-meta":{"desktop":{"background-color":"","background-image":"","background-repeat":"repeat","background-position":"center center","background-size":"auto","background-attachment":"scroll","background-type":"","background-media":"","overlay-type":"","overlay-color":"","overlay-opacity":"","overlay-gradient":""},"tablet":{"background-color":"","background-image":"","background-repeat":"repeat","background-position":"center center","background-size":"auto","background-attachment":"scroll","background-type":"","background-media":"","overlay-type":"","overlay-color":"","overlay-opacity":"","overlay-gradient":""},"mobile":{"background-color":"","background-image":"","background-repeat":"repeat","background-position":"center center","background-size":"auto","background-attachment":"scroll","background-type":"","background-media":"","overlay-type":"","overlay-color":"","overlay-opacity":"","overlay-gradient":""}},"ast-content-background-meta":{"desktop":{"background-color":"var(--ast-global-color-5)","background-image":"","background-repeat":"repeat","background-position":"center center","background-size":"auto","background-attachment":"scroll","background-type":"","background-media":"","overlay-type":"","overlay-color":"","overlay-opacity":"","overlay-gradient":""},"tablet":{"background-color":"var(--ast-global-color-5)","background-image":"","background-repeat":"repeat","background-position":"center center","background-size":"auto","background-attachment":"scroll","background-type":"","background-media":"","overlay-type":"","overlay-color":"","overlay-opacity":"","overlay-gradient":""},"mobile":{"background-color":"var(--ast-global-color-5)","background-image":"","background-repeat":"repeat","background-position":"center center","background-size":"auto","background-attachment":"scroll","background-type":"","background-media":"","overlay-type":"","overlay-color":"","overlay-opacity":"","overlay-gradient":""}},"footnotes":""},"class_list":["post-12005","page","type-page","status-publish","hentry"],"_links":{"self":[{"href":"https:\/\/projectes.xtec.cat\/xtcd\/wp-json\/wp\/v2\/pages\/12005","targetHints":{"allow":["GET"]}}],"collection":[{"href":"https:\/\/projectes.xtec.cat\/xtcd\/wp-json\/wp\/v2\/pages"}],"about":[{"href":"https:\/\/projectes.xtec.cat\/xtcd\/wp-json\/wp\/v2\/types\/page"}],"author":[{"embeddable":true,"href":"https:\/\/projectes.xtec.cat\/xtcd\/wp-json\/wp\/v2\/users\/450"}],"replies":[{"embeddable":true,"href":"https:\/\/projectes.xtec.cat\/xtcd\/wp-json\/wp\/v2\/comments?post=12005"}],"version-history":[{"count":3,"href":"https:\/\/projectes.xtec.cat\/xtcd\/wp-json\/wp\/v2\/pages\/12005\/revisions"}],"predecessor-version":[{"id":12112,"href":"https:\/\/projectes.xtec.cat\/xtcd\/wp-json\/wp\/v2\/pages\/12005\/revisions\/12112"}],"up":[{"embeddable":true,"href":"https:\/\/projectes.xtec.cat\/xtcd\/wp-json\/wp\/v2\/pages\/11059"}],"wp:attachment":[{"href":"https:\/\/projectes.xtec.cat\/xtcd\/wp-json\/wp\/v2\/media?parent=12005"}],"curies":[{"name":"wp","href":"https:\/\/api.w.org\/{rel}","templated":true}]}}