{"id":12087,"date":"2023-04-21T14:00:50","date_gmt":"2023-04-21T12:00:50","guid":{"rendered":"https:\/\/projectes.xtec.cat\/xtcd\/?page_id=12087"},"modified":"2023-10-26T14:57:35","modified_gmt":"2023-10-26T12:57:35","slug":"tercera-sessio-de-la-xtcd-el-ciberassatjament","status":"publish","type":"page","link":"https:\/\/projectes.xtec.cat\/xtcd\/sessions-2022-23\/tercera-sessio-de-la-xtcd-el-ciberassatjament\/","title":{"rendered":"Tercera sessi\u00f3 de la XTCD &#8211; El ciberassatjament"},"content":{"rendered":"\n<div class=\"wp-block-group alignfull\"><div class=\"wp-block-group__inner-container is-layout-flow wp-block-group-is-layout-flow\">\n<div class=\"wp-block-columns is-layout-flex wp-container-core-columns-is-layout-1 wp-block-columns-is-layout-flex\">\n<div class=\"wp-block-column is-layout-flow wp-block-column-is-layout-flow\">\n<h3 class=\"wp-block-heading\">Data<\/h3>\n\n\n\n<p>20 d&#8217;abril de 2023, 17:30 h<\/p>\n\n\n\n<h3 class=\"wp-block-heading\">Descripci\u00f3<\/h3>\n\n\n\n<p>En aquesta tercera sessi\u00f3 de la Xarxa territorial de Cultura digital abordarem el tema del ciberassetjament als centres educatius i compartirem recursos per poder-hi donar resposta.<\/p>\n\n\n\n<h3 class=\"wp-block-heading\">Participen<\/h3>\n\n\n\n<ul class=\"wp-block-list\"><li>Maria Carrasco \u2013 Servei d\u2019Escola i Fam\u00edlies<\/li><li>Toni L\u00f3pez \u2013 Servei d\u2019Escola i Fam\u00edlies<\/li><li>Roser Cervera \u2013 Subdirecci\u00f3 General d\u2019Orientaci\u00f3, Participaci\u00f3 i Benestar de l\u2019alumnat<\/li><li>Equip de la Xarxa territorial de Cultura digital \u2013 \u00c0rea de Cultura digital<\/li><\/ul>\n\n\n\n<h3 class=\"wp-block-heading\">Recursos associats<\/h3>\n\n\n\n<ul class=\"wp-block-list\" id=\"block-80d44a4d-8b4b-4e72-8fc6-aaa076e17b59\"><li><a href=\"https:\/\/drive.google.com\/file\/d\/10tlO3nGwA8XIN4glSMbZ0ZJQYk_ar4dH\/view?usp=share_link\">\u00das saludable i responsable de les tecnologies <\/a>&#8211; Servei d&#8217;Escola i Fam\u00edlies<\/li><li><a href=\"https:\/\/xtec.gencat.cat\/ca\/centres\/projeducatiu\/convivencia\/protocols\/assetjament-ciberassetjament-entre-iguals\" data-type=\"URL\" data-id=\"https:\/\/xtec.gencat.cat\/ca\/centres\/projeducatiu\/convivencia\/protocols\/assetjament-ciberassetjament-entre-iguals\">Protocol de prevenci\u00f3, detecci\u00f3 i intervenci\u00f3 davant l&#8217;assetjament i el ciberassetjament entre iguals<\/a><\/li><\/ul>\n\n\n\n<p><\/p>\n<\/div>\n\n\n\n<div class=\"wp-block-column is-layout-flow wp-block-column-is-layout-flow\"><div class=\"h5p-iframe-wrapper\"><iframe id=\"h5p-iframe-42\" class=\"h5p-iframe\" data-content-id=\"42\" style=\"height:1px\" src=\"about:blank\" frameBorder=\"0\" scrolling=\"no\" title=\"XTCD - 2223 - Ciberassatjament\"><\/iframe><\/div>\n<\/div>\n<\/div>\n<\/div><\/div>\n\n\n\n<p><\/p>\n","protected":false},"excerpt":{"rendered":"<p>Data 20 d&#8217;abril de 2023, 17:30 h Descripci\u00f3 En aquesta tercera sessi\u00f3 de la Xarxa territorial de Cultura digital abordarem el tema del ciberassetjament als centres educatius i compartirem recursos per poder-hi donar resposta. Participen Maria Carrasco \u2013 Servei d\u2019Escola i Fam\u00edlies Toni L\u00f3pez \u2013 Servei d\u2019Escola i Fam\u00edlies Roser Cervera \u2013 Subdirecci\u00f3 General d\u2019Orientaci\u00f3, [&hellip;]<\/p>\n","protected":false},"author":450,"featured_media":0,"parent":11654,"menu_order":0,"comment_status":"closed","ping_status":"close","template":"","meta":{"site-sidebar-layout":"no-sidebar","site-content-layout":"page-builder","ast-site-content-layout":"","site-content-style":"default","site-sidebar-style":"default","ast-global-header-display":"","ast-banner-title-visibility":"","ast-main-header-display":"","ast-hfb-above-header-display":"","ast-hfb-below-header-display":"","ast-hfb-mobile-header-display":"","site-post-title":"","ast-breadcrumbs-content":"","ast-featured-img":"","footer-sml-layout":"","theme-transparent-header-meta":"","adv-header-id-meta":"","stick-header-meta":"","header-above-stick-meta":"","header-main-stick-meta":"","header-below-stick-meta":"","astra-migrate-meta-layouts":"default","ast-page-background-enabled":"default","ast-page-background-meta":{"desktop":{"background-color":"","background-image":"","background-repeat":"repeat","background-position":"center center","background-size":"auto","background-attachment":"scroll","background-type":"","background-media":"","overlay-type":"","overlay-color":"","overlay-opacity":"","overlay-gradient":""},"tablet":{"background-color":"","background-image":"","background-repeat":"repeat","background-position":"center center","background-size":"auto","background-attachment":"scroll","background-type":"","background-media":"","overlay-type":"","overlay-color":"","overlay-opacity":"","overlay-gradient":""},"mobile":{"background-color":"","background-image":"","background-repeat":"repeat","background-position":"center center","background-size":"auto","background-attachment":"scroll","background-type":"","background-media":"","overlay-type":"","overlay-color":"","overlay-opacity":"","overlay-gradient":""}},"ast-content-background-meta":{"desktop":{"background-color":"var(--ast-global-color-5)","background-image":"","background-repeat":"repeat","background-position":"center center","background-size":"auto","background-attachment":"scroll","background-type":"","background-media":"","overlay-type":"","overlay-color":"","overlay-opacity":"","overlay-gradient":""},"tablet":{"background-color":"var(--ast-global-color-5)","background-image":"","background-repeat":"repeat","background-position":"center center","background-size":"auto","background-attachment":"scroll","background-type":"","background-media":"","overlay-type":"","overlay-color":"","overlay-opacity":"","overlay-gradient":""},"mobile":{"background-color":"var(--ast-global-color-5)","background-image":"","background-repeat":"repeat","background-position":"center center","background-size":"auto","background-attachment":"scroll","background-type":"","background-media":"","overlay-type":"","overlay-color":"","overlay-opacity":"","overlay-gradient":""}},"footnotes":""},"class_list":["post-12087","page","type-page","status-publish","hentry"],"_links":{"self":[{"href":"https:\/\/projectes.xtec.cat\/xtcd\/wp-json\/wp\/v2\/pages\/12087","targetHints":{"allow":["GET"]}}],"collection":[{"href":"https:\/\/projectes.xtec.cat\/xtcd\/wp-json\/wp\/v2\/pages"}],"about":[{"href":"https:\/\/projectes.xtec.cat\/xtcd\/wp-json\/wp\/v2\/types\/page"}],"author":[{"embeddable":true,"href":"https:\/\/projectes.xtec.cat\/xtcd\/wp-json\/wp\/v2\/users\/450"}],"replies":[{"embeddable":true,"href":"https:\/\/projectes.xtec.cat\/xtcd\/wp-json\/wp\/v2\/comments?post=12087"}],"version-history":[{"count":4,"href":"https:\/\/projectes.xtec.cat\/xtcd\/wp-json\/wp\/v2\/pages\/12087\/revisions"}],"predecessor-version":[{"id":12847,"href":"https:\/\/projectes.xtec.cat\/xtcd\/wp-json\/wp\/v2\/pages\/12087\/revisions\/12847"}],"up":[{"embeddable":true,"href":"https:\/\/projectes.xtec.cat\/xtcd\/wp-json\/wp\/v2\/pages\/11654"}],"wp:attachment":[{"href":"https:\/\/projectes.xtec.cat\/xtcd\/wp-json\/wp\/v2\/media?parent=12087"}],"curies":[{"name":"wp","href":"https:\/\/api.w.org\/{rel}","templated":true}]}}