{"id":12323,"date":"2023-06-20T13:29:24","date_gmt":"2023-06-20T11:29:24","guid":{"rendered":"https:\/\/projectes.xtec.cat\/xtcd\/?page_id=12323"},"modified":"2023-08-31T18:17:16","modified_gmt":"2023-08-31T16:17:16","slug":"subxarxa-destrategia-digital-de-centre-sessio-de-tancament","status":"publish","type":"page","link":"https:\/\/projectes.xtec.cat\/xtcd\/estrategia-digital-de-centre\/sessions-2022-23\/subxarxa-destrategia-digital-de-centre-sessio-de-tancament\/","title":{"rendered":"Subxarxa d&#8217;Estrat\u00e8gia digital de centre. Sessi\u00f3 de tancament"},"content":{"rendered":"\n<div style=\"height:45px\" aria-hidden=\"true\" class=\"wp-block-spacer\"><\/div>\n\n\n\n<div class=\"wp-block-columns is-layout-flex wp-container-core-columns-is-layout-1 wp-block-columns-is-layout-flex\">\n<div class=\"wp-block-column is-layout-flow wp-block-column-is-layout-flow\">\n<h2 class=\"wp-block-heading\">Data<\/h2>\n\n\n\n<p>29 de juny de 2023, 18:00 h<\/p>\n\n\n\n<h2 class=\"wp-block-heading\">Descripci\u00f3<\/h2>\n\n\n\n<p>En aquesta darrera sessi\u00f3 farem la valoraci\u00f3 i el tancament de la subxarxa d\u2019Estrat\u00e8gia Digital de Centre, i s&#8217;explicaran les subxarxes previstes per al pr\u00f2xim curs.<\/p>\n\n\n\n<p>Ser\u00e0 una sessi\u00f3 conjunta dels grups de treball i dels seminaris.<\/p>\n\n\n\n<h2 class=\"wp-block-heading\">Participants<\/h2>\n\n\n\n<p>Pepi Garrote i Jaume Feliu (\u00c0rea de Cultura Digital del Departament d&#8217;Educaci\u00f3).<\/p>\n\n\n\n<p><\/p>\n<\/div>\n\n\n\n<div class=\"wp-block-column is-layout-flow wp-block-column-is-layout-flow\">\n<h2 class=\"wp-block-heading\">Enlla\u00e7 a l&#8217;emissi\u00f3 conjunta per als Seminaris i els Grups de treball de l&#8217;EDC<\/h2>\n\n\n\n<div class=\"h5p-iframe-wrapper\"><iframe id=\"h5p-iframe-51\" class=\"h5p-iframe\" data-content-id=\"51\" style=\"height:1px\" src=\"about:blank\" frameBorder=\"0\" scrolling=\"no\" title=\"XT-EDC - 2223 - Sessi\u00f3 de tancament\"><\/iframe><\/div>\n\n\n\n<p>Si no podeu veure el v\u00eddeo aneu a: <a href=\"https:\/\/youtu.be\/kqAcLy1qUzI\">https:\/\/youtu.be\/kqAcLy1qUzI<\/a><\/p>\n<\/div>\n<\/div>\n\n\n\n<div style=\"height:44px\" aria-hidden=\"true\" class=\"wp-block-spacer\"><\/div>\n\n\n\n<p><\/p>\n","protected":false},"excerpt":{"rendered":"<p>Data 29 de juny de 2023, 18:00 h Descripci\u00f3 En aquesta darrera sessi\u00f3 farem la valoraci\u00f3 i el tancament de la subxarxa d\u2019Estrat\u00e8gia Digital de Centre, i s&#8217;explicaran les subxarxes previstes per al pr\u00f2xim curs. Ser\u00e0 una sessi\u00f3 conjunta dels grups de treball i dels seminaris. Participants Pepi Garrote i Jaume Feliu (\u00c0rea de Cultura [&hellip;]<\/p>\n","protected":false},"author":450,"featured_media":0,"parent":11046,"menu_order":0,"comment_status":"closed","ping_status":"close","template":"","meta":{"site-sidebar-layout":"no-sidebar","site-content-layout":"plain-container","ast-site-content-layout":"","site-content-style":"default","site-sidebar-style":"default","ast-global-header-display":"disabled","ast-banner-title-visibility":"","ast-main-header-display":"","ast-hfb-above-header-display":"","ast-hfb-below-header-display":"","ast-hfb-mobile-header-display":"","site-post-title":"","ast-breadcrumbs-content":"","ast-featured-img":"","footer-sml-layout":"","theme-transparent-header-meta":"","adv-header-id-meta":"9237","stick-header-meta":"","header-above-stick-meta":"","header-main-stick-meta":"","header-below-stick-meta":"","astra-migrate-meta-layouts":"default","ast-page-background-enabled":"default","ast-page-background-meta":{"desktop":{"background-color":"","background-image":"","background-repeat":"repeat","background-position":"center center","background-size":"auto","background-attachment":"scroll","background-type":"","background-media":"","overlay-type":"","overlay-color":"","overlay-opacity":"","overlay-gradient":""},"tablet":{"background-color":"","background-image":"","background-repeat":"repeat","background-position":"center center","background-size":"auto","background-attachment":"scroll","background-type":"","background-media":"","overlay-type":"","overlay-color":"","overlay-opacity":"","overlay-gradient":""},"mobile":{"background-color":"","background-image":"","background-repeat":"repeat","background-position":"center center","background-size":"auto","background-attachment":"scroll","background-type":"","background-media":"","overlay-type":"","overlay-color":"","overlay-opacity":"","overlay-gradient":""}},"ast-content-background-meta":{"desktop":{"background-color":"var(--ast-global-color-5)","background-image":"","background-repeat":"repeat","background-position":"center center","background-size":"auto","background-attachment":"scroll","background-type":"","background-media":"","overlay-type":"","overlay-color":"","overlay-opacity":"","overlay-gradient":""},"tablet":{"background-color":"var(--ast-global-color-5)","background-image":"","background-repeat":"repeat","background-position":"center center","background-size":"auto","background-attachment":"scroll","background-type":"","background-media":"","overlay-type":"","overlay-color":"","overlay-opacity":"","overlay-gradient":""},"mobile":{"background-color":"var(--ast-global-color-5)","background-image":"","background-repeat":"repeat","background-position":"center center","background-size":"auto","background-attachment":"scroll","background-type":"","background-media":"","overlay-type":"","overlay-color":"","overlay-opacity":"","overlay-gradient":""}},"footnotes":""},"class_list":["post-12323","page","type-page","status-publish","hentry"],"_links":{"self":[{"href":"https:\/\/projectes.xtec.cat\/xtcd\/wp-json\/wp\/v2\/pages\/12323","targetHints":{"allow":["GET"]}}],"collection":[{"href":"https:\/\/projectes.xtec.cat\/xtcd\/wp-json\/wp\/v2\/pages"}],"about":[{"href":"https:\/\/projectes.xtec.cat\/xtcd\/wp-json\/wp\/v2\/types\/page"}],"author":[{"embeddable":true,"href":"https:\/\/projectes.xtec.cat\/xtcd\/wp-json\/wp\/v2\/users\/450"}],"replies":[{"embeddable":true,"href":"https:\/\/projectes.xtec.cat\/xtcd\/wp-json\/wp\/v2\/comments?post=12323"}],"version-history":[{"count":2,"href":"https:\/\/projectes.xtec.cat\/xtcd\/wp-json\/wp\/v2\/pages\/12323\/revisions"}],"predecessor-version":[{"id":12422,"href":"https:\/\/projectes.xtec.cat\/xtcd\/wp-json\/wp\/v2\/pages\/12323\/revisions\/12422"}],"up":[{"embeddable":true,"href":"https:\/\/projectes.xtec.cat\/xtcd\/wp-json\/wp\/v2\/pages\/11046"}],"wp:attachment":[{"href":"https:\/\/projectes.xtec.cat\/xtcd\/wp-json\/wp\/v2\/media?parent=12323"}],"curies":[{"name":"wp","href":"https:\/\/api.w.org\/{rel}","templated":true}]}}