{"id":12455,"date":"2023-08-28T08:12:28","date_gmt":"2023-08-28T06:12:28","guid":{"rendered":"https:\/\/projectes.xtec.cat\/xtcd\/?page_id=12455"},"modified":"2024-09-01T16:27:21","modified_gmt":"2024-09-01T14:27:21","slug":"sessions-2023-24","status":"publish","type":"page","link":"https:\/\/projectes.xtec.cat\/xtcd\/sessions-2023-24\/","title":{"rendered":"Sessions 2023-24"},"content":{"rendered":"\n<div class=\"inherit-container-width wp-block-group alignfull has-ast-global-color-8-color has-text-color has-background is-layout-constrained wp-block-group-is-layout-constrained\" style=\"background-color:#d2d2d2\"><div class=\"wp-block-group__inner-container\">\n<p class=\"has-ast-global-color-8-color has-text-color\">Es fusiona la subxarxa de Compet\u00e8ncia Digital Docent i la subxarxa d&#8217;Estrat\u00e8gia Digital en una sola subxarxa de Comissi\u00f3 Digital de centre. Es mantenen els tres grans objectius: la capacitaci\u00f3 de la compet\u00e8ncia digital docent, el seguiment i millora de l&#8217;Estrat\u00e8gia digital a cada centre i el suport a les coordinacions digitals dels centres.<\/p>\n<\/div><\/div>\n\n\n\n<div class=\"inherit-container-width wp-block-group alignfull has-ast-global-color-5-background-color has-background is-layout-constrained wp-block-group-is-layout-constrained\"><div class=\"wp-block-group__inner-container\">\n<div class=\"wp-block-columns is-layout-flex wp-container-core-columns-is-layout-1 wp-block-columns-is-layout-flex\">\n<div class=\"wp-block-column is-layout-flow wp-block-column-is-layout-flow\" style=\"flex-basis:33%\">\n<p class=\"has-medium-font-size\">21.09.23 <br>17:30<\/p>\n\n\n\n<p><a href=\"https:\/\/www.youtube.com\/watch?v=_8maIVhhCLk\" data-type=\"link\" data-id=\"https:\/\/www.youtube.com\/watch?v=_8maIVhhCLk\">Sessi\u00f3 1<\/a><\/p>\n\n\n\n<p><a rel=\"noreferrer noopener\" href=\"https:\/\/docs.google.com\/presentation\/d\/e\/2PACX-1vRZNbXki3RiXzZ7QslpEcqiM70R7gcwXl7gEvvH1o36dwzjhCM2YCoKeCt__l65eDMDP44koblT67xJ\/pub?start=false&amp;loop=false&amp;delayms=3000\" data-type=\"URL\" target=\"_blank\">Presentaci\u00f3<\/a><\/p>\n<\/div>\n\n\n\n<div class=\"wp-block-column is-layout-flow wp-block-column-is-layout-flow\">\n<p><strong><strong>Comissi\u00f3 digital (COMD)<\/strong><\/strong><\/p>\n\n\n\n<p><a href=\"https:\/\/projectes.xtec.cat\/xtcd\/subxarxa-de-la-comissio-digital-de-centre-comd\/sessions-comd-2023-24\/sessio-1\/\" data-type=\"URL\" data-id=\"https:\/\/projectes.xtec.cat\/xtcd\/subxarxa-de-la-comissio-digital-de-centre-comd\/sessions-comd-2023-24\/sessio-1\/\">Sessi\u00f3 1<\/a><\/p>\n<\/div>\n\n\n\n<div class=\"wp-block-column is-layout-flow wp-block-column-is-layout-flow\">\n<p><strong>Coordinaci\u00f3 digital (CDC)<\/strong><\/p>\n\n\n\n<p><a href=\"https:\/\/projectes.xtec.cat\/xtcd\/coordinacio-digital-de-centre\/sessions-2023-24\/sessio-1\/\" data-type=\"URL\" data-id=\"https:\/\/projectes.xtec.cat\/xtcd\/coordinacio-digital-de-centre\/sessions-2023-24\/sessio-1\/\">Sessi\u00f3 1<\/a><\/p>\n<\/div>\n<\/div>\n<\/div><\/div>\n\n\n\n<div class=\"inherit-container-width wp-block-group alignfull has-background is-layout-constrained wp-block-group-is-layout-constrained\" style=\"background-color:#ffe4e4\"><div class=\"wp-block-group__inner-container\">\n<div class=\"wp-block-columns is-layout-flex wp-container-core-columns-is-layout-2 wp-block-columns-is-layout-flex\">\n<div class=\"wp-block-column is-layout-flow wp-block-column-is-layout-flow\" style=\"flex-basis:33%\">\n<p class=\"has-medium-font-size\">26.10.23<br>17:30<\/p>\n\n\n\n<p><a href=\"https:\/\/www.youtube.com\/watch?v=E4hVseILqoA\" data-type=\"link\" data-id=\"https:\/\/www.youtube.com\/watch?v=E4hVseILqoA\">Sessi\u00f3 2<\/a><\/p>\n\n\n\n<p>Presentaci\u00f3: <a rel=\"noreferrer noopener\" href=\"https:\/\/docs.google.com\/presentation\/d\/18p9I_E39M2itQ6FwOJ0vGHHfEuLIeRdEuU-8bCPswwA\/edit?usp=sharing\" data-type=\"URL\" target=\"_blank\">Les xarxes socials en els centres educatius<\/a><\/p>\n<\/div>\n\n\n\n<div class=\"wp-block-column is-layout-flow wp-block-column-is-layout-flow\">\n<p><strong><strong>Comissi\u00f3 digital (COMD)<\/strong><\/strong><\/p>\n\n\n\n<p><a href=\"https:\/\/projectes.xtec.cat\/xtcd\/subxarxa-de-la-comissio-digital-de-centre-comd\/sessions-comd-2023-24\/sessio-2\/\" data-type=\"URL\" data-id=\"https:\/\/projectes.xtec.cat\/xtcd\/subxarxa-de-la-comissio-digital-de-centre-comd\/sessions-comd-2023-24\/sessio-2\/\">Sessi\u00f3 2<\/a><\/p>\n<\/div>\n\n\n\n<div class=\"wp-block-column is-layout-flow wp-block-column-is-layout-flow\">\n<p><strong>Coordinaci\u00f3 digital (CDC)<\/strong><\/p>\n\n\n\n<p><a href=\"https:\/\/projectes.xtec.cat\/xtcd\/coordinacio-digital-de-centre\/sessions-2023-24\/sessio-2\/\" data-type=\"URL\" data-id=\"https:\/\/projectes.xtec.cat\/xtcd\/coordinacio-digital-de-centre\/sessions-2023-24\/sessio-2\/\">Sessi\u00f3 2<\/a><\/p>\n<\/div>\n<\/div>\n<\/div><\/div>\n\n\n\n<div class=\"inherit-container-width wp-block-group alignfull has-ast-global-color-5-background-color has-background is-layout-constrained wp-block-group-is-layout-constrained\"><div class=\"wp-block-group__inner-container\">\n<div class=\"wp-block-columns is-layout-flex wp-container-core-columns-is-layout-3 wp-block-columns-is-layout-flex\">\n<div class=\"wp-block-column is-layout-flow wp-block-column-is-layout-flow\" style=\"flex-basis:33%\">\n<p class=\"has-medium-font-size\">25.01.24 <br>17:30<\/p>\n\n\n\n<p><a href=\"https:\/\/www.youtube.com\/watch?v=UGT4lUODb_k\" data-type=\"link\" data-id=\"https:\/\/www.youtube.com\/watch?v=UGT4lUODb_k\">Sessi\u00f3 3<\/a><\/p>\n\n\n\n<p>Presentaci\u00f3: <a href=\"https:\/\/docs.google.com\/presentation\/d\/1JPn_V_W-AwLKkSFk0CYP89WPz4wOFKHM3fd_5SbMudI\/\" data-type=\"link\" data-id=\"https:\/\/docs.google.com\/presentation\/d\/1JPn_V_W-AwLKkSFk0CYP89WPz4wOFKHM3fd_5SbMudI\/\">La intel\u00b7lig\u00e8ncia artificial en l\u2019educaci\u00f3<\/a><\/p>\n<\/div>\n\n\n\n<div class=\"wp-block-column is-layout-flow wp-block-column-is-layout-flow\">\n<p><strong><strong>Comissi\u00f3 digital (COMD)<\/strong><\/strong><\/p>\n\n\n\n<p><a href=\"https:\/\/projectes.xtec.cat\/xtcd\/subxarxa-de-la-comissio-digital-de-centre-comd\/sessions-comd-2023-24\/sessio-3\/\" data-type=\"link\" data-id=\"https:\/\/projectes.xtec.cat\/xtcd\/subxarxa-de-la-comissio-digital-de-centre-comd\/sessions-comd-2023-24\/sessio-3\/\">Sessi\u00f3 3<\/a><\/p>\n<\/div>\n\n\n\n<div class=\"wp-block-column is-layout-flow wp-block-column-is-layout-flow\">\n<p><strong>Coordinaci\u00f3 digital (CDC)<\/strong><\/p>\n\n\n\n<p><a href=\"https:\/\/projectes.xtec.cat\/xtcd\/coordinacio-digital-de-centre\/sessions-2023-24\/sessio-3\/\" data-type=\"link\" data-id=\"https:\/\/projectes.xtec.cat\/xtcd\/coordinacio-digital-de-centre\/sessions-2023-24\/sessio-3\/\">Sessi\u00f3 3<\/a><\/p>\n<\/div>\n<\/div>\n<\/div><\/div>\n\n\n\n<div class=\"inherit-container-width wp-block-group alignfull has-background is-layout-constrained wp-block-group-is-layout-constrained\" style=\"background-color:#ffe4e4\"><div class=\"wp-block-group__inner-container\">\n<div class=\"wp-block-columns is-layout-flex wp-container-core-columns-is-layout-4 wp-block-columns-is-layout-flex\">\n<div class=\"wp-block-column is-layout-flow wp-block-column-is-layout-flow\" style=\"flex-basis:33%\">\n<p class=\"has-medium-font-size\">18.04.24 <br>17:30<\/p>\n\n\n\n<p><a href=\"https:\/\/www.youtube.com\/watch?v=NGzsR29j0LY\" data-type=\"link\" data-id=\"https:\/\/www.youtube.com\/watch?v=NGzsR29j0LY\" target=\"_blank\" rel=\"noreferrer noopener\">Sessi\u00f3 4<\/a><\/p>\n\n\n\n<p><a href=\"https:\/\/docs.google.com\/presentation\/d\/1LqVi7Ng2iWvNsrgjSvL85QI5v8VKE8gX784n9zzDRRI\" data-type=\"link\" data-id=\"https:\/\/docs.google.com\/presentation\/d\/1LqVi7Ng2iWvNsrgjSvL85QI5v8VKE8gX784n9zzDRRI\" target=\"_blank\" rel=\"noreferrer noopener\">Presentaci\u00f3<\/a><\/p>\n<\/div>\n\n\n\n<div class=\"wp-block-column is-layout-flow wp-block-column-is-layout-flow\">\n<p><strong><strong>Comissi\u00f3 digital (COMD)<\/strong><\/strong><\/p>\n\n\n\n<p><a href=\"https:\/\/projectes.xtec.cat\/xtcd\/subxarxa-de-la-comissio-digital-de-centre-comd\/sessions-comd-2023-24\/sessio-4\/\" data-type=\"link\" data-id=\"https:\/\/projectes.xtec.cat\/xtcd\/subxarxa-de-la-comissio-digital-de-centre-comd\/sessions-comd-2023-24\/sessio-4\/\">Sessi\u00f3 4. Identitat digital<\/a><\/p>\n<\/div>\n\n\n\n<div class=\"wp-block-column is-layout-flow wp-block-column-is-layout-flow\">\n<p><strong>Coordinaci\u00f3 digital (CDC)<\/strong><\/p>\n\n\n\n<p><a href=\"https:\/\/projectes.xtec.cat\/xtcd\/coordinacio-digital-de-centre\/sessions-2023-24\/sessio-4\/\" data-type=\"link\" data-id=\"https:\/\/projectes.xtec.cat\/xtcd\/coordinacio-digital-de-centre\/sessions-2023-24\/sessio-4\/\">Sessi\u00f3 4<\/a><\/p>\n<\/div>\n<\/div>\n<\/div><\/div>\n\n\n\n<div class=\"inherit-container-width wp-block-group alignfull has-ast-global-color-5-background-color has-background is-layout-constrained wp-block-group-is-layout-constrained\"><div class=\"wp-block-group__inner-container\">\n<div class=\"wp-block-columns is-layout-flex wp-container-core-columns-is-layout-5 wp-block-columns-is-layout-flex\">\n<div class=\"wp-block-column is-layout-flow wp-block-column-is-layout-flow\" style=\"flex-basis:33%\">\n<p class=\"has-medium-font-size\">06.06.24 <br>17:30<\/p>\n\n\n\n<p><a href=\"https:\/\/www.youtube.com\/watch?v=e5P0U9rbAsE\" data-type=\"link\" data-id=\"https:\/\/www.youtube.com\/watch?v=e5P0U9rbAsE\">Sessi\u00f3 5<\/a><\/p>\n\n\n\n<p><a href=\"https:\/\/docs.google.com\/presentation\/d\/1zC-gu6MaaQPrdULLq4xo4MLNPqCrmBFH1mqj5ZtZnJM\/edit\" data-type=\"link\" data-id=\"https:\/\/docs.google.com\/presentation\/d\/1zC-gu6MaaQPrdULLq4xo4MLNPqCrmBFH1mqj5ZtZnJM\/edit\">Presentaci\u00f3<\/a><\/p>\n<\/div>\n\n\n\n<div class=\"wp-block-column is-layout-flow wp-block-column-is-layout-flow\">\n<p><strong><strong>Comissi\u00f3 digital (COMD)<\/strong><\/strong><\/p>\n\n\n\n<p><a href=\"https:\/\/projectes.xtec.cat\/xtcd\/subxarxa-de-la-comissio-digital-de-centre-comd\/sessions-comd-2023-24\/sessio-5\/\" data-type=\"link\" data-id=\"https:\/\/projectes.xtec.cat\/xtcd\/subxarxa-de-la-comissio-digital-de-centre-comd\/sessions-comd-2023-24\/sessio-5\/\">Sessi\u00f3 5. La rob\u00f2tica a les aules<\/a><\/p>\n<\/div>\n\n\n\n<div class=\"wp-block-column is-layout-flow wp-block-column-is-layout-flow\">\n<p><strong>Coordinaci\u00f3 digital (CDC)<\/strong><\/p>\n\n\n\n<p><a href=\"https:\/\/projectes.xtec.cat\/xtcd\/coordinacio-digital-de-centre\/sessions-2023-24\/sessio-5\/\" data-type=\"link\" data-id=\"https:\/\/projectes.xtec.cat\/xtcd\/coordinacio-digital-de-centre\/sessions-2023-24\/sessio-5\/\">Sessi\u00f3 5<\/a><\/p>\n<\/div>\n<\/div>\n<\/div><\/div>\n","protected":false},"excerpt":{"rendered":"<p>Es fusiona la subxarxa de Compet\u00e8ncia Digital Docent i la subxarxa d&#8217;Estrat\u00e8gia Digital en una sola subxarxa de Comissi\u00f3 Digital de centre. Es mantenen els tres grans objectius: la capacitaci\u00f3 de la compet\u00e8ncia digital docent, el seguiment i millora de l&#8217;Estrat\u00e8gia digital a cada centre i el suport a les coordinacions digitals dels centres. 21.09.23 [&hellip;]<\/p>\n","protected":false},"author":1,"featured_media":0,"parent":0,"menu_order":0,"comment_status":"closed","ping_status":"close","template":"","meta":{"site-sidebar-layout":"no-sidebar","site-content-layout":"plain-container","ast-site-content-layout":"normal-width-container","site-content-style":"unboxed","site-sidebar-style":"unboxed","ast-global-header-display":"","ast-banner-title-visibility":"","ast-main-header-display":"","ast-hfb-above-header-display":"","ast-hfb-below-header-display":"","ast-hfb-mobile-header-display":"","site-post-title":"","ast-breadcrumbs-content":"","ast-featured-img":"","footer-sml-layout":"","theme-transparent-header-meta":"","adv-header-id-meta":"","stick-header-meta":"","header-above-stick-meta":"","header-main-stick-meta":"","header-below-stick-meta":"","astra-migrate-meta-layouts":"set","ast-page-background-enabled":"default","ast-page-background-meta":{"desktop":{"background-color":"","background-image":"","background-repeat":"repeat","background-position":"center center","background-size":"auto","background-attachment":"scroll","background-type":"","background-media":"","overlay-type":"","overlay-color":"","overlay-opacity":"","overlay-gradient":""},"tablet":{"background-color":"","background-image":"","background-repeat":"repeat","background-position":"center center","background-size":"auto","background-attachment":"scroll","background-type":"","background-media":"","overlay-type":"","overlay-color":"","overlay-opacity":"","overlay-gradient":""},"mobile":{"background-color":"","background-image":"","background-repeat":"repeat","background-position":"center center","background-size":"auto","background-attachment":"scroll","background-type":"","background-media":"","overlay-type":"","overlay-color":"","overlay-opacity":"","overlay-gradient":""}},"ast-content-background-meta":{"desktop":{"background-color":"var(--ast-global-color-5)","background-image":"","background-repeat":"repeat","background-position":"center center","background-size":"auto","background-attachment":"scroll","background-type":"","background-media":"","overlay-type":"","overlay-color":"","overlay-opacity":"","overlay-gradient":""},"tablet":{"background-color":"var(--ast-global-color-5)","background-image":"","background-repeat":"repeat","background-position":"center center","background-size":"auto","background-attachment":"scroll","background-type":"","background-media":"","overlay-type":"","overlay-color":"","overlay-opacity":"","overlay-gradient":""},"mobile":{"background-color":"var(--ast-global-color-5)","background-image":"","background-repeat":"repeat","background-position":"center center","background-size":"auto","background-attachment":"scroll","background-type":"","background-media":"","overlay-type":"","overlay-color":"","overlay-opacity":"","overlay-gradient":""}},"footnotes":""},"class_list":["post-12455","page","type-page","status-publish","hentry"],"_links":{"self":[{"href":"https:\/\/projectes.xtec.cat\/xtcd\/wp-json\/wp\/v2\/pages\/12455","targetHints":{"allow":["GET"]}}],"collection":[{"href":"https:\/\/projectes.xtec.cat\/xtcd\/wp-json\/wp\/v2\/pages"}],"about":[{"href":"https:\/\/projectes.xtec.cat\/xtcd\/wp-json\/wp\/v2\/types\/page"}],"author":[{"embeddable":true,"href":"https:\/\/projectes.xtec.cat\/xtcd\/wp-json\/wp\/v2\/users\/1"}],"replies":[{"embeddable":true,"href":"https:\/\/projectes.xtec.cat\/xtcd\/wp-json\/wp\/v2\/comments?post=12455"}],"version-history":[{"count":6,"href":"https:\/\/projectes.xtec.cat\/xtcd\/wp-json\/wp\/v2\/pages\/12455\/revisions"}],"predecessor-version":[{"id":13443,"href":"https:\/\/projectes.xtec.cat\/xtcd\/wp-json\/wp\/v2\/pages\/12455\/revisions\/13443"}],"wp:attachment":[{"href":"https:\/\/projectes.xtec.cat\/xtcd\/wp-json\/wp\/v2\/media?parent=12455"}],"curies":[{"name":"wp","href":"https:\/\/api.w.org\/{rel}","templated":true}]}}