{"id":12940,"date":"2024-01-11T07:54:54","date_gmt":"2024-01-11T06:54:54","guid":{"rendered":"https:\/\/projectes.xtec.cat\/xtcd\/?page_id=12940"},"modified":"2024-06-03T10:06:27","modified_gmt":"2024-06-03T08:06:27","slug":"sessio-3","status":"publish","type":"page","link":"https:\/\/projectes.xtec.cat\/xtcd\/coordinacio-digital-de-centre\/sessions-2023-24\/sessio-3\/","title":{"rendered":"Sessi\u00f3 3"},"content":{"rendered":"\n<div class=\"wp-block-getwid-section alignfull alignfull\"><div class=\"wp-block-getwid-section__wrapper\"><div class=\"wp-block-getwid-section__inner-wrapper\"><div class=\"wp-block-getwid-section__background-holder\"><div class=\"wp-block-getwid-section__background\"><\/div><div class=\"wp-block-getwid-section__foreground\"><\/div><\/div><div class=\"wp-block-getwid-section__content\"><div class=\"wp-block-getwid-section__inner-content\">\n<div class=\"wp-block-columns alignwide is-layout-flex wp-container-core-columns-is-layout-2 wp-block-columns-is-layout-flex\">\n<div class=\"wp-block-column is-layout-flow wp-block-column-is-layout-flow\" style=\"flex-basis:40%\">\n<h3 class=\"wp-block-heading\">Data<\/h3>\n\n\n\n<p>25 de gener de 2024, 18:00 h<\/p>\n\n\n\n<div style=\"height:14px\" aria-hidden=\"true\" class=\"wp-block-spacer\"><\/div>\n\n\n\n<h3 class=\"wp-block-heading\">Descripci\u00f3<\/h3>\n\n\n\n<p>En aquesta sessi\u00f3 es donaran informacions sobre<\/p>\n\n\n\n<ul class=\"wp-block-list\">\n<li>Desplegaments actius (panells, rob\u00f2tica, maletes audiovisuals, aules vivencials)<\/li>\n\n\n\n<li>Ajustos en el servei preventiu<\/li>\n\n\n\n<li>Informaci\u00f3 de servei<\/li>\n\n\n\n<li>Quota d&#8217;emmagatzematge XTEC<\/li>\n\n\n\n<li>Activaci\u00f3 de Microsoft 365<\/li>\n\n\n\n<li>Nodes: extensi\u00f3 d&#8217;estad\u00edstiques i traducci\u00f3 autom\u00e0tica<\/li>\n\n\n\n<li>Nous grups a Nus (Secretaria, Infantil, Matem\u00e0tiques, Hist\u00f2ria de l&#8217;art)<\/li>\n\n\n\n<li>Repositori de recursos de la coordinaci\u00f3 digital (artefactes)<\/li>\n\n\n\n<li>Preguntes i respostes<\/li>\n<\/ul>\n\n\n\n<h3 class=\"wp-block-heading\">Participen<\/h3>\n\n\n\n<ul class=\"wp-block-list\">\n<li>Xavier Meler (\u00c0rea de Cultura Digital)<\/li>\n\n\n\n<li>Joan de Gr\u00e0cia (\u00c0rea de Cultura Digital)<\/li>\n\n\n\n<li>Jordi Moner (\u00c0rea de Cultura Digital)<\/li>\n<\/ul>\n<\/div>\n\n\n\n<div class=\"wp-block-column is-layout-flow wp-block-column-is-layout-flow\">\n<div style=\"height:30px\" aria-hidden=\"true\" class=\"wp-block-spacer\"><\/div>\n\n\n<div class=\"h5p-iframe-wrapper\"><iframe id=\"h5p-iframe-60\" class=\"h5p-iframe\" data-content-id=\"60\" style=\"height:1px\" src=\"about:blank\" frameBorder=\"0\" scrolling=\"no\" title=\"XT-CDC - 2324 Sessi\u00f3 3\"><\/iframe><\/div>\n\n\n\n<div style=\"height:30px\" aria-hidden=\"true\" class=\"wp-block-spacer\"><\/div>\n\n\n\n<div class=\"wp-block-columns is-layout-flex wp-container-core-columns-is-layout-1 wp-block-columns-is-layout-flex\">\n<div class=\"wp-block-column is-vertically-aligned-center is-layout-flow wp-block-column-is-layout-flow\" style=\"flex-basis:30%\">\n<div class=\"wp-block-buttons is-layout-flex wp-block-buttons-is-layout-flex\">\n<div class=\"wp-block-button is-style-outline is-style-outline--1\"><a class=\"wp-block-button__link wp-element-button\" href=\"https:\/\/comunitat.edigital.cat\/c\/coordinacio-digital\/sessio-presentacio-sub-cdc\/147\" target=\"_blank\" rel=\"noreferrer noopener\">XAT<\/a><\/div>\n<\/div>\n<\/div>\n\n\n\n<div class=\"wp-block-column is-vertically-aligned-center is-layout-flow wp-block-column-is-layout-flow\">\n<div class=\"wp-block-buttons is-layout-flex wp-block-buttons-is-layout-flex\">\n<div class=\"wp-block-button is-style-outline is-style-outline--2\"><a class=\"wp-block-button__link wp-element-button\" href=\"https:\/\/docs.google.com\/forms\/d\/e\/1FAIpQLScv2UR-MZ6HpPTHWaCxu3DCr_4ni5YGJDCxtd9rdiFip6iyQQ\/viewform\" target=\"_blank\" rel=\"noreferrer noopener\">Formulari d&#8217;assist\u00e8ncia i valoraci\u00f3 <\/a><\/div>\n<\/div>\n<\/div>\n<\/div>\n<\/div>\n<\/div>\n\n\n\n<div style=\"height:80px\" aria-hidden=\"true\" class=\"wp-block-spacer\"><\/div>\n<\/div><\/div><\/div><\/div><\/div>\n\n\n\n<div class=\"wp-block-getwid-section alignfull alignfull\"><div class=\"wp-block-getwid-section__wrapper\"><div class=\"wp-block-getwid-section__inner-wrapper\"><div class=\"wp-block-getwid-section__background-holder\"><div class=\"wp-block-getwid-section__background has-background has-ast-global-color-4-background-color\"><\/div><div class=\"wp-block-getwid-section__foreground\"><\/div><\/div><div class=\"wp-block-getwid-section__content\"><div class=\"wp-block-getwid-section__inner-content\">\n<div style=\"height:50px\" aria-hidden=\"true\" class=\"wp-block-spacer\"><\/div>\n\n\n\n<div class=\"wp-block-columns is-layout-flex wp-container-core-columns-is-layout-3 wp-block-columns-is-layout-flex\">\n<div class=\"wp-block-column is-layout-flow wp-block-column-is-layout-flow\">\n<h3 class=\"wp-block-heading\">Recursos<\/h3>\n\n\n\n<ul class=\"wp-block-list\">\n<li>Presentaci\u00f3 (<a rel=\"noreferrer noopener\" href=\"https:\/\/docs.google.com\/presentation\/d\/e\/2PACX-1vSJkpacpynUajMFIJqZ4zJvtAs6ovzuVheQrWyepws0xKR5jFhL4qd3AHnL6lHX7D2XUWzJj6O32LOr\/pub?start=false&amp;loop=false&amp;delayms=3000\" target=\"_blank\">web<\/a> | <a href=\"https:\/\/projectes.xtec.cat\/xtcd\/wp-content\/uploads\/usu1403\/2024\/05\/XTCD-CDC-Sessio-3-25.01.24.pdf\" data-type=\"link\" data-id=\"https:\/\/projectes.xtec.cat\/xtcd\/wp-content\/uploads\/usu1403\/2024\/05\/XTCD-CDC-Sessio-3-25.01.24.pdf\">PDF<\/a>)<\/li>\n\n\n\n<li><a href=\"https:\/\/projectes.xtec.cat\/xtcd\/coordinacio-digital-de-centre\/recursos-artefacte\/\" data-type=\"link\" data-id=\"https:\/\/projectes.xtec.cat\/xtcd\/coordinacio-digital-de-centre\/recursos-artefacte\/\">Repositori d&#8217;artefactes per a la Coordinaci\u00f3 digital<\/a><\/li>\n<\/ul>\n<\/div>\n\n\n\n<div class=\"wp-block-column is-layout-flow wp-block-column-is-layout-flow\">\n<h3 class=\"wp-block-heading\">Seminaris territorials associats<\/h3>\n\n\n\n<ul class=\"wp-block-list\">\n<li>Consulteu amb <a href=\"https:\/\/serveiseducatius.xtec.cat\/se-index\/\" data-type=\"URL\" data-id=\"https:\/\/serveiseducatius.xtec.cat\/se-index\/\" target=\"_blank\" rel=\"noreferrer noopener\">el vostre CRP<\/a> la data del seminari territorial associat.<\/li>\n<\/ul>\n<\/div>\n\n\n\n<div class=\"wp-block-column is-layout-flow wp-block-column-is-layout-flow\">\n<h3 class=\"wp-block-heading\">Participaci\u00f3 en el Nus<\/h3>\n\n\n\n<p>Us animem a participar en el Nus, comunitat virtual on&nbsp;<a rel=\"noreferrer noopener\" href=\"https:\/\/comunitat.edigital.cat\/c\/coordinacio-digital\/105\" target=\"_blank\">Coordinadors i coordinadores digitals<\/a>&nbsp;comparteixen experi\u00e8ncies, problemes i solucions.<\/p>\n<\/div>\n<\/div>\n\n\n\n<div style=\"height:50px\" aria-hidden=\"true\" class=\"wp-block-spacer\"><\/div>\n<\/div><\/div><\/div><\/div><\/div>\n","protected":false},"excerpt":{"rendered":"","protected":false},"author":1,"featured_media":0,"parent":12544,"menu_order":0,"comment_status":"closed","ping_status":"close","template":"","meta":{"site-sidebar-layout":"no-sidebar","site-content-layout":"page-builder","ast-site-content-layout":"full-width-container","site-content-style":"unboxed","site-sidebar-style":"unboxed","ast-global-header-display":"","ast-banner-title-visibility":"","ast-main-header-display":"","ast-hfb-above-header-display":"","ast-hfb-below-header-display":"","ast-hfb-mobile-header-display":"","site-post-title":"","ast-breadcrumbs-content":"","ast-featured-img":"","footer-sml-layout":"","theme-transparent-header-meta":"","adv-header-id-meta":"","stick-header-meta":"","header-above-stick-meta":"","header-main-stick-meta":"","header-below-stick-meta":"","astra-migrate-meta-layouts":"set","ast-page-background-enabled":"default","ast-page-background-meta":{"desktop":{"background-color":"","background-image":"","background-repeat":"repeat","background-position":"center center","background-size":"auto","background-attachment":"scroll","background-type":"","background-media":"","overlay-type":"","overlay-color":"","overlay-opacity":"","overlay-gradient":""},"tablet":{"background-color":"","background-image":"","background-repeat":"repeat","background-position":"center center","background-size":"auto","background-attachment":"scroll","background-type":"","background-media":"","overlay-type":"","overlay-color":"","overlay-opacity":"","overlay-gradient":""},"mobile":{"background-color":"","background-image":"","background-repeat":"repeat","background-position":"center center","background-size":"auto","background-attachment":"scroll","background-type":"","background-media":"","overlay-type":"","overlay-color":"","overlay-opacity":"","overlay-gradient":""}},"ast-content-background-meta":{"desktop":{"background-color":"var(--ast-global-color-5)","background-image":"","background-repeat":"repeat","background-position":"center center","background-size":"auto","background-attachment":"scroll","background-type":"","background-media":"","overlay-type":"","overlay-color":"","overlay-opacity":"","overlay-gradient":""},"tablet":{"background-color":"var(--ast-global-color-5)","background-image":"","background-repeat":"repeat","background-position":"center center","background-size":"auto","background-attachment":"scroll","background-type":"","background-media":"","overlay-type":"","overlay-color":"","overlay-opacity":"","overlay-gradient":""},"mobile":{"background-color":"var(--ast-global-color-5)","background-image":"","background-repeat":"repeat","background-position":"center center","background-size":"auto","background-attachment":"scroll","background-type":"","background-media":"","overlay-type":"","overlay-color":"","overlay-opacity":"","overlay-gradient":""}},"footnotes":""},"class_list":["post-12940","page","type-page","status-publish","hentry"],"_links":{"self":[{"href":"https:\/\/projectes.xtec.cat\/xtcd\/wp-json\/wp\/v2\/pages\/12940","targetHints":{"allow":["GET"]}}],"collection":[{"href":"https:\/\/projectes.xtec.cat\/xtcd\/wp-json\/wp\/v2\/pages"}],"about":[{"href":"https:\/\/projectes.xtec.cat\/xtcd\/wp-json\/wp\/v2\/types\/page"}],"author":[{"embeddable":true,"href":"https:\/\/projectes.xtec.cat\/xtcd\/wp-json\/wp\/v2\/users\/1"}],"replies":[{"embeddable":true,"href":"https:\/\/projectes.xtec.cat\/xtcd\/wp-json\/wp\/v2\/comments?post=12940"}],"version-history":[{"count":6,"href":"https:\/\/projectes.xtec.cat\/xtcd\/wp-json\/wp\/v2\/pages\/12940\/revisions"}],"predecessor-version":[{"id":13354,"href":"https:\/\/projectes.xtec.cat\/xtcd\/wp-json\/wp\/v2\/pages\/12940\/revisions\/13354"}],"up":[{"embeddable":true,"href":"https:\/\/projectes.xtec.cat\/xtcd\/wp-json\/wp\/v2\/pages\/12544"}],"wp:attachment":[{"href":"https:\/\/projectes.xtec.cat\/xtcd\/wp-json\/wp\/v2\/media?parent=12940"}],"curies":[{"name":"wp","href":"https:\/\/api.w.org\/{rel}","templated":true}]}}