{"id":797,"date":"2015-11-28T21:06:57","date_gmt":"2015-11-28T20:06:57","guid":{"rendered":"http:\/\/projectes.xtec.cat\/xtcd\/?page_id=797"},"modified":"2021-09-11T15:27:39","modified_gmt":"2021-09-11T13:27:39","slug":"presentacio","status":"publish","type":"page","link":"https:\/\/projectes.xtec.cat\/xtcd\/presentacio\/","title":{"rendered":"Presentaci\u00f3"},"content":{"rendered":"<p style=\"text-align: center;\"><video style=\"display: block; margin-left: auto; margin-right: auto;\" poster=\"http:\/\/www.gencat.cat\/big\/img\/544\/BIG_5448003511102119_00.jpg\" controls=\"controls\" width=\"640\" height=\"360\" data-mce-fragment=\"1\"><span data-mce-type=\"bookmark\" style=\"display: inline-block; width: 0px; overflow: hidden; line-height: 0;\" class=\"mce_SELRES_start\">\ufeff<\/span><span data-mce-type=\"bookmark\" style=\"display: inline-block; width: 0px; overflow: hidden; line-height: 0;\" class=\"mce_SELRES_start\">\ufeff<\/span><br \/>\n<span data-mce-type=\"bookmark\" style=\"display: inline-block; width: 0px; overflow: hidden; line-height: 0;\" class=\"mce_SELRES_start\">\ufeff<\/span><source src=\"http:\/\/cdn.s2.eu.nice264.com\/\/converted_work11\/4\/2\/42b7aa2f4ec38f5a04ce\/42b7aa2f4ec38f5a04ce_f34bd39fc22345ff4a6b8ddacc0606b9.mp4\" type=\"video\/mp4\" \/><span data-mce-type=\"bookmark\" style=\"display: inline-block; width: 0px; overflow: hidden; line-height: 0;\" class=\"mce_SELRES_end\">\ufeff<\/span><br \/>\nEl teu navegador no soporta l&#8217;etiqueta &#8220;VIDEO&#8221;. Et recomanem actualitzar-lo.<\/video><a href=\"http:\/\/cdn.s2.eu.nice264.com\/\/converted_work11\/4\/2\/42b7aa2f4ec38f5a04ce\/42b7aa2f4ec38f5a04ce_f34bd39fc22345ff4a6b8ddacc0606b9.mp4\">enlla\u00e7 al v\u00eddeo<\/a><\/p>\n<p>&nbsp;<\/p>\n<p>La Xarxa Territorial de Cultura Digital &#8211; #XTCD &#8211; \u00e9s el punt de trobada de les accions per a la transformaci\u00f3 digital dels centres educatius de Catalunya, treballant en xarxa per a construir coneixement i millorar la compet\u00e8ncia digital d\u2019alumnat, docents i centres . Una proposta oberta per a tot el professorat per facilitar suport i recursos als centres. Compta amb espais digitals per afavorir la reflexi\u00f3 i compartir coneixement.<\/p>\n<p>Aquest curs la <strong>participaci\u00f3 a la XTCD \u00e9s oberta a tot el professorat<\/strong> interessat a compartir experi\u00e8ncies en cultura digital a l&#8217;aula.<\/p>\n<div>\n<h6><\/h6>\n<h6><strong>Estructura general i temes<\/strong><\/h6>\n<p>Els Seminaris de la Xarxa Territorial de Cultura Digital s\u2019estructuren en 5 sessions, segons s\u2019indica a la imatge seg\u00fcent:<\/p>\n<p><a href=\"https:\/\/projectes.xtec.cat\/xtcd\/wp-content\/uploads\/usu1403\/2020\/08\/Captura-de-pantalla-2020-08-27-a-las-12.36.13.png\"><img loading=\"lazy\" decoding=\"async\" class=\"wp-image-8690 size-full aligncenter\" src=\"https:\/\/projectes.xtec.cat\/xtcd\/wp-content\/uploads\/usu1403\/2020\/08\/Captura-de-pantalla-2020-08-27-a-las-12.36.13.png\" alt=\"\" width=\"792\" height=\"396\" srcset=\"https:\/\/projectes.xtec.cat\/xtcd\/wp-content\/uploads\/usu1403\/2020\/08\/Captura-de-pantalla-2020-08-27-a-las-12.36.13.png 792w, https:\/\/projectes.xtec.cat\/xtcd\/wp-content\/uploads\/usu1403\/2020\/08\/Captura-de-pantalla-2020-08-27-a-las-12.36.13-300x150.png 300w, https:\/\/projectes.xtec.cat\/xtcd\/wp-content\/uploads\/usu1403\/2020\/08\/Captura-de-pantalla-2020-08-27-a-las-12.36.13-768x384.png 768w\" sizes=\"auto, (max-width: 792px) 100vw, 792px\" \/><\/a><\/p>\n<\/div>\n<div>\n<p>&nbsp;<\/p>\n<h6><b>Estructura d\u2019una sessi\u00f3<\/b><\/h6>\n<p><span style=\"font-weight: 400;\">Cadascuna de les 5 sessions s\u2019estructura tal com es mostra a la imatge:<\/span><\/p>\n<p><a href=\"https:\/\/projectes.xtec.cat\/xtcd\/wp-content\/uploads\/usu1403\/2020\/08\/Captura-de-pantalla-2020-08-27-a-las-12.36.45.png\"><img loading=\"lazy\" decoding=\"async\" class=\"size-full wp-image-8691 aligncenter\" src=\"https:\/\/projectes.xtec.cat\/xtcd\/wp-content\/uploads\/usu1403\/2020\/08\/Captura-de-pantalla-2020-08-27-a-las-12.36.45.png\" alt=\"\" width=\"788\" height=\"434\" srcset=\"https:\/\/projectes.xtec.cat\/xtcd\/wp-content\/uploads\/usu1403\/2020\/08\/Captura-de-pantalla-2020-08-27-a-las-12.36.45.png 788w, https:\/\/projectes.xtec.cat\/xtcd\/wp-content\/uploads\/usu1403\/2020\/08\/Captura-de-pantalla-2020-08-27-a-las-12.36.45-300x165.png 300w, https:\/\/projectes.xtec.cat\/xtcd\/wp-content\/uploads\/usu1403\/2020\/08\/Captura-de-pantalla-2020-08-27-a-las-12.36.45-768x423.png 768w\" sizes=\"auto, (max-width: 788px) 100vw, 788px\" \/><\/a><\/p>\n<\/div>\n<div><\/div>\n<div><\/div>\n<div>\n<p>&nbsp;<\/p>\n<\/div>\n","protected":false},"excerpt":{"rendered":"<p>\ufeff\ufeff \ufeff\ufeff El teu navegador no soporta l&#8217;etiqueta &#8220;VIDEO&#8221;. Et recomanem actualitzar-lo.enlla\u00e7 al v\u00eddeo &nbsp; La Xarxa Territorial de Cultura Digital &#8211; #XTCD &#8211; \u00e9s el punt de trobada de les accions per a la transformaci\u00f3 digital dels centres educatius de Catalunya, treballant en xarxa per a construir coneixement i millorar la compet\u00e8ncia digital d\u2019alumnat, [&hellip;]<\/p>\n","protected":false},"author":1,"featured_media":0,"parent":0,"menu_order":10,"comment_status":"closed","ping_status":"closed","template":"","meta":{"site-sidebar-layout":"default","site-content-layout":"","ast-site-content-layout":"","site-content-style":"default","site-sidebar-style":"default","ast-global-header-display":"","ast-banner-title-visibility":"","ast-main-header-display":"","ast-hfb-above-header-display":"","ast-hfb-below-header-display":"","ast-hfb-mobile-header-display":"","site-post-title":"","ast-breadcrumbs-content":"","ast-featured-img":"","footer-sml-layout":"","theme-transparent-header-meta":"","adv-header-id-meta":"","stick-header-meta":"","header-above-stick-meta":"","header-main-stick-meta":"","header-below-stick-meta":"","astra-migrate-meta-layouts":"default","ast-page-background-enabled":"default","ast-page-background-meta":{"desktop":{"background-color":"","background-image":"","background-repeat":"repeat","background-position":"center center","background-size":"auto","background-attachment":"scroll","background-type":"","background-media":"","overlay-type":"","overlay-color":"","overlay-opacity":"","overlay-gradient":""},"tablet":{"background-color":"","background-image":"","background-repeat":"repeat","background-position":"center center","background-size":"auto","background-attachment":"scroll","background-type":"","background-media":"","overlay-type":"","overlay-color":"","overlay-opacity":"","overlay-gradient":""},"mobile":{"background-color":"","background-image":"","background-repeat":"repeat","background-position":"center center","background-size":"auto","background-attachment":"scroll","background-type":"","background-media":"","overlay-type":"","overlay-color":"","overlay-opacity":"","overlay-gradient":""}},"ast-content-background-meta":{"desktop":{"background-color":"var(--ast-global-color-5)","background-image":"","background-repeat":"repeat","background-position":"center center","background-size":"auto","background-attachment":"scroll","background-type":"","background-media":"","overlay-type":"","overlay-color":"","overlay-opacity":"","overlay-gradient":""},"tablet":{"background-color":"var(--ast-global-color-5)","background-image":"","background-repeat":"repeat","background-position":"center center","background-size":"auto","background-attachment":"scroll","background-type":"","background-media":"","overlay-type":"","overlay-color":"","overlay-opacity":"","overlay-gradient":""},"mobile":{"background-color":"var(--ast-global-color-5)","background-image":"","background-repeat":"repeat","background-position":"center center","background-size":"auto","background-attachment":"scroll","background-type":"","background-media":"","overlay-type":"","overlay-color":"","overlay-opacity":"","overlay-gradient":""}},"footnotes":""},"class_list":["post-797","page","type-page","status-publish","hentry"],"_links":{"self":[{"href":"https:\/\/projectes.xtec.cat\/xtcd\/wp-json\/wp\/v2\/pages\/797","targetHints":{"allow":["GET"]}}],"collection":[{"href":"https:\/\/projectes.xtec.cat\/xtcd\/wp-json\/wp\/v2\/pages"}],"about":[{"href":"https:\/\/projectes.xtec.cat\/xtcd\/wp-json\/wp\/v2\/types\/page"}],"author":[{"embeddable":true,"href":"https:\/\/projectes.xtec.cat\/xtcd\/wp-json\/wp\/v2\/users\/1"}],"replies":[{"embeddable":true,"href":"https:\/\/projectes.xtec.cat\/xtcd\/wp-json\/wp\/v2\/comments?post=797"}],"version-history":[{"count":3,"href":"https:\/\/projectes.xtec.cat\/xtcd\/wp-json\/wp\/v2\/pages\/797\/revisions"}],"predecessor-version":[{"id":8704,"href":"https:\/\/projectes.xtec.cat\/xtcd\/wp-json\/wp\/v2\/pages\/797\/revisions\/8704"}],"wp:attachment":[{"href":"https:\/\/projectes.xtec.cat\/xtcd\/wp-json\/wp\/v2\/media?parent=797"}],"curies":[{"name":"wp","href":"https:\/\/api.w.org\/{rel}","templated":true}]}}