{"id":8416,"date":"2019-11-10T22:35:54","date_gmt":"2019-11-10T21:35:54","guid":{"rendered":"https:\/\/projectes.xtec.cat\/xtcd\/?page_id=8416"},"modified":"2021-09-12T07:36:26","modified_gmt":"2021-09-12T05:36:26","slug":"s2-segona-part-capsula-i-tema-central","status":"publish","type":"page","link":"https:\/\/projectes.xtec.cat\/xtcd\/sessions-2019-20\/sessio-2\/s2-segona-part-capsula-i-tema-central\/","title":{"rendered":"S2. Segona part &#8211; C\u00e0psula i Tema Central"},"content":{"rendered":"<h3>Gui\u00f3 de la segona sessi\u00f3. Segona part<\/h3>\n<table style=\"border-style: hidden; border: 0;\">\n<tbody>\n<tr style=\"border-style: hidden;\">\n<td style=\"width: 102px; border-style: hidden;\"><a href=\"https:\/\/projectes.xtec.cat\/xtcd\/wp-content\/uploads\/usu1403\/2019\/10\/icons8-time-machine-100.png\"><img loading=\"lazy\" decoding=\"async\" class=\"alignnone wp-image-8358\" src=\"https:\/\/projectes.xtec.cat\/xtcd\/wp-content\/uploads\/usu1403\/2019\/10\/icons8-time-machine-100.png\" alt=\"\" width=\"67\" height=\"68\" \/><\/a><\/td>\n<td style=\"width: 1205px;\"><strong><span style=\"font-size: 16px;\">Duraci\u00f3: 40&#8242;<\/span><\/strong><\/td>\n<\/tr>\n<\/tbody>\n<\/table>\n<p>&nbsp;<\/p>\n<h4 style=\"padding-left: 40px;\">C\u00e0psula &#8211; 10&#8242;<\/h4>\n<h4 style=\"padding-left: 40px;\"><strong><span style=\"font-weight: 400;\">Sobre <strong>protecci\u00f3 dades, seguretat i propietat intelectual<\/strong><\/span><\/strong><\/h4>\n<p style=\"padding-left: 40px;\"><a href=\"https:\/\/projectes.xtec.cat\/xtcd\/wp-content\/uploads\/usu1403\/2019\/11\/odissea-protecci\u00f3.png\"><img loading=\"lazy\" decoding=\"async\" class=\"aligncenter wp-image-8425 size-full\" src=\"https:\/\/projectes.xtec.cat\/xtcd\/wp-content\/uploads\/usu1403\/2019\/11\/odissea-protecci\u00f3.png\" alt=\"\" width=\"788\" height=\"193\" \/><\/a><\/p>\n<p style=\"padding-left: 40px;\"><a href=\"https:\/\/projectes.xtec.cat\/xtcd\/wp-content\/uploads\/usu1403\/2019\/11\/capsula-seguretat.png\"><img loading=\"lazy\" decoding=\"async\" class=\"aligncenter size-full wp-image-8504\" src=\"https:\/\/projectes.xtec.cat\/xtcd\/wp-content\/uploads\/usu1403\/2019\/11\/capsula-seguretat.png\" alt=\"\" width=\"1099\" height=\"212\" srcset=\"https:\/\/projectes.xtec.cat\/xtcd\/wp-content\/uploads\/usu1403\/2019\/11\/capsula-seguretat.png 1099w, https:\/\/projectes.xtec.cat\/xtcd\/wp-content\/uploads\/usu1403\/2019\/11\/capsula-seguretat-300x58.png 300w, https:\/\/projectes.xtec.cat\/xtcd\/wp-content\/uploads\/usu1403\/2019\/11\/capsula-seguretat-768x148.png 768w, https:\/\/projectes.xtec.cat\/xtcd\/wp-content\/uploads\/usu1403\/2019\/11\/capsula-seguretat-1024x198.png 1024w\" sizes=\"auto, (max-width: 1099px) 100vw, 1099px\" \/><\/a><\/p>\n<p style=\"padding-left: 40px;\">Aquesta c\u00e0psula cont\u00e9 informaci\u00f3 respecte seguretat i identitat digital a la xarxa, relacionat sobretot amb les oportunitats i riscos que es poden trobar els menors i els joves, en l&#8217;\u00fas quotidi\u00e0 de la tecnologia.<\/p>\n<p style=\"padding-left: 40px;\">L\u2019\u00fas habitual de la tecnologia i de la xarxa implica, com a professionals de l&#8217;educaci\u00f3, con\u00e8ixer i considerar q\u00fcestions de seguretat i d\u2019identitat digital. La xarxa com a espai ple d&#8217;oportunitats per a tothom, adults i menors, tamb\u00e9 comporta alguns riscos. \u00c9s important tenir en compte el que exposa la compet\u00e8ncia digital, tant de prim\u00e0ria com de secund\u00e0ria, al respecte.<\/p>\n<p style=\"padding-left: 40px;\">Feu una lectura dels materials, tenint en compte els enlla\u00e7os que hi ha a les diferents p\u00e0gines. \u00c9s molt important que tingueu en compte els enlla\u00e7os que es donen, ja que us han de servir per a tota la vostra pr\u00e0ctica docent.<\/p>\n<p style=\"padding-left: 40px;\">Un cop feta la lectura, heu de <strong>fer el q\u00fcestionari<\/strong> que teniu com a activitat.<\/p>\n<blockquote>\n<p style=\"padding-left: 40px;\">Per fer aquesta activitat, accediu a l&#8217;<a href=\"https:\/\/odissea.xtec.cat\/course\/view.php?id=58902\" target=\"_blank\" rel=\"noopener noreferrer\"><strong>Aula d&#8217;Autoaprenentatge a Odissea<\/strong><\/a> amb usuari XTEC.<\/p>\n<\/blockquote>\n<p>&nbsp;<\/p>\n<hr \/>\n<p>&nbsp;<\/p>\n<h4 style=\"padding-left: 40px;\"><span style=\"font-weight: 400;\">Exposici\u00f3 i treball al voltant del tema central &#8211; 30&#8242;<br \/>\n&#8220;<strong>Aplicaci\u00f3 de les tecnologies digitals a les Lleng\u00fces<\/strong>&#8220;<\/span><\/h4>\n<p>&nbsp;<\/p>\n<p style=\"padding-left: 80px;\">La seg\u00fcent presentaci\u00f3 us presenta tot un seguit d&#8217;aplicacion seleccionades per:<\/p>\n<ul>\n<li style=\"list-style-type: none;\">\n<ul>\n<li style=\"list-style-type: none;\">\n<ul>\n<li style=\"list-style-type: none;\">\n<ul>\n<li style=\"list-style-type: none;\">\n<ul>\n<li style=\"list-style-type: none;\">\n<ul>\n<li>Enriquir projectes<\/li>\n<li>Treballar la narrativa: \u00e0udio, multim\u00e8dia<\/li>\n<li>Crear narrativa, altres recursos<\/li>\n<li>Avaluar<\/li>\n<\/ul>\n<\/li>\n<\/ul>\n<\/li>\n<\/ul>\n<\/li>\n<\/ul>\n<\/li>\n<\/ul>\n<\/li>\n<\/ul>\n<p style=\"text-align: center;\"><iframe loading=\"lazy\" src=\"https:\/\/docs.google.com\/presentation\/d\/e\/2PACX-1vSrBoxabTw0sJFsLV2oMHvsL0Rc6ur9nBxyIzieex5TPkfmj1AVlDiTtVIJbT2FdDBmQRkzef5lNNAk\/embed?start=false&amp;loop=false&amp;delayms=3000\" width=\"480\" height=\"329\" frameborder=\"0\" allowfullscreen=\"allowfullscreen\"><\/iframe><\/p>\n<p style=\"padding-left: 80px;\">Disposeu de m\u00e9s informaci\u00f3 a:<\/p>\n<ul>\n<li style=\"list-style-type: none;\">\n<ul>\n<li style=\"list-style-type: none;\">\n<ul>\n<li style=\"list-style-type: none;\">\n<ul>\n<li style=\"list-style-type: none;\">\n<ul>\n<li style=\"list-style-type: none;\">\n<ul>\n<li>P\u00e0gina &#8220;<a href=\"https:\/\/blocs.xtec.cat\/seminaristac\/sessio-2-aprendre-llengues-en-una-societat-digital\/\" target=\"_blank\" rel=\"noopener noreferrer\">Aprendre lleng\u00fces en una societat digital<\/a>&#8220;<\/li>\n<li><a href=\"https:\/\/sites.google.com\/a\/xtec.cat\/seminaris-tac\/Curs-18-19\/sessio-2\/tutorials\" target=\"_blank\" rel=\"noopener noreferrer\">Tutorials de les aplicacions<\/a> de la presentaci\u00f3 de m\u00e9s amunt<\/li>\n<li>Col\u00b7leccions a Toolbox:\n<ul>\n<li style=\"font-weight: 400;\"><a href=\"https:\/\/toolbox.mobileworldcapital.com\/apps\/android\/metacategory:Aprendre_angles\"><span style=\"font-weight: 400;\">Aprendre angl\u00e8s<\/span><\/a><\/li>\n<li style=\"font-weight: 400;\"><a href=\"https:\/\/toolbox.mobileworldcapital.com\/apps\/android\/metacategory:edicio-de-audio\"><span style=\"font-weight: 400;\">Edici\u00f3 d\u2019\u00e0udio<\/span><\/a><\/li>\n<li style=\"font-weight: 400;\"><a href=\"https:\/\/toolbox.mobileworldcapital.com\/apps\/android\/metacategory:Edicio_imatge\"><span style=\"font-weight: 400;\">Edici\u00f3 d\u2019imatge<\/span><\/a><\/li>\n<li style=\"font-weight: 400;\"><a href=\"https:\/\/toolbox.mobileworldcapital.com\/apps\/android\/metacategory:Edicio_video\"><span style=\"font-weight: 400;\">Edici\u00f3 de v\u00eddeo<\/span><\/a><\/li>\n<li style=\"font-weight: 400;\"><a href=\"https:\/\/toolbox.mobileworldcapital.com\/apps\/android\/metacategory:Storytelling\"><span style=\"font-weight: 400;\">Narrativa &#8211; Storytelling<\/span><\/a><\/li>\n<li style=\"font-weight: 400;\"><a href=\"https:\/\/toolbox.mobileworldcapital.com\/apps\/android\/metacategory:Realitat_augmentada\"><span style=\"font-weight: 400;\">Realitat Augmentada<\/span><\/a><\/li>\n<li style=\"font-weight: 400;\"><a href=\"https:\/\/toolbox.mobileworldcapital.com\/apps\/android\/metacategory:Realitat_virtual\"><span style=\"font-weight: 400;\">Realitat Virtual<\/span><\/a><\/li>\n<\/ul>\n<\/li>\n<\/ul>\n<\/li>\n<\/ul>\n<\/li>\n<\/ul>\n<\/li>\n<\/ul>\n<\/li>\n<\/ul>\n<\/li>\n<\/ul>\n<p style=\"padding-left: 80px;\"><span style=\"font-weight: 400;\">Exposeu aquestes informacions a la sessi\u00f3 presencial com a llocs de refer\u00e8ncia i feu que els participants els consultin per veure el contingut i les possibilitats que ofereixen.<\/span><\/p>\n<p style=\"padding-left: 80px;\">Ben segur que, algunes de las aplicacions i recursos que es presenten aqu\u00ed, <strong>es poden integrar a les propostes did\u00e0ctiques al voltant dels ODS<\/strong> que s&#8217;estan generant al seminari.<\/p>\n<p>&nbsp;<\/p>\n","protected":false},"excerpt":{"rendered":"<p>Gui\u00f3 de la segona sessi\u00f3. Segona part Duraci\u00f3: 40&#8242; &nbsp; C\u00e0psula &#8211; 10&#8242; Sobre protecci\u00f3 dades, seguretat i propietat intelectual Aquesta c\u00e0psula cont\u00e9 informaci\u00f3 respecte seguretat i identitat digital a la xarxa, relacionat sobretot amb les oportunitats i riscos que es poden trobar els menors i els joves, en l&#8217;\u00fas quotidi\u00e0 de la tecnologia. L\u2019\u00fas [&hellip;]<\/p>\n","protected":false},"author":1,"featured_media":0,"parent":8392,"menu_order":0,"comment_status":"closed","ping_status":"closed","template":"","meta":{"site-sidebar-layout":"default","site-content-layout":"","ast-site-content-layout":"","site-content-style":"default","site-sidebar-style":"default","ast-global-header-display":"","ast-banner-title-visibility":"","ast-main-header-display":"","ast-hfb-above-header-display":"","ast-hfb-below-header-display":"","ast-hfb-mobile-header-display":"","site-post-title":"","ast-breadcrumbs-content":"","ast-featured-img":"","footer-sml-layout":"","theme-transparent-header-meta":"","adv-header-id-meta":"","stick-header-meta":"","header-above-stick-meta":"","header-main-stick-meta":"","header-below-stick-meta":"","astra-migrate-meta-layouts":"default","ast-page-background-enabled":"default","ast-page-background-meta":{"desktop":{"background-color":"","background-image":"","background-repeat":"repeat","background-position":"center center","background-size":"auto","background-attachment":"scroll","background-type":"","background-media":"","overlay-type":"","overlay-color":"","overlay-opacity":"","overlay-gradient":""},"tablet":{"background-color":"","background-image":"","background-repeat":"repeat","background-position":"center center","background-size":"auto","background-attachment":"scroll","background-type":"","background-media":"","overlay-type":"","overlay-color":"","overlay-opacity":"","overlay-gradient":""},"mobile":{"background-color":"","background-image":"","background-repeat":"repeat","background-position":"center center","background-size":"auto","background-attachment":"scroll","background-type":"","background-media":"","overlay-type":"","overlay-color":"","overlay-opacity":"","overlay-gradient":""}},"ast-content-background-meta":{"desktop":{"background-color":"var(--ast-global-color-5)","background-image":"","background-repeat":"repeat","background-position":"center center","background-size":"auto","background-attachment":"scroll","background-type":"","background-media":"","overlay-type":"","overlay-color":"","overlay-opacity":"","overlay-gradient":""},"tablet":{"background-color":"var(--ast-global-color-5)","background-image":"","background-repeat":"repeat","background-position":"center center","background-size":"auto","background-attachment":"scroll","background-type":"","background-media":"","overlay-type":"","overlay-color":"","overlay-opacity":"","overlay-gradient":""},"mobile":{"background-color":"var(--ast-global-color-5)","background-image":"","background-repeat":"repeat","background-position":"center center","background-size":"auto","background-attachment":"scroll","background-type":"","background-media":"","overlay-type":"","overlay-color":"","overlay-opacity":"","overlay-gradient":""}},"footnotes":""},"class_list":["post-8416","page","type-page","status-publish","hentry"],"_links":{"self":[{"href":"https:\/\/projectes.xtec.cat\/xtcd\/wp-json\/wp\/v2\/pages\/8416","targetHints":{"allow":["GET"]}}],"collection":[{"href":"https:\/\/projectes.xtec.cat\/xtcd\/wp-json\/wp\/v2\/pages"}],"about":[{"href":"https:\/\/projectes.xtec.cat\/xtcd\/wp-json\/wp\/v2\/types\/page"}],"author":[{"embeddable":true,"href":"https:\/\/projectes.xtec.cat\/xtcd\/wp-json\/wp\/v2\/users\/1"}],"replies":[{"embeddable":true,"href":"https:\/\/projectes.xtec.cat\/xtcd\/wp-json\/wp\/v2\/comments?post=8416"}],"version-history":[{"count":3,"href":"https:\/\/projectes.xtec.cat\/xtcd\/wp-json\/wp\/v2\/pages\/8416\/revisions"}],"predecessor-version":[{"id":8506,"href":"https:\/\/projectes.xtec.cat\/xtcd\/wp-json\/wp\/v2\/pages\/8416\/revisions\/8506"}],"up":[{"embeddable":true,"href":"https:\/\/projectes.xtec.cat\/xtcd\/wp-json\/wp\/v2\/pages\/8392"}],"wp:attachment":[{"href":"https:\/\/projectes.xtec.cat\/xtcd\/wp-json\/wp\/v2\/media?parent=8416"}],"curies":[{"name":"wp","href":"https:\/\/api.w.org\/{rel}","templated":true}]}}