{"id":8542,"date":"2020-01-05T19:37:13","date_gmt":"2020-01-05T18:37:13","guid":{"rendered":"https:\/\/projectes.xtec.cat\/xtcd\/?page_id=8542"},"modified":"2021-09-11T23:22:11","modified_gmt":"2021-09-11T21:22:11","slug":"s3-primera-part-introduccio","status":"publish","type":"page","link":"https:\/\/projectes.xtec.cat\/xtcd\/sessions-2019-20\/sessio-3\/s3-primera-part-introduccio\/","title":{"rendered":"S3 Primera part &#8211; Introducci\u00f3"},"content":{"rendered":"<h3>Gui\u00f3 de la tercera sessi\u00f3 &#8211; Primera part<\/h3>\n<table style=\"border-style: hidden; border: 0;\">\n<tbody>\n<tr style=\"border-style: hidden;\">\n<td style=\"width: 102px; border-style: hidden;\"><a href=\"https:\/\/projectes.xtec.cat\/xtcd\/wp-content\/uploads\/usu1403\/2019\/10\/icons8-time-machine-100.png\"><img loading=\"lazy\" decoding=\"async\" class=\"alignnone wp-image-8358\" src=\"https:\/\/projectes.xtec.cat\/xtcd\/wp-content\/uploads\/usu1403\/2019\/10\/icons8-time-machine-100.png\" alt=\"\" width=\"67\" height=\"68\" \/><\/a><\/td>\n<td style=\"width: 1205px;\"><strong><span style=\"font-size: 16px;\">Duraci\u00f3: 50&#8242;<\/span><\/strong><\/td>\n<\/tr>\n<\/tbody>\n<\/table>\n<p>&nbsp;<\/p>\n<p><span style=\"color: #800000;\"><strong>BLOC 1<\/strong><\/span><\/p>\n<p><strong>Not\u00edcies i Novetats \u00c0rea CD<\/strong><\/p>\n<p style=\"padding-left: 40px;\"><span style=\"font-weight: 400;\">Les principals not\u00edcies de l\u2019\u00c0rea de Cultura Digital es poden seguir mitjan\u00e7ant el <em>hashtag<\/em> <\/span><strong><a href=\"https:\/\/projectes.xtec.cat\/xtcd\/tag\/sessio3_1920\/\">#sessi\u00f33_1920<\/a><\/strong><span style=\"font-weight: 400;\"> del <\/span><a href=\"https:\/\/projectes.xtec.cat\/xtcd\/\" target=\"_blank\" rel=\"noopener noreferrer\"><span style=\"font-weight: 400;\">Nodes de la XTCD<\/span><\/a><\/p>\n<p style=\"padding-left: 40px;\"><strong>Altres<\/strong><\/p>\n<ul>\n<li style=\"list-style-type: none;\">\n<ul>\n<li style=\"list-style-type: none;\">\n<ul>\n<li><span style=\"font-weight: 400;\">Jornada d&#8217;Educaci\u00f3 Digital el 18 d&#8217;abril que substitueix al Teacher Track del YOMO.<\/span><\/li>\n<li><span style=\"font-weight: 400;\">S\u2019estan recollint experi\u00e8ncies i tallers per a la <a href=\"https:\/\/blocs.xtec.cat\/jornadainclusiodigital\">Jornada d&#8217;Inclusi\u00f3 Digital.<\/a><\/span><\/li>\n<li><span style=\"font-weight: 400;\">Pensar en com organitzarrem la 5a sessi\u00f3 dels Seminaris #XTCD: Lloc, horari, quantitat de propostes a presentar, temporitzaci\u00f3&#8230;\u00a0 Caldr\u00e0 escollir una quantitat de propostes concreta de cada seu, si \u00e9s el cas, per no fer molt extensa la 5a sessi\u00f3.<\/span><\/li>\n<\/ul>\n<\/li>\n<\/ul>\n<\/li>\n<\/ul>\n<p><strong>Not\u00edcies i Novetats d\u2019\u00e0mbit territorial<\/strong><\/p>\n<p style=\"padding-left: 40px;\"><span style=\"font-weight: 400;\">Espai per a les not\u00edcies i novetats que es generen als diferents \u00e0mbits territorials.\u00a0<\/span><\/p>\n<p>&nbsp;<\/p>\n<hr \/>\n<p><span style=\"color: #800000;\"><strong><br \/>\nBLOC 2<\/strong><\/span><\/p>\n<p><strong>Experi\u00e8ncies de centres sobre la transformaci\u00f3 digital o altres projectes que integrin tecnologies digitals. Intercanvi entre els participants<\/strong><\/p>\n<p><a href=\"https:\/\/projectes.xtec.cat\/xtcd\/wp-content\/uploads\/usu1403\/2020\/01\/89328p.jpg\"><img loading=\"lazy\" decoding=\"async\" class=\"wp-image-8544 size-medium alignleft\" src=\"https:\/\/projectes.xtec.cat\/xtcd\/wp-content\/uploads\/usu1403\/2020\/01\/89328p-300x200.jpg\" alt=\"\" width=\"300\" height=\"200\" srcset=\"https:\/\/projectes.xtec.cat\/xtcd\/wp-content\/uploads\/usu1403\/2020\/01\/89328p-300x200.jpg 300w, https:\/\/projectes.xtec.cat\/xtcd\/wp-content\/uploads\/usu1403\/2020\/01\/89328p.jpg 600w\" sizes=\"auto, (max-width: 300px) 100vw, 300px\" \/><\/a><\/p>\n<p style=\"padding-left: 40px;\"><span style=\"font-weight: 400;\">Els Centres de Recursos Pedag\u00f2gics i els Serveis Territorials cercaran experi\u00e8ncies entre els centres del seu \u00e0mbit amb l&#8217;objectiu de presentar-les dins aquest bloc de la sessi\u00f3 presencial. Poden ser experi\u00e8ncies que exposin les mateixes persones que participen al seminari o externes.\u00a0<\/span><\/p>\n<p style=\"padding-left: 40px;\">Marqueu un espai d&#8217;uns <strong>20&#8242; per exposar<\/strong> l&#8217;experi\u00e8ncia i deixeu uns <strong>10&#8242; per intervencions dels participants<\/strong> (preguntes, dubtes, propostes&#8230;)<\/p>\n<p style=\"padding-left: 40px; text-align: right;\"><a href=\"https:\/\/www.freepik.es\/fotos-vectores-gratis\/fondo\">img de rawpixel.com &#8211; www.freepik.es<\/a><\/p>\n<p>&nbsp;<\/p>\n<p>&nbsp;<\/p>\n<p>&nbsp;<\/p>\n","protected":false},"excerpt":{"rendered":"<p>Gui\u00f3 de la tercera sessi\u00f3 &#8211; Primera part Duraci\u00f3: 50&#8242; &nbsp; BLOC 1 Not\u00edcies i Novetats \u00c0rea CD Les principals not\u00edcies de l\u2019\u00c0rea de Cultura Digital es poden seguir mitjan\u00e7ant el hashtag #sessi\u00f33_1920 del Nodes de la XTCD Altres Jornada d&#8217;Educaci\u00f3 Digital el 18 d&#8217;abril que substitueix al Teacher Track del YOMO. S\u2019estan recollint experi\u00e8ncies [&hellip;]<\/p>\n","protected":false},"author":1,"featured_media":0,"parent":8537,"menu_order":10,"comment_status":"closed","ping_status":"closed","template":"","meta":{"site-sidebar-layout":"default","site-content-layout":"default","ast-site-content-layout":"","site-content-style":"default","site-sidebar-style":"default","ast-global-header-display":"","ast-banner-title-visibility":"","ast-main-header-display":"","ast-hfb-above-header-display":"","ast-hfb-below-header-display":"","ast-hfb-mobile-header-display":"","site-post-title":"","ast-breadcrumbs-content":"","ast-featured-img":"","footer-sml-layout":"","theme-transparent-header-meta":"default","adv-header-id-meta":"","stick-header-meta":"default","header-above-stick-meta":"","header-main-stick-meta":"","header-below-stick-meta":"","astra-migrate-meta-layouts":"default","ast-page-background-enabled":"default","ast-page-background-meta":{"desktop":{"background-color":"","background-image":"","background-repeat":"repeat","background-position":"center center","background-size":"auto","background-attachment":"scroll","background-type":"","background-media":"","overlay-type":"","overlay-color":"","overlay-opacity":"","overlay-gradient":""},"tablet":{"background-color":"","background-image":"","background-repeat":"repeat","background-position":"center center","background-size":"auto","background-attachment":"scroll","background-type":"","background-media":"","overlay-type":"","overlay-color":"","overlay-opacity":"","overlay-gradient":""},"mobile":{"background-color":"","background-image":"","background-repeat":"repeat","background-position":"center center","background-size":"auto","background-attachment":"scroll","background-type":"","background-media":"","overlay-type":"","overlay-color":"","overlay-opacity":"","overlay-gradient":""}},"ast-content-background-meta":{"desktop":{"background-color":"var(--ast-global-color-5)","background-image":"","background-repeat":"repeat","background-position":"center center","background-size":"auto","background-attachment":"scroll","background-type":"","background-media":"","overlay-type":"","overlay-color":"","overlay-opacity":"","overlay-gradient":""},"tablet":{"background-color":"var(--ast-global-color-5)","background-image":"","background-repeat":"repeat","background-position":"center center","background-size":"auto","background-attachment":"scroll","background-type":"","background-media":"","overlay-type":"","overlay-color":"","overlay-opacity":"","overlay-gradient":""},"mobile":{"background-color":"var(--ast-global-color-5)","background-image":"","background-repeat":"repeat","background-position":"center center","background-size":"auto","background-attachment":"scroll","background-type":"","background-media":"","overlay-type":"","overlay-color":"","overlay-opacity":"","overlay-gradient":""}},"footnotes":""},"class_list":["post-8542","page","type-page","status-publish","hentry"],"_links":{"self":[{"href":"https:\/\/projectes.xtec.cat\/xtcd\/wp-json\/wp\/v2\/pages\/8542","targetHints":{"allow":["GET"]}}],"collection":[{"href":"https:\/\/projectes.xtec.cat\/xtcd\/wp-json\/wp\/v2\/pages"}],"about":[{"href":"https:\/\/projectes.xtec.cat\/xtcd\/wp-json\/wp\/v2\/types\/page"}],"author":[{"embeddable":true,"href":"https:\/\/projectes.xtec.cat\/xtcd\/wp-json\/wp\/v2\/users\/1"}],"replies":[{"embeddable":true,"href":"https:\/\/projectes.xtec.cat\/xtcd\/wp-json\/wp\/v2\/comments?post=8542"}],"version-history":[{"count":3,"href":"https:\/\/projectes.xtec.cat\/xtcd\/wp-json\/wp\/v2\/pages\/8542\/revisions"}],"predecessor-version":[{"id":8677,"href":"https:\/\/projectes.xtec.cat\/xtcd\/wp-json\/wp\/v2\/pages\/8542\/revisions\/8677"}],"up":[{"embeddable":true,"href":"https:\/\/projectes.xtec.cat\/xtcd\/wp-json\/wp\/v2\/pages\/8537"}],"wp:attachment":[{"href":"https:\/\/projectes.xtec.cat\/xtcd\/wp-json\/wp\/v2\/media?parent=8542"}],"curies":[{"name":"wp","href":"https:\/\/api.w.org\/{rel}","templated":true}]}}