{"id":8570,"date":"2020-01-07T23:28:47","date_gmt":"2020-01-07T22:28:47","guid":{"rendered":"https:\/\/projectes.xtec.cat\/xtcd\/?page_id=8570"},"modified":"2021-09-11T15:27:40","modified_gmt":"2021-09-11T13:27:40","slug":"s3-tercera-part-cocreacio","status":"publish","type":"page","link":"https:\/\/projectes.xtec.cat\/xtcd\/s3-tercera-part-cocreacio\/","title":{"rendered":"S3. Tercera part. Cocreaci\u00f3"},"content":{"rendered":"<h3>Gui\u00f3 de la tercera sessi\u00f3. <span style=\"font-weight: 400;\">Tercera part<\/span><\/h3>\n<table style=\"border-style: hidden; border: 0;\">\n<tbody>\n<tr style=\"border-style: hidden;\">\n<td style=\"width: 102px; border-style: hidden;\"><a href=\"https:\/\/projectes.xtec.cat\/xtcd\/wp-content\/uploads\/usu1403\/2019\/10\/icons8-time-machine-100.png\"><img loading=\"lazy\" decoding=\"async\" class=\"alignnone wp-image-8358\" src=\"https:\/\/projectes.xtec.cat\/xtcd\/wp-content\/uploads\/usu1403\/2019\/10\/icons8-time-machine-100.png\" alt=\"\" width=\"67\" height=\"68\" \/><\/a><\/td>\n<td style=\"width: 1205px;\"><strong><span style=\"font-size: 16px;\">Duraci\u00f3: 90&#8242;<\/span><\/strong><\/td>\n<\/tr>\n<\/tbody>\n<\/table>\n<p style=\"padding-left: 40px;\"><strong>Continuaci\u00f3 del treball dels equips a l&#8217;Espai de Cocreaci\u00f3. <\/strong><\/p>\n<p style=\"padding-left: 80px;\"><span style=\"font-weight: 400;\">En aquesta 3a sessi\u00f3, es continua desenvolupant la Proposta Did\u00e0ctica iniciada a les sessions anteriors\u00a0 del seminari. <\/span><span style=\"font-weight: 400;\">S\u2019utilitza el m\u00e8tode Design Thinking com a <\/span><a href=\"https:\/\/projectes.xtec.cat\/eduhack\/design-thinking\/\" target=\"_blank\" rel=\"noopener noreferrer\"><span style=\"font-weight: 400;\">EduHack<\/span><\/a><span style=\"font-weight: 400;\">.<\/span><\/p>\n<p style=\"padding-left: 80px;\"><span style=\"font-weight: 400;\">Com a recordatori, deixem el v\u00eddeo amb les\u00a0<\/span><strong>Fases del Design Thinking<\/strong><\/p>\n<pre style=\"padding-left: 40px; text-align: center;\"><video style=\"display: block; margin-left: auto; margin-right: auto;\" poster=\"http:\/\/www.gencat.cat\/big\/img\/356\/BIG_3564231513102119_00.jpg\" controls=\"controls\" width=\"640\" height=\"360\">\r\n<source src=\"http:\/\/cdn.s2.eu.nice264.com\/\/converted_work7\/8\/b\/8bba5cb479450d29750b\/8bba5cb479450d29750b_f34bd39fc22345ff4a6b8ddacc0606b9.mp4\" type=\"video\/mp4\" \/>\r\nEl teu navegador no soporta l'etiqueta \"VIDEO\". Et recomanem actualitzar-lo.<\/video><\/pre>\n<p>&nbsp;<\/p>\n<p style=\"padding-left: 40px;\"><b>Temporitzaci\u00f3 de les Fases del Design Thinking distribu\u00efdes en les 4 sessions del seminari<br \/>\n<\/b><span style=\"color: #800000;\"><b>Important: Cal que els documents que es posin a les parets es desin al final de cada sessi\u00f3.<\/b><\/span><\/p>\n<p style=\"padding-left: 80px;\">Continuem amb les fases. A la segona sessi\u00f3 es va invertir el temps necessari a <strong>DEFINIR<\/strong> i a fer volar la imaginaci\u00f3 i la creativitat en la fase <strong>IDEAR<\/strong>.<\/p>\n<p style=\"padding-left: 80px;\">En aquesta sessi\u00f3, un cop ja tenim les IDEES d&#8217;all\u00f2 que proposem treballar amb l&#8217;alumnat, cal centrar-se a <strong>PROTOTIPAR<\/strong>, que inclou la SEQ\u00dcENCIACI\u00d3 (concretar les activitats, esmicolar-les i temporitzar-les), l&#8217;AVALUACI\u00d3 (definir com avaluareu i quins recursos utilitzareu per evidenciar els aprenentatges) i ENREGISTRAR la vostra proposta did\u00e0ctica a la Plantilla digital que es va facilitar des del principi.<\/p>\n<p style=\"padding-left: 80px;\">Al document de sota, teniu la informaci\u00f3 del &#8220;pas a pas&#8221; per a que els equips puguin continuar cocreant la proposta did\u00e0ctica. Centreu-vos en la sessi\u00f3 #3.<\/p>\n<p style=\"text-align: center;\"><a href=\"https:\/\/docs.google.com\/document\/d\/1EIk2XPN1dObve21iQE6Jad0EPDM4HUCsrsutbMBJdzg\/edit?usp=sharing\" target=\"_blank\" rel=\"noopener noreferrer\"><img loading=\"lazy\" decoding=\"async\" class=\"aligncenter wp-image-8335 size-full\" src=\"https:\/\/projectes.xtec.cat\/xtcd\/wp-content\/uploads\/usu1403\/2019\/10\/taulaDT-e1571833872259.png\" alt=\"\" width=\"600\" height=\"244\" \/><\/a><em>Cliqueu la imatge per veure la versi\u00f3 operativa<\/em><\/p>\n<p style=\"padding-left: 80px;\">Si no heu finalitzat les Fases anteriors, continueu on us vareu quedar a la sessi\u00f3 anterior.<\/p>\n<p>&nbsp;<\/p>\n<p style=\"padding-left: 80px;\"><b>M\u00e9s informaci\u00f3 de les fases del Design Thinking<br \/>\n<\/b><\/p>\n<p style=\"padding-left: 80px;\"><span style=\"font-weight: 400;\">Recordeu que, si voleu aprofundir en cadascuna de les fases i, fins i tot, utilitzar les plantilles que s\u2019hi proposen, disposeu de tot el qu\u00e8 s\u2019ha desenvolupat a <\/span><a href=\"https:\/\/projectes\" target=\"_blank\" rel=\"noopener noreferrer\"><span style=\"font-weight: 400;\">https:\/\/projectes.xtec.cat\/eduhack<\/span><\/a><\/p>\n<p><a href=\"https:\/\/projectes.xtec.cat\/xtcd\/wp-content\/uploads\/usu1403\/2019\/10\/eduhack2-e1571834117213.png\"><img loading=\"lazy\" decoding=\"async\" class=\"aligncenter wp-image-8337 size-full\" src=\"https:\/\/projectes.xtec.cat\/xtcd\/wp-content\/uploads\/usu1403\/2019\/10\/eduhack2-e1571834117213.png\" alt=\"\" width=\"500\" height=\"395\" \/><\/a><\/p>\n<p><span style=\"font-family: inherit; font-size: 1em;\">Exemple Eduhack &#8211; Fase 0 COMENCEM<\/span><\/p>\n<div class=\"section-container accordion\" data-section=\"accordion\">\n<div class=\"section\" style=\"line-height: 2;\">\n<div class=\"content\">A <a href=\"https:\/\/projectes.xtec.cat\/eduhack\/design-thinking\/fase-0\/\" target=\"_blank\" rel=\"noopener noreferrer\">Eduhack &#8211; Design Thinking &#8211; Fase 0<\/a> disposeu del v\u00eddeo-guia i les recomanacions per a desenvolupar aquesta fase.<\/div>\n<div><\/div>\n<\/div>\n<div class=\"section\" style=\"line-height: 2;\">\n<p class=\"page_item page-item-16818 active title\">Exemple Eduhack &#8211; Fase 1 EMPATITZAR<\/p>\n<div class=\"content\">A <a href=\"https:\/\/projectes.xtec.cat\/eduhack\/design-thinking\/fase-1\/\" target=\"_blank\" rel=\"noopener noreferrer\">Eduhack &#8211; Design Thinking &#8211; Fase 1<\/a> disposeu del v\u00eddeo-guia i les recomanacions per a desenvolupar aquesta fase.<\/div>\n<div><\/div>\n<\/div>\n<div class=\"section\" style=\"line-height: 2;\">\n<p class=\"page_item page-item-16818 active title\">Exemple Eduhack &#8211; Fase 2 INSPIRAR-DEFINIR<\/p>\n<div class=\"content\">A <a href=\"https:\/\/projectes.xtec.cat\/eduhack\/design-thinking\/fase-2\/\" target=\"_blank\" rel=\"noopener noreferrer\">Eduhack &#8211; Design Thinking &#8211; Fase 2<\/a> disposeu del v\u00eddeo-guia i les recomanacions per a desenvolupar aquesta fase.<\/div>\n<div><\/div>\n<\/div>\n<div class=\"section\" style=\"line-height: 2;\">\n<p class=\"page_item page-item-16818 active title\">Exemple Eduhack &#8211; Fase 3 IDEAR<\/p>\n<div class=\"content\">A <a href=\"https:\/\/projectes.xtec.cat\/eduhack\/design-thinking\/fase-3\/\" target=\"_blank\" rel=\"noopener noreferrer\">Eduhack &#8211; Design Thinking &#8211; Fase 3<\/a> disposeu del v\u00eddeo-guia i les recomanacions per a desenvolupar aquesta fase.<\/div>\n<div><\/div>\n<\/div>\n<div class=\"section\" style=\"line-height: 2;\">\n<p class=\"page_item page-item-16818 active title\">Exemple Eduhack &#8211; Fase 4 PROTOTIPAR<\/p>\n<div class=\"content\">A <a href=\"https:\/\/projectes.xtec.cat\/eduhack\/design-thinking\/fase-4\/\" target=\"_blank\" rel=\"noopener noreferrer\">Eduhack &#8211; Design Thinking &#8211; Fase 4<\/a> disposeu del v\u00eddeo-guia i les recomanacions per a desenvolupar aquesta fase.<\/div>\n<div><\/div>\n<\/div>\n<div class=\"section\" style=\"line-height: 2;\">\n<p class=\"page_item page-item-16818 active title\">Exemple Eduhack &#8211; Fase 5 COMPARTIM<\/p>\n<div class=\"content\">A <a href=\"https:\/\/projectes.xtec.cat\/eduhack\/design-thinking\/fase-5\/\" target=\"_blank\" rel=\"noopener noreferrer\">Eduhack &#8211; Design Thinking &#8211; Fase 5<\/a> disposeu del v\u00eddeo-guia i les recomanacions per a desenvolupar aquesta fase.<\/div>\n<div><\/div>\n<\/div>\n<\/div>\n","protected":false},"excerpt":{"rendered":"<p>Gui\u00f3 de la tercera sessi\u00f3. Tercera part Duraci\u00f3: 90&#8242; Continuaci\u00f3 del treball dels equips a l&#8217;Espai de Cocreaci\u00f3. En aquesta 3a sessi\u00f3, es continua desenvolupant la Proposta Did\u00e0ctica iniciada a les sessions anteriors\u00a0 del seminari. S\u2019utilitza el m\u00e8tode Design Thinking com a EduHack. Com a recordatori, deixem el v\u00eddeo amb les\u00a0Fases del Design Thinking El [&hellip;]<\/p>\n","protected":false},"author":1,"featured_media":0,"parent":0,"menu_order":0,"comment_status":"closed","ping_status":"closed","template":"","meta":{"site-sidebar-layout":"default","site-content-layout":"","ast-site-content-layout":"","site-content-style":"default","site-sidebar-style":"default","ast-global-header-display":"","ast-banner-title-visibility":"","ast-main-header-display":"","ast-hfb-above-header-display":"","ast-hfb-below-header-display":"","ast-hfb-mobile-header-display":"","site-post-title":"","ast-breadcrumbs-content":"","ast-featured-img":"","footer-sml-layout":"","theme-transparent-header-meta":"","adv-header-id-meta":"","stick-header-meta":"","header-above-stick-meta":"","header-main-stick-meta":"","header-below-stick-meta":"","astra-migrate-meta-layouts":"default","ast-page-background-enabled":"default","ast-page-background-meta":{"desktop":{"background-color":"","background-image":"","background-repeat":"repeat","background-position":"center center","background-size":"auto","background-attachment":"scroll","background-type":"","background-media":"","overlay-type":"","overlay-color":"","overlay-opacity":"","overlay-gradient":""},"tablet":{"background-color":"","background-image":"","background-repeat":"repeat","background-position":"center center","background-size":"auto","background-attachment":"scroll","background-type":"","background-media":"","overlay-type":"","overlay-color":"","overlay-opacity":"","overlay-gradient":""},"mobile":{"background-color":"","background-image":"","background-repeat":"repeat","background-position":"center center","background-size":"auto","background-attachment":"scroll","background-type":"","background-media":"","overlay-type":"","overlay-color":"","overlay-opacity":"","overlay-gradient":""}},"ast-content-background-meta":{"desktop":{"background-color":"var(--ast-global-color-5)","background-image":"","background-repeat":"repeat","background-position":"center center","background-size":"auto","background-attachment":"scroll","background-type":"","background-media":"","overlay-type":"","overlay-color":"","overlay-opacity":"","overlay-gradient":""},"tablet":{"background-color":"var(--ast-global-color-5)","background-image":"","background-repeat":"repeat","background-position":"center center","background-size":"auto","background-attachment":"scroll","background-type":"","background-media":"","overlay-type":"","overlay-color":"","overlay-opacity":"","overlay-gradient":""},"mobile":{"background-color":"var(--ast-global-color-5)","background-image":"","background-repeat":"repeat","background-position":"center center","background-size":"auto","background-attachment":"scroll","background-type":"","background-media":"","overlay-type":"","overlay-color":"","overlay-opacity":"","overlay-gradient":""}},"footnotes":""},"class_list":["post-8570","page","type-page","status-publish","hentry"],"_links":{"self":[{"href":"https:\/\/projectes.xtec.cat\/xtcd\/wp-json\/wp\/v2\/pages\/8570","targetHints":{"allow":["GET"]}}],"collection":[{"href":"https:\/\/projectes.xtec.cat\/xtcd\/wp-json\/wp\/v2\/pages"}],"about":[{"href":"https:\/\/projectes.xtec.cat\/xtcd\/wp-json\/wp\/v2\/types\/page"}],"author":[{"embeddable":true,"href":"https:\/\/projectes.xtec.cat\/xtcd\/wp-json\/wp\/v2\/users\/1"}],"replies":[{"embeddable":true,"href":"https:\/\/projectes.xtec.cat\/xtcd\/wp-json\/wp\/v2\/comments?post=8570"}],"version-history":[{"count":3,"href":"https:\/\/projectes.xtec.cat\/xtcd\/wp-json\/wp\/v2\/pages\/8570\/revisions"}],"predecessor-version":[{"id":8576,"href":"https:\/\/projectes.xtec.cat\/xtcd\/wp-json\/wp\/v2\/pages\/8570\/revisions\/8576"}],"wp:attachment":[{"href":"https:\/\/projectes.xtec.cat\/xtcd\/wp-json\/wp\/v2\/media?parent=8570"}],"curies":[{"name":"wp","href":"https:\/\/api.w.org\/{rel}","templated":true}]}}