{"id":8870,"date":"2021-03-08T09:26:13","date_gmt":"2021-03-08T08:26:13","guid":{"rendered":"https:\/\/projectes.xtec.cat\/xtcd\/?page_id=8870"},"modified":"2021-09-11T15:27:40","modified_gmt":"2021-09-11T13:27:40","slug":"sessio-4-2020-2021","status":"publish","type":"page","link":"https:\/\/projectes.xtec.cat\/xtcd\/sessio-4-2020-2021\/","title":{"rendered":"Sessi\u00f3 4 &#8211; 2020\/2021"},"content":{"rendered":"<p><a href=\"https:\/\/projectes.xtec.cat\/xtcd\/wp-content\/uploads\/usu1403\/2021\/03\/quartasessi\u00f31.jpg\"><img loading=\"lazy\" decoding=\"async\" class=\"aligncenter wp-image-8890 size-full\" src=\"https:\/\/projectes.xtec.cat\/xtcd\/wp-content\/uploads\/usu1403\/2021\/03\/quartasessi\u00f31.jpg\" alt=\"\" width=\"588\" height=\"196\" srcset=\"https:\/\/projectes.xtec.cat\/xtcd\/wp-content\/uploads\/usu1403\/2021\/03\/quartasessi\u00f31.jpg 588w, https:\/\/projectes.xtec.cat\/xtcd\/wp-content\/uploads\/usu1403\/2021\/03\/quartasessi\u00f31-300x100.jpg 300w\" sizes=\"auto, (max-width: 588px) 100vw, 588px\" \/><\/a><\/p>\n<div>\n<h4><strong>22 de mar\u00e7 de 2021<\/strong> &#8211; <strong>17:30 h<\/strong><\/h4>\n<h4><b><span style=\"color: #808080;\">Estrat\u00e8gia digital de centre<\/span> <\/b><\/h4>\n<p>Quarta sessi\u00f3 dels Seminaris de la Xarxa Territorial de Cultura Digital #XTCD, punt de trobada de les accions per a la transformaci\u00f3 digital dels centres educatius de Catalunya, treballant en xarxa per construir coneixement i millorar la compet\u00e8ncia digital d\u2019alumnat, docents i centres, facilitant espais digitals per afavorir la reflexi\u00f3 i compartir coneixement.<\/p>\n<p>En la darrera sessi\u00f3 es va presentar la Diagnosi com a recurs que ens permet con\u00e8ixer els nostres punts forts i febles en relaci\u00f3 amb la cultura digital. En aquesta quarta sessi\u00f3 es presentar\u00e0 l\u2019<b>Estrat\u00e8gia Digital de Centre<\/b>, que substituir\u00e0 a partir d\u2019ara el Pla TAC, i que en el marc del <a href=\"http:\/\/ensenyament.gencat.cat\/ca\/departament\/linies-estrategiques\/pla-educacio-digital\">Pla d\u2019educaci\u00f3 digital de Catalunya (PEDC)<\/a> t\u00e9 com a objectiu determinar, organitzar, implementar i avaluar totes aquelles accions encaminades a l\u2019assoliment del m\u00e0xim nivell de compet\u00e8ncia digital de l\u2019alumnat, els docents i el centre.<\/p>\n<p>Durant la sessi\u00f3, es mostraran les fases per al disseny, es destacaran els aspectes m\u00e9s importants de cada fase i es donaran pautes per iniciar la pr\u00f2pia estrat\u00e8gia de centre. Tamb\u00e9 es presentar\u00e0 el <b>Web de suport per a l\u2019elaboraci\u00f3 de l\u2019estrat\u00e8gia digital<\/b>, recurs que posa a l\u2019abast eines i pautes per a la seva realitzaci\u00f3.<\/p>\n<hr \/>\n<h4><span style=\"color: #993300;\">Estructura de la sessi\u00f3<\/span><\/h4>\n<p style=\"text-align: left;\">Aquesta quarta sessi\u00f3 est\u00e0 formada per diversos blocs de continguts. Els tres primers blocs es desenvoluparan en format <em>webinar<\/em> que es podr\u00e0 seguir accedint l&#8217;enlla\u00e7 seg\u00fcent:<\/p>\n<p style=\"text-align: center;\"><a href=\"https:\/\/www.youtube.com\/watch?v=H3NnzFyBodk\" target=\"_blank\" rel=\"noopener noreferrer\"><img loading=\"lazy\" decoding=\"async\" class=\"wp-image-8765 size-full aligncenter\" src=\"https:\/\/projectes.xtec.cat\/xtcd\/wp-content\/uploads\/usu1403\/2020\/11\/Captura-de-pantalla-2020-11-23-a-las-13.04.45.png\" alt=\"\" width=\"397\" height=\"224\" srcset=\"https:\/\/projectes.xtec.cat\/xtcd\/wp-content\/uploads\/usu1403\/2020\/11\/Captura-de-pantalla-2020-11-23-a-las-13.04.45.png 397w, https:\/\/projectes.xtec.cat\/xtcd\/wp-content\/uploads\/usu1403\/2020\/11\/Captura-de-pantalla-2020-11-23-a-las-13.04.45-300x169.png 300w\" sizes=\"auto, (max-width: 397px) 100vw, 397px\" \/><\/a>22 de mar\u00e7 de 2021 &#8211; 17:30 h<\/p>\n<p>&nbsp;<\/p>\n<h5>1 &#8211; Introducci\u00f3<\/h5>\n<blockquote>\n<ul style=\"list-style-type: square;\">\n<li><span style=\"color: #404040;\">Presentaci\u00f3 de la 4a sessi\u00f3. Sra Ana Albalat, Sub-directora general de <span class=\"aCOpRe\">Recerca i Cultura Digital<\/span><br \/>\n<\/span><\/li>\n<\/ul>\n<p style=\"padding-left: 40px;\"><span style=\"color: #404040;\">Previsi\u00f3 de durada: 10&#8242;<\/span><\/p>\n<\/blockquote>\n<h5>2 &#8211; P\u00edndola formativa<\/h5>\n<blockquote>\n<ul style=\"list-style-type: square;\">\n<li><span style=\"color: #404040;\">Presentaci\u00f3 del document <a href=\"http:\/\/educacio.gencat.cat\/ca\/departament\/publicacions\/monografies\/estrategia-digital-centre\/\" target=\"_blank\" rel=\"noopener noreferrer\"><strong>Estrat\u00e8gia Digital de centre<\/strong><\/a> i les implicacions que t\u00e9 per als mestres i professors dels centres educatius, a c\u00e0rrec dels t\u00e8cnics docents de l&#8217;\u00c0rea de Cultura digital, Marta Dom\u00ednguez i Jaume Feliu.<\/span><\/li>\n<li><span style=\"color: #404040;\">Presentaci\u00f3 i \u00fas del <a href=\"https:\/\/projectes.xtec.cat\/edc-suport\/\" target=\"_blank\" rel=\"noopener noreferrer\"><b>Web de suport per a l\u2019elaboraci\u00f3 de l\u2019estrat\u00e8gia digital<\/b><\/a><\/span><\/li>\n<li><span style=\"color: #404040;\"><a href=\"https:\/\/docs.google.com\/presentation\/d\/1olLvJXeZIB4_ccaHS3xNqVPV9QaD9JgKD1I8hEb9g4Q\/preview\" target=\"_blank\" rel=\"noopener noreferrer\"><strong>Suport gr\u00e0fic de la sessi\u00f3<\/strong><\/a><br \/>\n<\/span><\/li>\n<\/ul>\n<p style=\"padding-left: 40px;\"><span style=\"color: #404040;\">Previsi\u00f3 de durada: 40&#8242;<\/span><\/p>\n<\/blockquote>\n<h5>3 &#8211; Compartim experi\u00e8ncies<\/h5>\n<blockquote><p><span style=\"color: #000000;\">Taula rodona d&#8217;experi\u00e8ncies:<\/span><\/p>\n<p style=\"padding-left: 40px;\"><a href=\"https:\/\/agora.xtec.cat\/ins-esc-danielmangrane\/\" target=\"_blank\" rel=\"noopener noreferrer\"><b>Institut Escola Daniel Mangran\u00e9<\/b><\/a><span style=\"font-weight: 400;\"> de Jes\u00fas (Tortosa)<br \/>\n<strong><a href=\"https:\/\/view.genial.ly\/605089a572d5a70d35b18643\/interactive-content-presentacio-ie-daniel-mangrane-xtcd\" target=\"_blank\" rel=\"noopener noreferrer\">Presentaci\u00f3 de la sessi\u00f3<\/a><\/strong> (Genially)<br \/>\n<\/span><\/p>\n<p><span style=\"color: #000000;\">Previsi\u00f3 de durada: 30&#8242;<\/span><\/p><\/blockquote>\n<p><i>Int\u00e8rpret de llengua de signes &#8211; Gisela<\/i><\/p>\n<\/div>\n","protected":false},"excerpt":{"rendered":"<p>22 de mar\u00e7 de 2021 &#8211; 17:30 h Estrat\u00e8gia digital de centre Quarta sessi\u00f3 dels Seminaris de la Xarxa Territorial de Cultura Digital #XTCD, punt de trobada de les accions per a la transformaci\u00f3 digital dels centres educatius de Catalunya, treballant en xarxa per construir coneixement i millorar la compet\u00e8ncia digital d\u2019alumnat, docents i centres, [&hellip;]<\/p>\n","protected":false},"author":6,"featured_media":0,"parent":0,"menu_order":0,"comment_status":"closed","ping_status":"closed","template":"","meta":{"site-sidebar-layout":"default","site-content-layout":"","ast-site-content-layout":"","site-content-style":"default","site-sidebar-style":"default","ast-global-header-display":"","ast-banner-title-visibility":"","ast-main-header-display":"","ast-hfb-above-header-display":"","ast-hfb-below-header-display":"","ast-hfb-mobile-header-display":"","site-post-title":"","ast-breadcrumbs-content":"","ast-featured-img":"","footer-sml-layout":"","theme-transparent-header-meta":"","adv-header-id-meta":"","stick-header-meta":"","header-above-stick-meta":"","header-main-stick-meta":"","header-below-stick-meta":"","astra-migrate-meta-layouts":"default","ast-page-background-enabled":"default","ast-page-background-meta":{"desktop":{"background-color":"","background-image":"","background-repeat":"repeat","background-position":"center center","background-size":"auto","background-attachment":"scroll","background-type":"","background-media":"","overlay-type":"","overlay-color":"","overlay-opacity":"","overlay-gradient":""},"tablet":{"background-color":"","background-image":"","background-repeat":"repeat","background-position":"center center","background-size":"auto","background-attachment":"scroll","background-type":"","background-media":"","overlay-type":"","overlay-color":"","overlay-opacity":"","overlay-gradient":""},"mobile":{"background-color":"","background-image":"","background-repeat":"repeat","background-position":"center center","background-size":"auto","background-attachment":"scroll","background-type":"","background-media":"","overlay-type":"","overlay-color":"","overlay-opacity":"","overlay-gradient":""}},"ast-content-background-meta":{"desktop":{"background-color":"var(--ast-global-color-5)","background-image":"","background-repeat":"repeat","background-position":"center center","background-size":"auto","background-attachment":"scroll","background-type":"","background-media":"","overlay-type":"","overlay-color":"","overlay-opacity":"","overlay-gradient":""},"tablet":{"background-color":"var(--ast-global-color-5)","background-image":"","background-repeat":"repeat","background-position":"center center","background-size":"auto","background-attachment":"scroll","background-type":"","background-media":"","overlay-type":"","overlay-color":"","overlay-opacity":"","overlay-gradient":""},"mobile":{"background-color":"var(--ast-global-color-5)","background-image":"","background-repeat":"repeat","background-position":"center center","background-size":"auto","background-attachment":"scroll","background-type":"","background-media":"","overlay-type":"","overlay-color":"","overlay-opacity":"","overlay-gradient":""}},"footnotes":""},"class_list":["post-8870","page","type-page","status-publish","hentry"],"_links":{"self":[{"href":"https:\/\/projectes.xtec.cat\/xtcd\/wp-json\/wp\/v2\/pages\/8870","targetHints":{"allow":["GET"]}}],"collection":[{"href":"https:\/\/projectes.xtec.cat\/xtcd\/wp-json\/wp\/v2\/pages"}],"about":[{"href":"https:\/\/projectes.xtec.cat\/xtcd\/wp-json\/wp\/v2\/types\/page"}],"author":[{"embeddable":true,"href":"https:\/\/projectes.xtec.cat\/xtcd\/wp-json\/wp\/v2\/users\/6"}],"replies":[{"embeddable":true,"href":"https:\/\/projectes.xtec.cat\/xtcd\/wp-json\/wp\/v2\/comments?post=8870"}],"version-history":[{"count":4,"href":"https:\/\/projectes.xtec.cat\/xtcd\/wp-json\/wp\/v2\/pages\/8870\/revisions"}],"predecessor-version":[{"id":8899,"href":"https:\/\/projectes.xtec.cat\/xtcd\/wp-json\/wp\/v2\/pages\/8870\/revisions\/8899"}],"wp:attachment":[{"href":"https:\/\/projectes.xtec.cat\/xtcd\/wp-json\/wp\/v2\/media?parent=8870"}],"curies":[{"name":"wp","href":"https:\/\/api.w.org\/{rel}","templated":true}]}}