{"id":9146,"date":"2021-09-11T16:18:58","date_gmt":"2021-09-11T14:18:58","guid":{"rendered":"https:\/\/projectes.xtec.cat\/xtcd\/?page_id=9146"},"modified":"2024-09-01T15:25:10","modified_gmt":"2024-09-01T13:25:10","slug":"coordinacio-digital-de-centre","status":"publish","type":"page","link":"https:\/\/projectes.xtec.cat\/xtcd\/coordinacio-digital-de-centre\/","title":{"rendered":"Subxarxa de la Coordinaci\u00f3 digital de centre (CDC)"},"content":{"rendered":"\n<div class=\"wp-block-getwid-section\"><div class=\"wp-block-getwid-section__wrapper\"><div class=\"wp-block-getwid-section__inner-wrapper\"><div class=\"wp-block-getwid-section__background-holder\"><div class=\"wp-block-getwid-section__background has-background has-ast-global-color-4-background-color\"><\/div><div class=\"wp-block-getwid-section__foreground\"><\/div><\/div><div class=\"wp-block-getwid-section__content\"><div class=\"wp-block-getwid-section__inner-content\">\n<div style=\"height:30px\" aria-hidden=\"true\" class=\"wp-block-spacer\"><\/div>\n\n\n\n<p class=\"has-text-align-center has-large-font-size\">\u26a0\ufe0f Aquest web est\u00e0 en proc\u00e9s d&#8217;integraci\u00f3 amb el Nodes Digital.<\/p>\n\n\n\n<div class=\"wp-block-buttons is-content-justification-center is-layout-flex wp-container-core-buttons-is-layout-1 wp-block-buttons-is-layout-flex\">\n<div class=\"wp-block-button is-style-fill\"><a class=\"wp-block-button__link has-text-align-center wp-element-button\" href=\"https:\/\/projectes.xtec.cat\/digital\/formacio-docent\/xtcd\/subxarxa-de-la-coordinacio-digital-de-centre-cdc\/\" style=\"border-radius:25px\">Anar a la XTCD\/CDC 2024-25<\/a><\/div>\n<\/div>\n\n\n\n<div style=\"height:30px\" aria-hidden=\"true\" class=\"wp-block-spacer\"><\/div>\n<\/div><\/div><\/div><\/div><\/div>\n\n\n\n<div class=\"wp-block-getwid-section alignwide amaga alignwide\"><div class=\"wp-block-getwid-section__wrapper\"><div class=\"wp-block-getwid-section__inner-wrapper\"><div class=\"wp-block-getwid-section__background-holder\"><div class=\"wp-block-getwid-section__background\"><\/div><div class=\"wp-block-getwid-section__foreground\"><\/div><\/div><div class=\"wp-block-getwid-section__content\"><div class=\"wp-block-getwid-section__inner-content\">\n<p>Espai de comunicaci\u00f3 on tractar els temes relacionats amb la coordinaci\u00f3 digital de centre. Cada sessi\u00f3 est\u00e0 formada per un <strong>seminari web<\/strong>, un <strong>seminari territorial<\/strong> relacionat i <strong>converses al Nus<\/strong>, dins del grup de Coordinaci\u00f3 digital. <\/p>\n\n\n\n<div style=\"height:30px\" aria-hidden=\"true\" class=\"wp-block-spacer\"><\/div>\n<\/div><\/div><\/div><\/div><\/div>\n\n\n\n<div class=\"wp-block-getwid-section alignfull amaga alignfull\"><div class=\"wp-block-getwid-section__wrapper\"><div class=\"wp-block-getwid-section__inner-wrapper\"><div class=\"wp-block-getwid-section__background-holder\"><div class=\"wp-block-getwid-section__background has-background has-ast-global-color-4-background-color\"><\/div><div class=\"wp-block-getwid-section__foreground\"><\/div><\/div><div class=\"wp-block-getwid-section__content\"><div class=\"wp-block-getwid-section__inner-content\">\n<div class=\"wp-block-columns alignwide is-layout-flex wp-container-core-columns-is-layout-1 wp-block-columns-is-layout-flex\">\n<div class=\"wp-block-column is-layout-flow wp-block-column-is-layout-flow\">\n<h2 class=\"wp-block-heading\">Sessi\u00f3 5<\/h2>\n\n\n\n<p style=\"font-size:22px\"><strong>6 de juny de 2024,&nbsp;18:00<\/strong><\/p>\n\n\n\n<div class=\"wp-block-buttons is-horizontal is-content-justification-left is-layout-flex wp-container-core-buttons-is-layout-2 wp-block-buttons-is-layout-flex\">\n<div class=\"wp-block-button is-style-outline is-style-outline--1\"><a class=\"wp-block-button__link has-text-align-left wp-element-button\" href=\"https:\/\/projectes.xtec.cat\/xtcd\/coordinacio-digital-de-centre\/sessions-2023-24\/sessio-5\/\">Enlla\u00e7 a la sessi\u00f3<\/a><\/div>\n<\/div>\n<\/div>\n\n\n\n<div class=\"wp-block-column is-layout-flow wp-block-column-is-layout-flow\">\n<figure class=\"wp-block-image size-full\"><a href=\"https:\/\/projectes.xtec.cat\/xtcd\/coordinacio-digital-de-centre\/sessions-2023-24\/sessio-5\/\"><img loading=\"lazy\" decoding=\"async\" width=\"960\" height=\"540\" src=\"https:\/\/projectes.xtec.cat\/xtcd\/wp-content\/uploads\/usu1403\/2024\/06\/Grafisme-29-2.png\" alt=\"\" class=\"wp-image-13344\" srcset=\"https:\/\/projectes.xtec.cat\/xtcd\/wp-content\/uploads\/usu1403\/2024\/06\/Grafisme-29-2.png 960w, https:\/\/projectes.xtec.cat\/xtcd\/wp-content\/uploads\/usu1403\/2024\/06\/Grafisme-29-2-300x169.png 300w, https:\/\/projectes.xtec.cat\/xtcd\/wp-content\/uploads\/usu1403\/2024\/06\/Grafisme-29-2-768x432.png 768w\" sizes=\"auto, (max-width: 960px) 100vw, 960px\" \/><\/a><\/figure>\n<\/div>\n<\/div>\n<\/div><\/div><\/div><\/div><\/div>\n\n\n\n<div class=\"wp-block-getwid-section alignfull amaga alignfull\"><div class=\"wp-block-getwid-section__wrapper\"><div class=\"wp-block-getwid-section__inner-wrapper\"><div class=\"wp-block-getwid-section__background-holder\"><div class=\"wp-block-getwid-section__background has-background has-ast-global-color-8-background-color\"><\/div><div class=\"wp-block-getwid-section__foreground\"><\/div><\/div><div class=\"wp-block-getwid-section__content\"><div class=\"wp-block-getwid-section__inner-content\">\n<div style=\"height:30px\" aria-hidden=\"true\" class=\"wp-block-spacer\"><\/div>\n\n\n\n<h2 class=\"wp-block-heading has-ast-global-color-5-color has-text-color\">Sessions<\/h2>\n\n\n\n<div class=\"wp-block-columns is-layout-flex wp-container-core-columns-is-layout-2 wp-block-columns-is-layout-flex\">\n<div class=\"wp-block-column caixa is-layout-flow wp-block-column-is-layout-flow\">\n<h3 class=\"wp-block-heading has-ast-global-color-5-color has-text-color\">Sessi\u00f3 1<\/h3>\n\n\n\n<p class=\"has-ast-global-color-5-color has-text-color\">21.09.23 18:00<\/p>\n\n\n\n<p class=\"has-ast-global-color-5-color has-text-color\"><a href=\"https:\/\/projectes.xtec.cat\/xtcd\/coordinacio-digital-de-centre\/sessions-2023-24\/sessio-1\/\" data-type=\"URL\" data-id=\"https:\/\/projectes.xtec.cat\/xtcd\/coordinacio-digital-de-centre\/sessions-2023-24\/sessio-1\/\">Veure<\/a><\/p>\n<\/div>\n\n\n\n<div class=\"wp-block-column caixa is-layout-flow wp-block-column-is-layout-flow\">\n<h3 class=\"wp-block-heading has-ast-global-color-5-color has-text-color\">Sessi\u00f3 2<\/h3>\n\n\n\n<p class=\"has-ast-global-color-5-color has-text-color\">26.10.23 18:00<\/p>\n\n\n\n<p class=\"has-ast-global-color-5-color has-text-color\"><a href=\"https:\/\/projectes.xtec.cat\/xtcd\/coordinacio-digital-de-centre\/sessions-2023-24\/sessio-2\/\" data-type=\"URL\" data-id=\"https:\/\/projectes.xtec.cat\/xtcd\/coordinacio-digital-de-centre\/sessions-2023-24\/sessio-2\/\">Veure<\/a><\/p>\n<\/div>\n\n\n\n<div class=\"wp-block-column caixa is-layout-flow wp-block-column-is-layout-flow\">\n<h3 class=\"wp-block-heading has-ast-global-color-5-color has-text-color\">Sessi\u00f3 3<\/h3>\n\n\n\n<p class=\"has-ast-global-color-5-color has-text-color\">25.01.24 18:00<\/p>\n\n\n\n<p class=\"has-ast-global-color-5-color has-text-color\"><a href=\"https:\/\/projectes.xtec.cat\/xtcd\/coordinacio-digital-de-centre\/sessions-2023-24\/sessio-3\/\" data-type=\"link\" data-id=\"https:\/\/projectes.xtec.cat\/xtcd\/coordinacio-digital-de-centre\/sessions-2023-24\/sessio-3\/\">Veure<\/a><\/p>\n<\/div>\n\n\n\n<div class=\"wp-block-column caixa is-layout-flow wp-block-column-is-layout-flow\">\n<h3 class=\"wp-block-heading has-ast-global-color-5-color has-text-color\">Sessi\u00f3 4<\/h3>\n\n\n\n<p class=\"has-ast-global-color-4-color has-text-color\">18.04.24 18:00<\/p>\n\n\n\n<p class=\"has-white-color has-text-color\"><a href=\"https:\/\/projectes.xtec.cat\/xtcd\/coordinacio-digital-de-centre\/sessions-2023-24\/sessio-4\/\" data-type=\"link\" data-id=\"https:\/\/projectes.xtec.cat\/xtcd\/coordinacio-digital-de-centre\/sessions-2023-24\/sessio-4\/\">Veure<\/a><\/p>\n<\/div>\n\n\n\n<div class=\"wp-block-column caixa is-layout-flow wp-block-column-is-layout-flow\">\n<h3 class=\"wp-block-heading has-ast-global-color-5-color has-text-color\">Sessi\u00f3 5<\/h3>\n\n\n\n<p class=\"has-ast-global-color-5-color has-text-color\">06.06.24 18:00<\/p>\n\n\n\n<p class=\"has-ast-global-color-5-color has-text-color\"><a href=\"https:\/\/projectes.xtec.cat\/xtcd\/coordinacio-digital-de-centre\/sessions-2023-24\/sessio-5\/\" data-type=\"link\" data-id=\"https:\/\/projectes.xtec.cat\/xtcd\/coordinacio-digital-de-centre\/sessions-2023-24\/sessio-5\/\">Veure<\/a><\/p>\n<\/div>\n<\/div>\n\n\n\n<div style=\"height:50px\" aria-hidden=\"true\" class=\"wp-block-spacer\"><\/div>\n<\/div><\/div><\/div><\/div><\/div>\n\n\n\n<div class=\"wp-block-getwid-section alignfull amaga alignfull\"><div class=\"wp-block-getwid-section__wrapper\"><div class=\"wp-block-getwid-section__inner-wrapper\"><div class=\"wp-block-getwid-section__background-holder\"><div class=\"wp-block-getwid-section__background\"><\/div><div class=\"wp-block-getwid-section__foreground\"><\/div><\/div><div class=\"wp-block-getwid-section__content\"><div class=\"wp-block-getwid-section__inner-content\">\n<div style=\"height:30px\" aria-hidden=\"true\" id=\"certificacio\" class=\"wp-block-spacer\"><\/div>\n\n\n\n<h2 class=\"wp-block-heading\">Certificaci\u00f3 de la formaci\u00f3<\/h2>\n\n\n\n<p>Se certificaran <strong>30 hores <\/strong>de formaci\u00f3 despr\u00e9s de complir els seg\u00fcents requisits: <\/p>\n\n\n\n<div style=\"height:20px\" aria-hidden=\"true\" class=\"wp-block-spacer\"><\/div>\n\n\n\n<div class=\"wp-block-columns is-layout-flex wp-container-core-columns-is-layout-3 wp-block-columns-is-layout-flex\">\n<div class=\"wp-block-column caixa is-layout-flow wp-block-column-is-layout-flow\">\n<h3 class=\"wp-block-heading has-ast-global-color-8-color has-text-color\">Seminaris<\/h3>\n\n\n\n<p>1. Visualitzaci\u00f3 del 100% dels seminaris web. Es proporcionar\u00e0 un formulari d\u2019assist\u00e8ncia en l\u00ednia per a cada sessi\u00f3 que es mantindr\u00e0 obert fins a la seg\u00fcent sessi\u00f3. <\/p>\n\n\n\n<p>2. Assist\u00e8ncia al 80% dels seminaris territorials.&nbsp;<\/p>\n<\/div>\n\n\n\n<div class=\"wp-block-column caixa is-layout-flow wp-block-column-is-layout-flow\">\n<h3 class=\"wp-block-heading has-ast-global-color-8-color has-text-color\">Nus<\/h3>\n\n\n\n<p>3. Participaci\u00f3 en la xarxa docent <strong>Nus<\/strong>, dins de la <a rel=\"noreferrer noopener\" href=\"https:\/\/comunitat.edigital.cat\/c\/coordinacio-digital\/105\" target=\"_blank\">categoria de la Coordinaci\u00f3 digital<\/a> o subcategories complint els seg\u00fcents indicadors:<\/p>\n\n\n\n<ul class=\"wp-block-list\" id=\"block-cd313d02-dd47-4916-8bcf-51ef6e320d1e\">\n<li>Visitar la plataforma almenys durant 15 dies. \u00c9s indiferent si s\u00f3n consecutius o no.&nbsp;<\/li>\n\n\n\n<li>Llegir 60 temes de conversa.<\/li>\n\n\n\n<li>Llegir 200 respostes (sumant les respostes de tots els temes consultats)<br>No cal crear cap tema de conversa ni respondre cap missatge per certificar.<\/li>\n<\/ul>\n\n\n\n<p>Podeu comprovar els vostres <a href=\"https:\/\/ja.cat\/xtcd-cdc-participant\" data-type=\"URL\" data-id=\"https:\/\/ja.cat\/xtcd-cdc-participant\" target=\"_blank\" rel=\"noreferrer noopener\">indicadors de participaci\u00f3 aqu\u00ed<\/a>. <\/p>\n<\/div>\n\n\n\n<div class=\"wp-block-column caixa is-layout-flow wp-block-column-is-layout-flow\">\n<h3 class=\"wp-block-heading has-ast-global-color-8-color has-text-color\">Artefacte-recurs<\/h3>\n\n\n\n<figure class=\"wp-block-image alignright size-full is-resized\"><a href=\"https:\/\/projectes.xtec.cat\/xtcd\/wp-content\/uploads\/usu1403\/2024\/01\/modules.png\"><img loading=\"lazy\" decoding=\"async\" width=\"300\" height=\"300\" src=\"https:\/\/projectes.xtec.cat\/xtcd\/wp-content\/uploads\/usu1403\/2024\/01\/modules.png\" alt=\"icona de 3 caixes\" class=\"wp-image-13043\" style=\"aspect-ratio:1;width:98px;height:auto\" srcset=\"https:\/\/projectes.xtec.cat\/xtcd\/wp-content\/uploads\/usu1403\/2024\/01\/modules.png 300w, https:\/\/projectes.xtec.cat\/xtcd\/wp-content\/uploads\/usu1403\/2024\/01\/modules-150x150.png 150w\" sizes=\"auto, (max-width: 300px) 100vw, 300px\" \/><\/a><\/figure>\n\n\n\n<p>4. Valoraci\u00f3 positiva de l&#8217;<strong>activitat col\u00b7laborativa<\/strong> proposada. De manera autogestionada, els participants hauran de formar grups de 2 a 4 persones i fer una proposta de millora en l\u2019organitzaci\u00f3, gesti\u00f3 o dinamitzaci\u00f3 de la coordinaci\u00f3 digital en el centre. L&#8217;\u00e0mbit i format de presentaci\u00f3 de la proposta ser\u00e0 lliure (documents, v\u00eddeos, presentacions, etc.). L\u2019objectiu \u00e9s crear un repositori global amb totes aquestes aportacions que serveixi d\u2019inspiraci\u00f3 per a la resta de coordinacions. <\/p>\n\n\n\n<div class=\"wp-block-buttons is-content-justification-center is-layout-flex wp-container-core-buttons-is-layout-3 wp-block-buttons-is-layout-flex\">\n<div class=\"wp-block-button is-style-outline is-style-outline--2\"><a class=\"wp-block-button__link wp-element-button\" href=\"https:\/\/projectes.xtec.cat\/xtcd\/coordinacio-digital-de-centre\/recursos-artefacte\/\" style=\"border-radius:35px\">Anar al repositori<\/a><\/div>\n<\/div>\n<\/div>\n<\/div>\n\n\n\n<div style=\"height:20px\" aria-hidden=\"true\" class=\"wp-block-spacer\"><\/div>\n\n\n\n<div style=\"height:30px\" aria-hidden=\"true\" class=\"wp-block-spacer\"><\/div>\n<\/div><\/div><\/div><\/div><\/div>\n\n\n\n<div class=\"wp-block-getwid-section alignfull amaga alignfull\"><div class=\"wp-block-getwid-section__wrapper\"><div class=\"wp-block-getwid-section__inner-wrapper\"><div class=\"wp-block-getwid-section__background-holder\"><div class=\"wp-block-getwid-section__background has-background has-ast-global-color-4-background-color\"><\/div><div class=\"wp-block-getwid-section__foreground\"><\/div><\/div><div class=\"wp-block-getwid-section__content\"><div class=\"wp-block-getwid-section__inner-content\">\n<div style=\"height:50px\" aria-hidden=\"true\" class=\"wp-block-spacer\"><\/div>\n\n\n\n<div class=\"wp-block-columns is-layout-flex wp-container-core-columns-is-layout-4 wp-block-columns-is-layout-flex\">\n<div class=\"wp-block-column caixa is-layout-flow wp-block-column-is-layout-flow\">\n<h2 class=\"wp-block-heading\">Document clau<\/h2>\n\n\n\n<figure class=\"wp-block-image\"><img decoding=\"async\" src=\"https:\/\/projectes.xtec.cat\/xtcd\/wp-content\/uploads\/usu1403\/2021\/09\/orientacions.jpeg\" alt=\"Portada del document d'orientacions\"\/><\/figure>\n\n\n\n<p>Publicat el juliol de 2021, t\u00e9 com a objectiu facilitar la gesti\u00f3 del c\u00e0rrec a coordinadors i equips directius.<\/p>\n\n\n\n<div style=\"height:20px\" aria-hidden=\"true\" class=\"wp-block-spacer\"><\/div>\n\n\n\n<div class=\"wp-block-buttons is-horizontal is-content-justification-center is-layout-flex wp-container-core-buttons-is-layout-4 wp-block-buttons-is-layout-flex\">\n<div class=\"wp-block-button is-style-outline is-style-outline--3\"><a class=\"wp-block-button__link wp-element-button\" href=\"https:\/\/educacio.gencat.cat\/web\/.content\/home\/departament\/publicacions\/colleccions\/pla-educacio-digital\/orientacions-coordinacio-digital-centre\/orientacions-coordinacio-digital-centre.pdf\" target=\"_blank\" rel=\"noreferrer noopener\">Veure document<\/a><\/div>\n<\/div>\n<\/div>\n\n\n\n<div class=\"wp-block-column caixa is-layout-flow wp-block-column-is-layout-flow\">\n<h2 class=\"wp-block-heading\">Web de refer\u00e8ncia<\/h2>\n\n\n\n<figure class=\"wp-block-image size-large\"><img loading=\"lazy\" decoding=\"async\" width=\"1024\" height=\"655\" src=\"https:\/\/projectes.xtec.cat\/xtcd\/wp-content\/uploads\/usu1403\/2023\/09\/digital-coordinacio-1024x655.jpg\" alt=\"captura web coordinaci\u00f3\" class=\"wp-image-12571\" srcset=\"https:\/\/projectes.xtec.cat\/xtcd\/wp-content\/uploads\/usu1403\/2023\/09\/digital-coordinacio-1024x655.jpg 1024w, https:\/\/projectes.xtec.cat\/xtcd\/wp-content\/uploads\/usu1403\/2023\/09\/digital-coordinacio-300x192.jpg 300w, https:\/\/projectes.xtec.cat\/xtcd\/wp-content\/uploads\/usu1403\/2023\/09\/digital-coordinacio-768x491.jpg 768w, https:\/\/projectes.xtec.cat\/xtcd\/wp-content\/uploads\/usu1403\/2023\/09\/digital-coordinacio-1536x982.jpg 1536w, https:\/\/projectes.xtec.cat\/xtcd\/wp-content\/uploads\/usu1403\/2023\/09\/digital-coordinacio.jpg 1674w\" sizes=\"auto, (max-width: 1024px) 100vw, 1024px\" \/><\/figure>\n\n\n\n<p>El web Digital concentra tota la informaci\u00f3 que necessita un coordinador\/a digital dins del apartat dedicat al perfil Coordinaci\u00f3 digital. <\/p>\n\n\n\n<div style=\"height:20px\" aria-hidden=\"true\" class=\"wp-block-spacer\"><\/div>\n\n\n\n<div class=\"wp-block-buttons is-horizontal is-content-justification-center is-layout-flex wp-container-core-buttons-is-layout-5 wp-block-buttons-is-layout-flex\">\n<div class=\"wp-block-button is-style-outline is-style-outline--4\"><a class=\"wp-block-button__link wp-element-button\" href=\"https:\/\/projectes.xtec.cat\/digital\/perfils\/coordinacio-digital\/\" target=\"_blank\" rel=\"noreferrer noopener\">Anar a Digital<\/a><\/div>\n<\/div>\n<\/div>\n\n\n\n<div class=\"wp-block-column caixa is-layout-flow wp-block-column-is-layout-flow\">\n<h2 class=\"wp-block-heading\">Grup al Nus<\/h2>\n\n\n\n<figure class=\"wp-block-image size-large\"><img loading=\"lazy\" decoding=\"async\" width=\"910\" height=\"608\" src=\"https:\/\/projectes.xtec.cat\/xtcd\/wp-content\/uploads\/usu1403\/2021\/09\/nus.jpeg\" alt=\"\" class=\"wp-image-9230\" srcset=\"https:\/\/projectes.xtec.cat\/xtcd\/wp-content\/uploads\/usu1403\/2021\/09\/nus.jpeg 910w, https:\/\/projectes.xtec.cat\/xtcd\/wp-content\/uploads\/usu1403\/2021\/09\/nus-300x200.jpeg 300w, https:\/\/projectes.xtec.cat\/xtcd\/wp-content\/uploads\/usu1403\/2021\/09\/nus-768x513.jpeg 768w\" sizes=\"auto, (max-width: 910px) 100vw, 910px\" \/><\/figure>\n\n\n\n<p><strong>Nus<\/strong> \u00e9s la xarxa docent de Catalunya amb m\u00e9s de 8500 docents. 2700 formen part del grup de coordinadors i coordinadores on es comparteixen dubtes, solucions i estrat\u00e8gies.<\/p>\n\n\n\n<div style=\"height:20px\" aria-hidden=\"true\" class=\"wp-block-spacer\"><\/div>\n\n\n\n<div class=\"wp-block-buttons is-horizontal is-content-justification-center is-layout-flex wp-container-core-buttons-is-layout-6 wp-block-buttons-is-layout-flex\">\n<div class=\"wp-block-button is-style-outline is-style-outline--5\"><a class=\"wp-block-button__link wp-element-button\" href=\"https:\/\/comunitat.edigital.cat\/c\/coordinacio-digital\/105\">Entra<\/a><\/div>\n<\/div>\n<\/div>\n<\/div>\n\n\n\n<div style=\"height:50px\" aria-hidden=\"true\" class=\"wp-block-spacer\"><\/div>\n<\/div><\/div><\/div><\/div><\/div>\n","protected":false},"excerpt":{"rendered":"","protected":false},"author":1,"featured_media":0,"parent":0,"menu_order":0,"comment_status":"closed","ping_status":"closed","template":"","meta":{"site-sidebar-layout":"no-sidebar","site-content-layout":"page-builder","ast-site-content-layout":"full-width-container","site-content-style":"unboxed","site-sidebar-style":"unboxed","ast-global-header-display":"","ast-banner-title-visibility":"","ast-main-header-display":"","ast-hfb-above-header-display":"","ast-hfb-below-header-display":"","ast-hfb-mobile-header-display":"","site-post-title":"","ast-breadcrumbs-content":"","ast-featured-img":"","footer-sml-layout":"","theme-transparent-header-meta":"default","adv-header-id-meta":"","stick-header-meta":"default","header-above-stick-meta":"","header-main-stick-meta":"","header-below-stick-meta":"","astra-migrate-meta-layouts":"set","ast-page-background-enabled":"default","ast-page-background-meta":{"desktop":{"background-color":"","background-image":"","background-repeat":"repeat","background-position":"center center","background-size":"auto","background-attachment":"scroll","background-type":"","background-media":"","overlay-type":"","overlay-color":"","overlay-opacity":"","overlay-gradient":""},"tablet":{"background-color":"","background-image":"","background-repeat":"repeat","background-position":"center center","background-size":"auto","background-attachment":"scroll","background-type":"","background-media":"","overlay-type":"","overlay-color":"","overlay-opacity":"","overlay-gradient":""},"mobile":{"background-color":"","background-image":"","background-repeat":"repeat","background-position":"center center","background-size":"auto","background-attachment":"scroll","background-type":"","background-media":"","overlay-type":"","overlay-color":"","overlay-opacity":"","overlay-gradient":""}},"ast-content-background-meta":{"desktop":{"background-color":"var(--ast-global-color-5)","background-image":"","background-repeat":"repeat","background-position":"center center","background-size":"auto","background-attachment":"scroll","background-type":"","background-media":"","overlay-type":"","overlay-color":"","overlay-opacity":"","overlay-gradient":""},"tablet":{"background-color":"var(--ast-global-color-5)","background-image":"","background-repeat":"repeat","background-position":"center center","background-size":"auto","background-attachment":"scroll","background-type":"","background-media":"","overlay-type":"","overlay-color":"","overlay-opacity":"","overlay-gradient":""},"mobile":{"background-color":"var(--ast-global-color-5)","background-image":"","background-repeat":"repeat","background-position":"center center","background-size":"auto","background-attachment":"scroll","background-type":"","background-media":"","overlay-type":"","overlay-color":"","overlay-opacity":"","overlay-gradient":""}},"footnotes":""},"class_list":["post-9146","page","type-page","status-publish","hentry"],"_links":{"self":[{"href":"https:\/\/projectes.xtec.cat\/xtcd\/wp-json\/wp\/v2\/pages\/9146","targetHints":{"allow":["GET"]}}],"collection":[{"href":"https:\/\/projectes.xtec.cat\/xtcd\/wp-json\/wp\/v2\/pages"}],"about":[{"href":"https:\/\/projectes.xtec.cat\/xtcd\/wp-json\/wp\/v2\/types\/page"}],"author":[{"embeddable":true,"href":"https:\/\/projectes.xtec.cat\/xtcd\/wp-json\/wp\/v2\/users\/1"}],"replies":[{"embeddable":true,"href":"https:\/\/projectes.xtec.cat\/xtcd\/wp-json\/wp\/v2\/comments?post=9146"}],"version-history":[{"count":6,"href":"https:\/\/projectes.xtec.cat\/xtcd\/wp-json\/wp\/v2\/pages\/9146\/revisions"}],"predecessor-version":[{"id":13441,"href":"https:\/\/projectes.xtec.cat\/xtcd\/wp-json\/wp\/v2\/pages\/9146\/revisions\/13441"}],"wp:attachment":[{"href":"https:\/\/projectes.xtec.cat\/xtcd\/wp-json\/wp\/v2\/media?parent=9146"}],"curies":[{"name":"wp","href":"https:\/\/api.w.org\/{rel}","templated":true}]}}