{"id":9155,"date":"2021-09-11T16:26:08","date_gmt":"2021-09-11T14:26:08","guid":{"rendered":"https:\/\/projectes.xtec.cat\/xtcd\/?page_id=9155"},"modified":"2024-06-01T00:03:35","modified_gmt":"2024-05-31T22:03:35","slug":"temes","status":"publish","type":"page","link":"https:\/\/projectes.xtec.cat\/xtcd\/temes\/","title":{"rendered":"Cerca per temes"},"content":{"rendered":"\n<div style=\"height:30px\" aria-hidden=\"true\" class=\"wp-block-spacer\"><\/div>\n\n\n<div class=\"seccio gris-petita\">\n<p class=\"text-destacat\">En aquesta p\u00e0gina pots trobar totes les pon\u00e8ncies de les sessions, classificades per tema i etapa. L&#8217;enlla\u00e7 en el t\u00edtol porta a la p\u00e0gina de la sessi\u00f3 on es va fer la pon\u00e8ncia, el s\u00edmbol <img decoding=\"async\" src=\"https:\/\/projectes.xtec.cat\/xtcd\/wp-content\/uploads\/usu1403\/2021\/06\/logo_youtube.png\" alt=\"icona youtube\" width=\"30\" class=\"alignnone size-full wp-image-8949\" \/> porta al moment concret de l&#8217;inici de la pon\u00e8ncia i el s\u00edmbol <img decoding=\"async\" src=\"https:\/\/projectes.xtec.cat\/xtcd\/wp-content\/uploads\/usu1403\/2021\/09\/nus_logo_negre.png\" alt=\"icona de Nus\" width=\"25\" class=\"alignnone size-full wp-image-9185\" srcset=\"https:\/\/projectes.xtec.cat\/xtcd\/wp-content\/uploads\/usu1403\/2021\/09\/nus_logo_negre.png 500w, https:\/\/projectes.xtec.cat\/xtcd\/wp-content\/uploads\/usu1403\/2021\/09\/nus_logo_negre-290x300.png 290w\" sizes=\"(max-width: 500px) 100vw, 500px\" \/> porta a una o m\u00e9s converses associades a la pon\u00e8ncia.<\/p>\n<\/div>\n<div id=\"filtres\" class=\"wp-block-columns\" style=\"margin-top:3em;margin-bottom:2em\">\n<div id=\"cercador\" class=\"wp-block-column\">\n<input id=\"cercador-temes\" type=\"text\" style=\"width:100%;border: 3px solid black;height:52px\" placeholder=\"Escriu una paraula clau\" \/><\/div>\n<div class=\"wp-block-column\">\n<select name=\"curs\" id=\"curs\" style=\"width:100%\"><optgroup><option selected=\"selected\" value=\"\">Curs<\/option><\/optgroup><br \/>\n<optgroup><option value=\"2021-22\">Curs 2021-22<\/option><option value=\"2020-21\">Curs 2020-21<\/option><\/optgroup><br \/>\n<\/select><\/div>\n<div class=\"wp-block-column\">\n<select name=\"subxarxa\" id=\"subxarxa\" style=\"width:100%\"><optgroup><option selected=\"selected\" value=\"\">Subxarxa<\/option><\/optgroup><br \/>\n<optgroup><option value=\"CDD\">CDD &#8211; Compet\u00e8ncia digital docent<\/option><option value=\"EDC\">EDC &#8211; Estrat\u00e8gia digital de centre<\/option><option value=\"CDC\">CDC &#8211; Coordinaci\u00f3 digital de centre<\/option><\/optgroup><br \/>\n<\/select><\/div>\n<div class=\"wp-block-column\">\n<select name=\"tema\" id=\"tema\" style=\"width:100%\"><optgroup><option selected=\"selected\" value=\"\">Tema<\/option><\/optgroup><br \/>\n<optgroup><option value=\"compd\">Compet\u00e8ncia digital<\/option><option value=\"edc\">Estrat\u00e8gia digital de centre<\/option><option value=\"coordd\">Coordinaci\u00f3 digital<\/option><option value=\"orientacions\">Orientacions<\/option><option value=\"contd\">Continguts digitals<\/option><option value=\"avaluacio\">Avaluaci\u00f3<\/option><option value=\"xtcd\">XTCD<\/option><\/optgroup><br \/>\n<optgroup><option value=\"experiencies\">Experi\u00e8ncies de centre<\/option><option value=\"taula-rodona\">Taula rodona<\/option><\/optgroup><br \/>\n<\/select><\/div>\n<div class=\"wp-block-column\">\n<select name=\"etapa\" id=\"etapa\" style=\"width:100%\"><optgroup><option selected=\"selected\" value=\"\">Etapa<\/option><\/optgroup><br \/>\n<optgroup><option value=\"infantil\">Infantil<\/option><option value=\"primaria\">Prim\u00e0ria<\/option><option value=\"secundaria\">Secund\u00e0ria<\/option><\/optgroup><br \/>\n<\/select><\/div>\n<\/div>\n<\/div>\n<div class=\"wp-block-columns\">\n<div class=\"wp-block-column\">\n<table id=\"tbl-temes\" class=\"display\" width=\"100%\">\n<thead>\n<tr>\n<th class=\"none\">Curs&nbsp;&nbsp;&nbsp;<\/th>\n<th>Subxarxa<\/th>\n<th><\/th>\n<th>T\u00edtol<\/th>\n<th >Descripci\u00f3<\/th>\n<th class=\"none\">A c\u00e0rrec de<\/th>\n<th class=\"none\">Pertany a<\/th>\n<th class=\"none\">Durada<\/th>\n<th>V\u00eddeo<\/th>\n<th>Nus<\/th>\n<th><\/th>\n<\/tr>\n<\/thead>\n<\/table>\n<\/div>\n<\/div>","protected":false},"excerpt":{"rendered":"<p>En aquesta p\u00e0gina pots trobar totes les pon\u00e8ncies de les sessions, classificades per tema i etapa. L&#8217;enlla\u00e7 en el t\u00edtol porta a la p\u00e0gina de la sessi\u00f3 on es va fer la pon\u00e8ncia, el s\u00edmbol porta al moment concret de l&#8217;inici de la pon\u00e8ncia i el s\u00edmbol porta a una o m\u00e9s converses associades a [&hellip;]<\/p>\n","protected":false},"author":2,"featured_media":0,"parent":0,"menu_order":0,"comment_status":"closed","ping_status":"closed","template":"","meta":{"site-sidebar-layout":"no-sidebar","site-content-layout":"page-builder","ast-site-content-layout":"normal-width-container","site-content-style":"unboxed","site-sidebar-style":"unboxed","ast-global-header-display":"","ast-banner-title-visibility":"","ast-main-header-display":"disabled","ast-hfb-above-header-display":"","ast-hfb-below-header-display":"","ast-hfb-mobile-header-display":"","site-post-title":"disabled","ast-breadcrumbs-content":"","ast-featured-img":"","footer-sml-layout":"","theme-transparent-header-meta":"default","adv-header-id-meta":"9134","stick-header-meta":"default","header-above-stick-meta":"","header-main-stick-meta":"","header-below-stick-meta":"","astra-migrate-meta-layouts":"set","ast-page-background-enabled":"default","ast-page-background-meta":{"desktop":{"background-color":"","background-image":"","background-repeat":"repeat","background-position":"center center","background-size":"auto","background-attachment":"scroll","background-type":"","background-media":"","overlay-type":"","overlay-color":"","overlay-opacity":"","overlay-gradient":""},"tablet":{"background-color":"","background-image":"","background-repeat":"repeat","background-position":"center center","background-size":"auto","background-attachment":"scroll","background-type":"","background-media":"","overlay-type":"","overlay-color":"","overlay-opacity":"","overlay-gradient":""},"mobile":{"background-color":"","background-image":"","background-repeat":"repeat","background-position":"center center","background-size":"auto","background-attachment":"scroll","background-type":"","background-media":"","overlay-type":"","overlay-color":"","overlay-opacity":"","overlay-gradient":""}},"ast-content-background-meta":{"desktop":{"background-color":"var(--ast-global-color-5)","background-image":"","background-repeat":"repeat","background-position":"center center","background-size":"auto","background-attachment":"scroll","background-type":"","background-media":"","overlay-type":"","overlay-color":"","overlay-opacity":"","overlay-gradient":""},"tablet":{"background-color":"var(--ast-global-color-5)","background-image":"","background-repeat":"repeat","background-position":"center center","background-size":"auto","background-attachment":"scroll","background-type":"","background-media":"","overlay-type":"","overlay-color":"","overlay-opacity":"","overlay-gradient":""},"mobile":{"background-color":"var(--ast-global-color-5)","background-image":"","background-repeat":"repeat","background-position":"center center","background-size":"auto","background-attachment":"scroll","background-type":"","background-media":"","overlay-type":"","overlay-color":"","overlay-opacity":"","overlay-gradient":""}},"footnotes":""},"class_list":["post-9155","page","type-page","status-publish","hentry"],"_links":{"self":[{"href":"https:\/\/projectes.xtec.cat\/xtcd\/wp-json\/wp\/v2\/pages\/9155","targetHints":{"allow":["GET"]}}],"collection":[{"href":"https:\/\/projectes.xtec.cat\/xtcd\/wp-json\/wp\/v2\/pages"}],"about":[{"href":"https:\/\/projectes.xtec.cat\/xtcd\/wp-json\/wp\/v2\/types\/page"}],"author":[{"embeddable":true,"href":"https:\/\/projectes.xtec.cat\/xtcd\/wp-json\/wp\/v2\/users\/2"}],"replies":[{"embeddable":true,"href":"https:\/\/projectes.xtec.cat\/xtcd\/wp-json\/wp\/v2\/comments?post=9155"}],"version-history":[{"count":5,"href":"https:\/\/projectes.xtec.cat\/xtcd\/wp-json\/wp\/v2\/pages\/9155\/revisions"}],"predecessor-version":[{"id":13313,"href":"https:\/\/projectes.xtec.cat\/xtcd\/wp-json\/wp\/v2\/pages\/9155\/revisions\/13313"}],"wp:attachment":[{"href":"https:\/\/projectes.xtec.cat\/xtcd\/wp-json\/wp\/v2\/media?parent=9155"}],"curies":[{"name":"wp","href":"https:\/\/api.w.org\/{rel}","templated":true}]}}