{"id":9235,"date":"2021-09-11T20:28:42","date_gmt":"2021-09-11T18:28:42","guid":{"rendered":"https:\/\/projectes.xtec.cat\/xtcd\/?page_id=9235"},"modified":"2024-05-12T14:04:22","modified_gmt":"2024-05-12T12:04:22","slug":"sessions-2020-21","status":"publish","type":"page","link":"https:\/\/projectes.xtec.cat\/xtcd\/sessions-2020-21\/","title":{"rendered":"Sessions 2020-21"},"content":{"rendered":"\n<div class=\"wp-block-getwid-section\"><div class=\"wp-block-getwid-section__wrapper\"><div class=\"wp-block-getwid-section__inner-wrapper\"><div class=\"wp-block-getwid-section__background-holder\"><div class=\"wp-block-getwid-section__background\"><\/div><div class=\"wp-block-getwid-section__foreground\"><\/div><\/div><div class=\"wp-block-getwid-section__content\"><div class=\"wp-block-getwid-section__inner-content\">\n<div class=\"seccio gris-petita\">\n<p class=\"text-destacat\">Neix la Xarxa Territorial de Cultura Digital, amb vocaci\u00f3 global, dirigida a tots els docents. Es van realitzar 5 sessions on es van tractar temes com l\u2019<span class=\"coral\">avaluaci\u00f3 de la compet\u00e8ncia digital<\/span> (infantil, prim\u00e0ria i secund\u00e0ria), l\u2019<span class=\"coral\">Estrat\u00e8gia digital<\/span> de centre (EDC) i <span class=\"coral\">continguts digitals<\/span> en general.<\/p>\n<\/div>\n<div class=\"sessions-list\">\n<div class=\"seccio\">\n<div class=\"wp-block-columns\">\n<div class=\"wp-block-column sessio\" data-aos=\"fade-right\" data-aos-duration=\"1500\">\n<h2>Sessi\u00f3 1<\/h2>\n<h3>Orientacions i recursos per a l\u2019avaluaci\u00f3 de la compet\u00e8ncia digital de l\u2019alumnat de secund\u00e0ria<\/h3>\n<p><img loading=\"lazy\" decoding=\"async\" class=\" wp-image-9554 alignright\" src=\"https:\/\/projectes.xtec.cat\/xtcd\/wp-content\/uploads\/usu1403\/2021\/09\/checklist-300x300-1.png\" alt=\"\" width=\"171\" height=\"171\" srcset=\"https:\/\/projectes.xtec.cat\/xtcd\/wp-content\/uploads\/usu1403\/2021\/09\/checklist-300x300-1.png 300w, https:\/\/projectes.xtec.cat\/xtcd\/wp-content\/uploads\/usu1403\/2021\/09\/checklist-300x300-1-150x150.png 150w\" sizes=\"auto, (max-width: 171px) 100vw, 171px\" \/>En aquesta primera sessi\u00f3 es presenta el <strong>document d&#8217;orientacions<\/strong> per a l&#8217;avaluaci\u00f3 de la compet\u00e8ncia digital de l&#8217;alumnat de secund\u00e0ria i l&#8217;experi\u00e8ncia de <strong>l\u2019Institut Narc\u00eds Oller<\/strong> de Valls al voltant de l\u2019avaluaci\u00f3 de la compet\u00e8ncia digital de l\u2019alumnat. Es mostren r\u00fabriques que fan servir al seu centre.<\/p>\n<p>26 d&#8217;octubre de 2020<\/p>\n<p><a class=\"button\" href=\"https:\/\/projectes.xtec.cat\/xtcd\/sessions-2020-21\/sessio1-orientacions-i-recursos-per-a-lavaluacio-de-la-competencia-digital-de-lalumnat-de-secundaria\/\">M\u00e9s informaci\u00f3<\/a><\/p>\n<\/div>\n<div class=\"wp-block-column sessio\" data-aos=\"fade-left\" data-aos-duration=\"1500\">\n<h2>Sessi\u00f3 2<\/h2>\n<h3>Continguts digitals<a href=\"https:\/\/projectes.xtec.cat\/repo\/wp-content\/uploads\/usu2637\/2021\/08\/module.png\"><img loading=\"lazy\" decoding=\"async\" class=\"wp-image-9220 alignright\" src=\"https:\/\/projectes.xtec.cat\/repo\/wp-content\/uploads\/usu2637\/2021\/08\/module.png\" alt=\"\" width=\"190\" height=\"190\" \/><\/a><\/h3>\n<p>Aquesta segona sessi\u00f3 se centra en els <strong>continguts digitals<\/strong>. La <strong>Mariona Gran\u00e9<\/strong> (UB) ens ajuda a entendre qu\u00e8 \u00e9s un bon contingut digital. A la sessi\u00f3 tamb\u00e9 es parla d\u2019eines per la creaci\u00f3 de continguts, com ara <strong>JClic, eXeLearning<\/strong> i <strong>H5P<\/strong>, novetats en els repositoris <strong>Alexandria, Toolbox<\/strong> i <strong>Edu365<\/strong> i diverses formes per incorporar llibres digitals al Moodle de centre. Per \u00faltim, l&#8217;<strong>Escola La Parellada<\/strong> (Santa Oliva) ens mostra com fan servir els recursos digitals per interactuar amb l&#8217;alumnat i les fam\u00edlies.<\/p>\n<p>14 de desembre de 2020<\/p>\n<p><a class=\"button\" href=\"https:\/\/projectes.xtec.cat\/xtcd\/sessions-2020-21\/sessio-2-continguts-digitals\/\">M\u00e9s informaci\u00f3<\/a><\/p>\n<\/div>\n<\/div>\n<\/div>\n<div class=\"seccio\">\n<div class=\"wp-block-columns\">\n<div class=\"wp-block-column sessio\" data-aos=\"fade-right\" data-aos-duration=\"1500\">\n<h2>Sessi\u00f3 3<\/h2>\n<h3>Observaci\u00f3 i an\u00e0lisi metodol\u00f2gica de la compet\u00e8ncia digital<a href=\"https:\/\/projectes.xtec.cat\/repo\/wp-content\/uploads\/usu2637\/2021\/08\/eye-checked.png\"><img loading=\"lazy\" decoding=\"async\" class=\"wp-image-9209 alignright\" src=\"https:\/\/projectes.xtec.cat\/repo\/wp-content\/uploads\/usu2637\/2021\/08\/eye-checked.png\" alt=\"\" width=\"190\" height=\"190\" \/><\/a><\/h3>\n<p>Quina compet\u00e8ncia digital tenim al nostre centre educatiu? I jo, com a docent, quina \u00e9s la meva compet\u00e8ncia digital? En aquesta tercera sessi\u00f3, s&#8217;ofereixen orientacions de com fer aquesta avaluaci\u00f3 i es comparteixen les experi\u00e8ncies de diagnosi dels centres <strong>Institut Ramon Coll i Rod\u00e8s<\/strong> (Lloret de mar), <strong>Escola La Vila<\/strong> (Palam\u00f3s), <strong>Escola Montessori<\/strong> (Rub\u00ed).<\/p>\n<p>25 de gener de 2021<\/p>\n<p><a class=\"button\" href=\"https:\/\/projectes.xtec.cat\/xtcd\/sessions-2020-21\/sessio-3-observacio-i-analisi-metodologica-de-la-competencia-digital\/\">M\u00e9s informaci\u00f3<\/a><\/p>\n<\/div>\n<div class=\"wp-block-column sessio\" data-aos=\"fade-left\" data-aos-duration=\"1500\">\n<h2>Sessi\u00f3 4<\/h2>\n<h3>Estrat\u00e8gia digital de centre<a href=\"https:\/\/projectes.xtec.cat\/repo\/wp-content\/uploads\/usu2637\/2021\/08\/icons8-document-480.png\"><img loading=\"lazy\" decoding=\"async\" class=\"wp-image-9207 alignright\" src=\"https:\/\/projectes.xtec.cat\/repo\/wp-content\/uploads\/usu2637\/2021\/08\/icons8-document-480.png\" alt=\"\" width=\"186\" height=\"186\" \/><\/a><\/h3>\n<p>Presentaci\u00f3 del <strong>document<\/strong> que estableix les fases i orientacions per a l&#8217;elaboraci\u00f3 de l&#8217;Estrat\u00e8gia digital en un centre educatiu. La sessi\u00f3 inclou l&#8217;experi\u00e8ncia de l&#8217;<strong>Institut Escola Daniel Mangran\u00e9<\/strong> en l&#8217;aplicaci\u00f3 de l&#8217;estrat\u00e8gia digital i una <strong>taula rodona<\/strong> sobre la diagnosi de la compet\u00e8ncia digital al centre.<\/p>\n<p>22 de mar\u00e7 de 2021<\/p>\n<p><a class=\"button\" href=\"https:\/\/projectes.xtec.cat\/xtcd\/sessions-2020-21\/sessio-4-estrategia-digital-de-centre\/\">M\u00e9s informaci\u00f3<\/a><\/p>\n<\/div>\n<\/div>\n<\/div>\n<div class=\"seccio\">\n<div class=\"wp-block-columns\">\n<div class=\"wp-block-column sessio\" data-aos=\"fade-right\" data-aos-duration=\"1000\">\n<h2>Sessi\u00f3 5<\/h2>\n<h3>Orientacions per a l\u2019avaluaci\u00f3 de la compet\u00e8ncia digital de l\u2019alumnat de prim\u00e0ria i \u00das de la tecnologia al servei del desenvolupament de les capacitats a l\u2019educaci\u00f3 infantil<a href=\"https:\/\/projectes.xtec.cat\/repo\/wp-content\/uploads\/usu2637\/2021\/08\/playground.png\"><img loading=\"lazy\" decoding=\"async\" class=\"wp-image-9215 alignright\" src=\"https:\/\/projectes.xtec.cat\/repo\/wp-content\/uploads\/usu2637\/2021\/08\/playground.png\" alt=\"\" width=\"237\" height=\"237\" \/><\/a><\/h3>\n<p>En aquesta darrera sessi\u00f3 es presenten <strong>dos documents<\/strong>\u00a0relacionats amb la <strong>compet\u00e8ncia digital<\/strong> de l&#8217;alumnat en les etapes de prim\u00e0ria i infantil. L&#8217;<strong>Escola Cam\u00ed del Mig<\/strong> (Matar\u00f3) comparteix la seva experi\u00e8ncia en l&#8217;avaluaci\u00f3 de la compet\u00e8ncia digital del seu alumnat.<\/p>\n<p>10 de maig de 2021<\/p>\n<p><a class=\"button\" href=\"https:\/\/projectes.xtec.cat\/xtcd\/sessions-2020-21\/sessio-5-orientacions-per-a-lavaluacio-de-la-competencia-digital-de-lalumnat-de-primaria-i-us-de-la-tecnologia-al-servei-del-desenvolupament-de-les-capacitats-a-leducacio-i\/\">M\u00e9s informaci\u00f3<\/a><\/p>\n<\/div>\n<div class=\"wp-block-column\">\u00a0<\/div>\n<\/div>\n<\/div>\n<\/div>\n<\/div><\/div><\/div><\/div><\/div>\n","protected":false},"excerpt":{"rendered":"","protected":false},"author":2,"featured_media":0,"parent":0,"menu_order":0,"comment_status":"closed","ping_status":"closed","template":"","meta":{"site-sidebar-layout":"no-sidebar","site-content-layout":"page-builder","ast-site-content-layout":"full-width-container","site-content-style":"unboxed","site-sidebar-style":"unboxed","ast-global-header-display":"","ast-banner-title-visibility":"","ast-main-header-display":"disabled","ast-hfb-above-header-display":"","ast-hfb-below-header-display":"","ast-hfb-mobile-header-display":"","site-post-title":"","ast-breadcrumbs-content":"","ast-featured-img":"","footer-sml-layout":"","theme-transparent-header-meta":"default","adv-header-id-meta":"9237","stick-header-meta":"default","header-above-stick-meta":"","header-main-stick-meta":"","header-below-stick-meta":"","astra-migrate-meta-layouts":"set","ast-page-background-enabled":"default","ast-page-background-meta":{"desktop":{"background-color":"","background-image":"","background-repeat":"repeat","background-position":"center center","background-size":"auto","background-attachment":"scroll","background-type":"","background-media":"","overlay-type":"","overlay-color":"","overlay-opacity":"","overlay-gradient":""},"tablet":{"background-color":"","background-image":"","background-repeat":"repeat","background-position":"center center","background-size":"auto","background-attachment":"scroll","background-type":"","background-media":"","overlay-type":"","overlay-color":"","overlay-opacity":"","overlay-gradient":""},"mobile":{"background-color":"","background-image":"","background-repeat":"repeat","background-position":"center center","background-size":"auto","background-attachment":"scroll","background-type":"","background-media":"","overlay-type":"","overlay-color":"","overlay-opacity":"","overlay-gradient":""}},"ast-content-background-meta":{"desktop":{"background-color":"var(--ast-global-color-5)","background-image":"","background-repeat":"repeat","background-position":"center center","background-size":"auto","background-attachment":"scroll","background-type":"","background-media":"","overlay-type":"","overlay-color":"","overlay-opacity":"","overlay-gradient":""},"tablet":{"background-color":"var(--ast-global-color-5)","background-image":"","background-repeat":"repeat","background-position":"center center","background-size":"auto","background-attachment":"scroll","background-type":"","background-media":"","overlay-type":"","overlay-color":"","overlay-opacity":"","overlay-gradient":""},"mobile":{"background-color":"var(--ast-global-color-5)","background-image":"","background-repeat":"repeat","background-position":"center center","background-size":"auto","background-attachment":"scroll","background-type":"","background-media":"","overlay-type":"","overlay-color":"","overlay-opacity":"","overlay-gradient":""}},"footnotes":""},"class_list":["post-9235","page","type-page","status-publish","hentry"],"_links":{"self":[{"href":"https:\/\/projectes.xtec.cat\/xtcd\/wp-json\/wp\/v2\/pages\/9235","targetHints":{"allow":["GET"]}}],"collection":[{"href":"https:\/\/projectes.xtec.cat\/xtcd\/wp-json\/wp\/v2\/pages"}],"about":[{"href":"https:\/\/projectes.xtec.cat\/xtcd\/wp-json\/wp\/v2\/types\/page"}],"author":[{"embeddable":true,"href":"https:\/\/projectes.xtec.cat\/xtcd\/wp-json\/wp\/v2\/users\/2"}],"replies":[{"embeddable":true,"href":"https:\/\/projectes.xtec.cat\/xtcd\/wp-json\/wp\/v2\/comments?post=9235"}],"version-history":[{"count":4,"href":"https:\/\/projectes.xtec.cat\/xtcd\/wp-json\/wp\/v2\/pages\/9235\/revisions"}],"predecessor-version":[{"id":13255,"href":"https:\/\/projectes.xtec.cat\/xtcd\/wp-json\/wp\/v2\/pages\/9235\/revisions\/13255"}],"wp:attachment":[{"href":"https:\/\/projectes.xtec.cat\/xtcd\/wp-json\/wp\/v2\/media?parent=9235"}],"curies":[{"name":"wp","href":"https:\/\/api.w.org\/{rel}","templated":true}]}}