{"id":9250,"date":"2021-09-11T21:04:14","date_gmt":"2021-09-11T19:04:14","guid":{"rendered":"https:\/\/projectes.xtec.cat\/xtcd\/?page_id=9250"},"modified":"2024-06-28T14:35:51","modified_gmt":"2024-06-28T12:35:51","slug":"sessio-3-observacio-i-analisi-metodologica-de-la-competencia-digital","status":"publish","type":"page","link":"https:\/\/projectes.xtec.cat\/xtcd\/sessions-2020-21\/sessio-3-observacio-i-analisi-metodologica-de-la-competencia-digital\/","title":{"rendered":"Sessi\u00f3 3. Observaci\u00f3 i an\u00e0lisi metodol\u00f2gica de la compet\u00e8ncia digital"},"content":{"rendered":"\n<div style=\"height:30px\" aria-hidden=\"true\" class=\"wp-block-spacer\"><\/div>\n\n\n<div class=\"seccio\">\n<div class=\"wp-block-columns\">\n<div class=\"wp-block-column\" style=\"flex-basis: 33.33%;\">\n<h3>Descripci\u00f3<\/h3>\n<p>Quina compet\u00e8ncia digital tenim al nostre centre educatiu? I jo, com a docent, quina \u00e9s la meva compet\u00e8ncia digital? En aquesta tercera sessi\u00f3, es donen orientacions de com fer aquesta avaluaci\u00f3 i es comparteixen les experi\u00e8ncies de diagnosi en els centres\u00a0<strong>Institut Ramon Coll i Rod\u00e8s<\/strong>\u00a0(Lloret de Mar),\u00a0<strong>Escola La Vila<\/strong>\u00a0(Palam\u00f3s),\u00a0<strong>Escola Montessori<\/strong>\u00a0(Rub\u00ed).<\/p>\n<h3>Ponents<\/h3>\n<p>&#8211; Roser Cuss\u00f3, Jaume Feliu i Marta Dominguez (\u00c0rea de Cultura digital, Departament d&#8217;Educaci\u00f3). <a href=\"https:\/\/docs.google.com\/presentation\/d\/1Uimq1OPPfh_QQUPpnWfR1pe1Puy6GmPHXhUm8kcHe-I\/preview#slide=id.p\" target=\"_blank\" rel=\"noopener\">Presentaci\u00f3<\/a><br \/>\n&#8211; Carla Peraferrer (Institut Ramon Coll i Rod\u00e8s, Lloret de Mar). <span style=\"font-weight: 400;\"><a href=\"https:\/\/drive.google.com\/file\/d\/1sV6L_moEqpmLJI7q4xMy_DaAx56InJRF\/view?usp=sharing\" target=\"_blank\" rel=\"noopener noreferrer\">Presentaci\u00f3<\/a><\/span><br \/>\n&#8211; Merc\u00e8 Vila (Escola La Vila, Palam\u00f3s). <span style=\"font-weight: 400;\"><a href=\"https:\/\/drive.google.com\/file\/d\/1YIkcb6q71deGaef1G3VCMdT6CBAdS80n\/view?usp=sharing\" target=\"_blank\" rel=\"noopener noreferrer\">Presentaci\u00f3<\/a><\/span><br \/>\n&#8211; Immaculada Velasco, Alex Revert\u00e9 i Conxita Gimeno (Escola Montessori, Rub\u00ed). <span style=\"font-weight: 400;\"><a href=\"https:\/\/drive.google.com\/file\/d\/1tk66MDONYzc20d8sHizA1e3Cxy2bnyIL\/view\" target=\"_blank\" rel=\"noopener noreferrer\">Presentaci\u00f3<\/a><\/span><\/p>\n<p><i>Int\u00e8rpret de llengua de signes &#8211; Eva Colldeforn<\/i><\/p>\n<h3>Recursos<\/h3>\n<ul style=\"list-style-type: square;\">\n<li>R\u00fabrica de la compet\u00e8ncia digital docent: <a href=\"https:\/\/docs.google.com\/spreadsheets\/d\/1c1QNsovrbkMfjhTGW7_qvgVPpMkLGpqUCh5UsBIlJY4\/preview#gid=0\" target=\"_blank\" rel=\"noopener noreferrer\">https:\/\/docs.google.com\/spreadsheets\/d\/1c1QNsovrbkMfjhTGW7_qvgVPpMkLGpqUCh5UsBIlJY4\/preview#gid=0<\/a><\/li>\n<li>Formulari <a href=\"https:\/\/forms.gle\/WudXNZ47fUfML5vc9\" target=\"_blank\" rel=\"noopener noreferrer\">https:\/\/forms.gle\/WudXNZ47fUfML5vc9<\/a><\/li>\n<\/ul>\n<\/div>\n<div class=\"wp-block-column\" style=\"flex-basis: 66.66%;\"><div class=\"h5p-iframe-wrapper\"><iframe id=\"h5p-iframe-3\" class=\"h5p-iframe\" data-content-id=\"3\" style=\"height:1px\" src=\"about:blank\" frameBorder=\"0\" scrolling=\"no\" title=\"Curs 20-21.Sessi\u00f3 3\"><\/iframe><\/div><\/div>\n<div><\/div>\n<\/div>\n<\/div>","protected":false},"excerpt":{"rendered":"<p>Descripci\u00f3 Quina compet\u00e8ncia digital tenim al nostre centre educatiu? I jo, com a docent, quina \u00e9s la meva compet\u00e8ncia digital? En aquesta tercera sessi\u00f3, es donen orientacions de com fer aquesta avaluaci\u00f3 i es comparteixen les experi\u00e8ncies de diagnosi en els centres\u00a0Institut Ramon Coll i Rod\u00e8s\u00a0(Lloret de Mar),\u00a0Escola La Vila\u00a0(Palam\u00f3s),\u00a0Escola Montessori\u00a0(Rub\u00ed). Ponents &#8211; Roser Cuss\u00f3, [&hellip;]<\/p>\n","protected":false},"author":2,"featured_media":0,"parent":9235,"menu_order":30,"comment_status":"closed","ping_status":"closed","template":"","meta":{"site-sidebar-layout":"no-sidebar","site-content-layout":"page-builder","ast-site-content-layout":"normal-width-container","site-content-style":"unboxed","site-sidebar-style":"unboxed","ast-global-header-display":"","ast-banner-title-visibility":"","ast-main-header-display":"disabled","ast-hfb-above-header-display":"","ast-hfb-below-header-display":"","ast-hfb-mobile-header-display":"","site-post-title":"","ast-breadcrumbs-content":"","ast-featured-img":"","footer-sml-layout":"","theme-transparent-header-meta":"default","adv-header-id-meta":"9237","stick-header-meta":"default","header-above-stick-meta":"","header-main-stick-meta":"","header-below-stick-meta":"","astra-migrate-meta-layouts":"set","ast-page-background-enabled":"default","ast-page-background-meta":{"desktop":{"background-color":"","background-image":"","background-repeat":"repeat","background-position":"center center","background-size":"auto","background-attachment":"scroll","background-type":"","background-media":"","overlay-type":"","overlay-color":"","overlay-opacity":"","overlay-gradient":""},"tablet":{"background-color":"","background-image":"","background-repeat":"repeat","background-position":"center center","background-size":"auto","background-attachment":"scroll","background-type":"","background-media":"","overlay-type":"","overlay-color":"","overlay-opacity":"","overlay-gradient":""},"mobile":{"background-color":"","background-image":"","background-repeat":"repeat","background-position":"center center","background-size":"auto","background-attachment":"scroll","background-type":"","background-media":"","overlay-type":"","overlay-color":"","overlay-opacity":"","overlay-gradient":""}},"ast-content-background-meta":{"desktop":{"background-color":"var(--ast-global-color-5)","background-image":"","background-repeat":"repeat","background-position":"center center","background-size":"auto","background-attachment":"scroll","background-type":"","background-media":"","overlay-type":"","overlay-color":"","overlay-opacity":"","overlay-gradient":""},"tablet":{"background-color":"var(--ast-global-color-5)","background-image":"","background-repeat":"repeat","background-position":"center center","background-size":"auto","background-attachment":"scroll","background-type":"","background-media":"","overlay-type":"","overlay-color":"","overlay-opacity":"","overlay-gradient":""},"mobile":{"background-color":"var(--ast-global-color-5)","background-image":"","background-repeat":"repeat","background-position":"center center","background-size":"auto","background-attachment":"scroll","background-type":"","background-media":"","overlay-type":"","overlay-color":"","overlay-opacity":"","overlay-gradient":""}},"footnotes":""},"class_list":["post-9250","page","type-page","status-publish","hentry"],"_links":{"self":[{"href":"https:\/\/projectes.xtec.cat\/xtcd\/wp-json\/wp\/v2\/pages\/9250","targetHints":{"allow":["GET"]}}],"collection":[{"href":"https:\/\/projectes.xtec.cat\/xtcd\/wp-json\/wp\/v2\/pages"}],"about":[{"href":"https:\/\/projectes.xtec.cat\/xtcd\/wp-json\/wp\/v2\/types\/page"}],"author":[{"embeddable":true,"href":"https:\/\/projectes.xtec.cat\/xtcd\/wp-json\/wp\/v2\/users\/2"}],"replies":[{"embeddable":true,"href":"https:\/\/projectes.xtec.cat\/xtcd\/wp-json\/wp\/v2\/comments?post=9250"}],"version-history":[{"count":4,"href":"https:\/\/projectes.xtec.cat\/xtcd\/wp-json\/wp\/v2\/pages\/9250\/revisions"}],"predecessor-version":[{"id":13401,"href":"https:\/\/projectes.xtec.cat\/xtcd\/wp-json\/wp\/v2\/pages\/9250\/revisions\/13401"}],"up":[{"embeddable":true,"href":"https:\/\/projectes.xtec.cat\/xtcd\/wp-json\/wp\/v2\/pages\/9235"}],"wp:attachment":[{"href":"https:\/\/projectes.xtec.cat\/xtcd\/wp-json\/wp\/v2\/media?parent=9250"}],"curies":[{"name":"wp","href":"https:\/\/api.w.org\/{rel}","templated":true}]}}