{"id":9322,"date":"2021-09-12T10:12:21","date_gmt":"2021-09-12T08:12:21","guid":{"rendered":"https:\/\/projectes.xtec.cat\/xtcd\/?page_id=9322"},"modified":"2024-05-12T14:03:50","modified_gmt":"2024-05-12T12:03:50","slug":"sessions-2021-22","status":"publish","type":"page","link":"https:\/\/projectes.xtec.cat\/xtcd\/sessions-2021-22\/","title":{"rendered":"Sessions 2021-22"},"content":{"rendered":"\n<div class=\"wp-block-getwid-section\"><div class=\"wp-block-getwid-section__wrapper\"><div class=\"wp-block-getwid-section__inner-wrapper\"><div class=\"wp-block-getwid-section__background-holder\"><div class=\"wp-block-getwid-section__background\"><\/div><div class=\"wp-block-getwid-section__foreground\"><\/div><\/div><div class=\"wp-block-getwid-section__content\"><div class=\"wp-block-getwid-section__inner-content\">\n<div class=\"seccio gris-petita\">\n<p class=\"text-destacat\">La Xarxa territorial es divideix en <strong>3 subxarxes<\/strong> per atendre a tres grans objectius: la capacitaci\u00f3 de la compet\u00e8ncia digital docent (subxarxa CDD), la realitzaci\u00f3 del document d&#8217;Estrat\u00e8gia digital a cada centre (subxarxa EDC) i el suport a les coordinacions digitals dels centres (subxarxa CDC).<\/p>\n<\/div>\n<div class=\"seccio sessions-general-list\">\n<div class=\"wp-block-columns\">\n<div class=\"wp-block-column\">\u00a0<\/div>\n<div class=\"wp-block-column\">\n<p><img loading=\"lazy\" decoding=\"async\" class=\"aligncenter wp-image-9177\" src=\"https:\/\/projectes.xtec.cat\/xtcd\/wp-content\/uploads\/usu1403\/2021\/09\/logo_CDD_.png\" alt=\"\" width=\"110\" height=\"110\" \/><\/p>\n<h3>Compet\u00e8ncia digital docent (CDD)<\/h3>\n<\/div>\n<div class=\"wp-block-column\">\n<p><img loading=\"lazy\" decoding=\"async\" class=\"wp-image-9187 aligncenter\" src=\"https:\/\/projectes.xtec.cat\/xtcd\/wp-content\/uploads\/usu1403\/2021\/09\/meeting-room.png\" alt=\"\" width=\"110\" height=\"110\" \/><\/p>\n<h3>Estrat\u00e8gia digital de centre (EDC)<\/h3>\n<\/div>\n<div class=\"wp-block-column\">\n<p><img loading=\"lazy\" decoding=\"async\" class=\"aligncenter wp-image-9180\" src=\"https:\/\/projectes.xtec.cat\/xtcd\/wp-content\/uploads\/usu1403\/2021\/09\/compass_negre.png\" alt=\"\" width=\"110\" height=\"110\" srcset=\"https:\/\/projectes.xtec.cat\/xtcd\/wp-content\/uploads\/usu1403\/2021\/09\/compass_negre.png 480w, https:\/\/projectes.xtec.cat\/xtcd\/wp-content\/uploads\/usu1403\/2021\/09\/compass_negre-300x300.png 300w, https:\/\/projectes.xtec.cat\/xtcd\/wp-content\/uploads\/usu1403\/2021\/09\/compass_negre-150x150.png 150w\" sizes=\"auto, (max-width: 110px) 100vw, 110px\" \/><\/p>\n<h3>Coordinaci\u00f3 digital de centre (CDC)<\/h3>\n<\/div>\n<\/div>\n<div class=\"wp-block-columns\">\n<div class=\"wp-block-column\"><span class=\"data-ses\">16.09.21<\/span> <a href=\"https:\/\/projectes.xtec.cat\/xtcd\/sessions-2021-22\/presentacio-de-la-xtcd-2021-22\/\">Presentaci\u00f3<\/a><\/div>\n<div class=\"wp-block-column\"><a href=\"https:\/\/projectes.xtec.cat\/xtcd\/competencia-digital-docent\/sessions-2021-22\/sessio-de-presentacio\/\">Sessi\u00f3 de presentaci\u00f3<\/a><\/div>\n<div class=\"wp-block-column\"><a href=\"https:\/\/projectes.xtec.cat\/xtcd\/estrategia-digital-de-centre\/sessions-2021-22\/sessio-de-presentacio\/\">Sessi\u00f3 de presentaci\u00f3<\/a><\/div>\n<div class=\"wp-block-column\"><a href=\"https:\/\/projectes.xtec.cat\/xtcd\/coordinacio-digital-de-centre\/sessions-2021-22\/sessio-de-presentacio\/\">Sessi\u00f3 de presentaci\u00f3<\/a><\/div>\n<\/div>\n<div class=\"wp-block-columns\">\n<div class=\"wp-block-column\"><span class=\"data-ses\">21.10.21<\/span> <a href=\"https:\/\/projectes.xtec.cat\/xtcd\/sessions-2021-22\/presentacio-de-la-sessio-1\/\">CD ciutadana<\/a><\/div>\n<div class=\"wp-block-column\"><a href=\"https:\/\/projectes.xtec.cat\/xtcd\/competencia-digital-docent\/sessions-2021-22\/sessio-1-area6-desenvolupament-cda\/\">Sessi\u00f3 1. \u00c0rea 6: Desenvolupament de la Compet\u00e8ncia Digital de l\u2019Alumnat (CDA)<\/a><\/div>\n<div class=\"wp-block-column\"><a href=\"https:\/\/projectes.xtec.cat\/xtcd\/estrategia-digital-de-centre\/sessions-2021-22\/sessio-1-diagnosi-cultura-digital\/\">Sessi\u00f3 1. Diagnosi i Cultura digital (Pilotatge)<\/a><\/div>\n<div class=\"wp-block-column\"><a href=\"https:\/\/projectes.xtec.cat\/xtcd\/coordinacio-digital-de-centre\/sessions-2021-22\/sessio-1\/\">Sessi\u00f3 1<\/a><\/div>\n<\/div>\n<div class=\"wp-block-columns\">\n<div class=\"wp-block-column\"><span class=\"data-ses\">25.11.21<\/span><\/div>\n<div class=\"wp-block-column\"><a href=\"https:\/\/projectes.xtec.cat\/xtcd\/competencia-digital-docent\/sessions-2021-22\/sessio-2-area-2-continguts-digitals\/\">Sessi\u00f3 2. \u00c0rea 2: Continguts digitals<\/a><\/div>\n<div class=\"wp-block-column\">X<\/div>\n<div class=\"wp-block-column\">X<\/div>\n<\/div>\n<div class=\"wp-block-columns\">\n<div class=\"wp-block-column\"><span class=\"data-ses\">20.01.22<\/span> <a href=\"https:\/\/projectes.xtec.cat\/xtcd\/sessions-2021-22\/personalitzacio-dels-eva\/\">Personalitzaci\u00f3 EVAs<\/a><\/div>\n<div class=\"wp-block-column\"><a href=\"https:\/\/projectes.xtec.cat\/xtcd\/competencia-digital-docent\/sessions-2021-22\/sessio-3-area-3-ensenyament-i-aprenentatge\/\" rel=\"noopener\">Sessi\u00f3 3. \u00c0rea 3: Ensenyament &#8211; Aprenentatge<\/a><\/div>\n<div class=\"wp-block-column\">X<\/div>\n<div class=\"wp-block-column\"><a href=\"https:\/\/projectes.xtec.cat\/xtcd\/coordinacio-digital-de-centre\/sessions-2021-22\/sessio-2\/#\" rel=\"noopener\">Sessi\u00f3 2<\/a><\/div>\n<\/div>\n<div class=\"wp-block-columns\">\n<div class=\"wp-block-column\"><span class=\"data-ses\">10.02.22<\/span><\/div>\n<div class=\"wp-block-column\">X<\/div>\n<div class=\"wp-block-column\"><a href=\"https:\/\/projectes.xtec.cat\/xtcd\/estrategia-digital-de-centre\/sessions-2021-22\/sessio-2-diagnosi-i-cultura-digital\/\">Sessi\u00f3 2. Diagnosi i Cultura digital (actualitzaci\u00f3)<\/a><\/div>\n<div class=\"wp-block-column\">X<\/div>\n<\/div>\n<div class=\"wp-block-columns\">\n<div class=\"wp-block-column\"><span class=\"data-ses\">24.03.22<\/span><\/div>\n<div class=\"wp-block-column\"><a href=\"https:\/\/projectes.xtec.cat\/xtcd\/competencia-digital-docent\/sessions-2021-22\/sessio-4-area-4-avaluacio-i-retroalimentacio\/\">Sessi\u00f3 4. \u00c0rea 4: Avaluaci\u00f3 i retroalimentaci\u00f3<\/a><\/div>\n<div class=\"wp-block-column\">X<\/div>\n<div class=\"wp-block-column\">X<\/div>\n<\/div>\n<div class=\"wp-block-columns\">\n<div class=\"wp-block-column\"><span class=\"data-ses\">21.04.22<\/span> <a href=\"https:\/\/projectes.xtec.cat\/xtcd\/sessions-2021-22\/presentacio-3a-sessio-xtcd\/\">Les interaccions entre el centre i la mentoria<\/a><\/div>\n<div class=\"wp-block-column\"><a href=\"https:\/\/projectes.xtec.cat\/xtcd\/competencia-digital-docent\/sessions-2021-22\/sessio-5-area-5-apoderament-dels-estudiants\/\">Sessi\u00f3 5. \u00c0rea 5: Empoderament de l&#8217;alumnat<\/a><\/div>\n<div class=\"wp-block-column\"><a href=\"https:\/\/projectes.xtec.cat\/xtcd\/estrategia-digital-de-centre\/sessions-2021-22\/sessio-3-objectius\/\">Sessi\u00f3 3. Objectius<\/a><\/div>\n<div class=\"wp-block-column\"><a href=\"https:\/\/projectes.xtec.cat\/xtcd\/coordinacio-digital-de-centre\/sessions-2021-22\/sessio-3\/\">Sessi\u00f3 3<\/a><\/div>\n<\/div>\n<div class=\"wp-block-columns\">\n<div class=\"wp-block-column\"><span class=\"data-ses\">19.05.22<\/span><\/div>\n<div class=\"wp-block-column\"><a href=\"https:\/\/projectes.xtec.cat\/xtcd\/competencia-digital-docent\/sessions-2021-22\/sessio-6-area-1-compromis-professional\/\">Sessi\u00f3 6. \u00c0rea 1: Comprom\u00eds professional<\/a><\/div>\n<div class=\"wp-block-column\">X<\/div>\n<div class=\"wp-block-column\">X<\/div>\n<\/div>\n<div class=\"wp-block-columns\">\n<div class=\"wp-block-column\"><span class=\"data-ses\">29.06.22<\/span> <a href=\"https:\/\/projectes.xtec.cat\/xtcd\/sessions-2021-22\/tancament-xtcd-21-22\/\">Tancament<\/a><\/div>\n<div class=\"wp-block-column\"><a href=\"https:\/\/projectes.xtec.cat\/xtcd\/competencia-digital-docent\/sessions-2021-22\/sessio-de-tancament\/\">Tancament<\/a><\/div>\n<div class=\"wp-block-column\"><a href=\"https:\/\/projectes.xtec.cat\/xtcd\/estrategia-digital-de-centre\/sessions-2021-22\/sessio-de-tancament\/\">Tancament<\/a><\/div>\n<div class=\"wp-block-column\"><a href=\"https:\/\/projectes.xtec.cat\/xtcd\/coordinacio-digital-de-centre\/sessions-2021-22\/sessio-de-tancament\/\">Tancament<\/a><\/div>\n<\/div>\n<div class=\"wp-block-columns\" style=\"border-bottom: 0px;\">\n<div class=\"wp-block-column\">\u00a0<\/div>\n<div class=\"wp-block-column\"><a class=\"button\" style=\"color: black; border: 2px solid black;\" href=\"https:\/\/projectes.xtec.cat\/xtcd\/competencia-digital-docent\/sessions-2021-22\/\">M\u00e9s informaci\u00f3<\/a><\/div>\n<div class=\"wp-block-column\"><a class=\"button\" style=\"color: black; border: 2px solid black;\" href=\"https:\/\/projectes.xtec.cat\/xtcd\/estrategia-digital-de-centre\/sessions-2021-22\/\">M\u00e9s informaci\u00f3<\/a><\/div>\n<div class=\"wp-block-column\"><a class=\"button\" style=\"color: black; border: 2px solid black;\" href=\"https:\/\/projectes.xtec.cat\/xtcd\/coordinacio-digital-de-centre\/sessions-2021-22\/\">M\u00e9s informaci\u00f3<\/a><\/div>\n<\/div>\n<\/div>\n<\/div><\/div><\/div><\/div><\/div>\n","protected":false},"excerpt":{"rendered":"","protected":false},"author":2,"featured_media":0,"parent":0,"menu_order":0,"comment_status":"closed","ping_status":"closed","template":"","meta":{"site-sidebar-layout":"no-sidebar","site-content-layout":"page-builder","ast-site-content-layout":"full-width-container","site-content-style":"unboxed","site-sidebar-style":"unboxed","ast-global-header-display":"","ast-banner-title-visibility":"","ast-main-header-display":"disabled","ast-hfb-above-header-display":"","ast-hfb-below-header-display":"","ast-hfb-mobile-header-display":"","site-post-title":"","ast-breadcrumbs-content":"","ast-featured-img":"","footer-sml-layout":"","theme-transparent-header-meta":"default","adv-header-id-meta":"9237","stick-header-meta":"default","header-above-stick-meta":"","header-main-stick-meta":"","header-below-stick-meta":"","astra-migrate-meta-layouts":"set","ast-page-background-enabled":"default","ast-page-background-meta":{"desktop":{"background-color":"","background-image":"","background-repeat":"repeat","background-position":"center center","background-size":"auto","background-attachment":"scroll","background-type":"","background-media":"","overlay-type":"","overlay-color":"","overlay-opacity":"","overlay-gradient":""},"tablet":{"background-color":"","background-image":"","background-repeat":"repeat","background-position":"center center","background-size":"auto","background-attachment":"scroll","background-type":"","background-media":"","overlay-type":"","overlay-color":"","overlay-opacity":"","overlay-gradient":""},"mobile":{"background-color":"","background-image":"","background-repeat":"repeat","background-position":"center center","background-size":"auto","background-attachment":"scroll","background-type":"","background-media":"","overlay-type":"","overlay-color":"","overlay-opacity":"","overlay-gradient":""}},"ast-content-background-meta":{"desktop":{"background-color":"var(--ast-global-color-5)","background-image":"","background-repeat":"repeat","background-position":"center center","background-size":"auto","background-attachment":"scroll","background-type":"","background-media":"","overlay-type":"","overlay-color":"","overlay-opacity":"","overlay-gradient":""},"tablet":{"background-color":"var(--ast-global-color-5)","background-image":"","background-repeat":"repeat","background-position":"center center","background-size":"auto","background-attachment":"scroll","background-type":"","background-media":"","overlay-type":"","overlay-color":"","overlay-opacity":"","overlay-gradient":""},"mobile":{"background-color":"var(--ast-global-color-5)","background-image":"","background-repeat":"repeat","background-position":"center center","background-size":"auto","background-attachment":"scroll","background-type":"","background-media":"","overlay-type":"","overlay-color":"","overlay-opacity":"","overlay-gradient":""}},"footnotes":""},"class_list":["post-9322","page","type-page","status-publish","hentry"],"_links":{"self":[{"href":"https:\/\/projectes.xtec.cat\/xtcd\/wp-json\/wp\/v2\/pages\/9322","targetHints":{"allow":["GET"]}}],"collection":[{"href":"https:\/\/projectes.xtec.cat\/xtcd\/wp-json\/wp\/v2\/pages"}],"about":[{"href":"https:\/\/projectes.xtec.cat\/xtcd\/wp-json\/wp\/v2\/types\/page"}],"author":[{"embeddable":true,"href":"https:\/\/projectes.xtec.cat\/xtcd\/wp-json\/wp\/v2\/users\/2"}],"replies":[{"embeddable":true,"href":"https:\/\/projectes.xtec.cat\/xtcd\/wp-json\/wp\/v2\/comments?post=9322"}],"version-history":[{"count":5,"href":"https:\/\/projectes.xtec.cat\/xtcd\/wp-json\/wp\/v2\/pages\/9322\/revisions"}],"predecessor-version":[{"id":13254,"href":"https:\/\/projectes.xtec.cat\/xtcd\/wp-json\/wp\/v2\/pages\/9322\/revisions\/13254"}],"wp:attachment":[{"href":"https:\/\/projectes.xtec.cat\/xtcd\/wp-json\/wp\/v2\/media?parent=9322"}],"curies":[{"name":"wp","href":"https:\/\/api.w.org\/{rel}","templated":true}]}}