{"id":9379,"date":"2021-09-12T14:08:49","date_gmt":"2021-09-12T12:08:49","guid":{"rendered":"https:\/\/projectes.xtec.cat\/xtcd\/?page_id=9379"},"modified":"2022-09-08T10:58:24","modified_gmt":"2022-09-08T08:58:24","slug":"sessions-2021-22","status":"publish","type":"page","link":"https:\/\/projectes.xtec.cat\/xtcd\/estrategia-digital-de-centre\/sessions-2021-22\/","title":{"rendered":"Sessions 2021-22"},"content":{"rendered":"<div class=\"seccio gris-petita\">\n<p class=\"text-destacat\" style=\"font-size: 1.1em;\">Cada sessi\u00f3 est\u00e0 formada per: un <strong>seminari web<\/strong> que s&#8217;emet en streaming a tots els participants; <strong>sessions territorials<\/strong>, on els assessors i referents completen i fan el seguiment de les tasques derivades; i, per \u00faltim, les <strong>converses virtuals<\/strong> a la plataforma de comunicaci\u00f3 <strong>Nus<\/strong>.<\/p>\n<\/div>\n<div class=\"secci\u00f3\">\n<div class=\"sessions-list\">\n<div class=\"seccio\">\n<div class=\"wp-block-columns\">\n<div class=\"wp-block-column sessio\" data-aos=\"fade-right\" data-aos-duration=\"1500\">\n<h2>Presentaci\u00f3 de la subxarxa d&#8217;Estrat\u00e8gia digital<\/h2>\n<p><span class=\"data-ses\">16 de setembre de 2021<\/span> <span class=\"data-ses\">18:00<\/span><\/p>\n<p>En aquesta sessi\u00f3 es presentar\u00e0 la subxarxa d&#8217;Estrat\u00e8gia digital de centre posant el focus en:<\/p>\n<ul>\n<li>Els objectius de la subxarxa<\/li>\n<li>L\u2019estructura i l&#8217;organitzaci\u00f3 de l\u2019activitat formativa<\/li>\n<li>El Nus: espai de comunicaci\u00f3<\/li>\n<\/ul>\n<p><a class=\"button\" href=\"https:\/\/projectes.xtec.cat\/xtcd\/estrategia-digital-de-centre\/sessions-2021-22\/sessio-de-presentacio\/\">M\u00e9s informaci\u00f3<\/a><\/p>\n<\/div>\n<div class=\"wp-block-column\"><\/div>\n<\/div>\n<\/div>\n<div class=\"seccio\">\n<div class=\"wp-block-columns\">\n<div class=\"wp-block-column sessio\" data-aos=\"fade-left\" data-aos-duration=\"1500\">\n<h2>Sessi\u00f3 1<\/h2>\n<p><span class=\"data-ses\">21 d\u2019octubre de 2021<\/span> <span class=\"data-ses\">17:30<\/span><\/p>\n<p>La sessi\u00f3 se centrar\u00e0 en tres aspectes:<\/p>\n<ul>\n<li>Recursos per al disseny de l\u2019EDC<\/li>\n<li>Cultura digital de centre<\/li>\n<li>La diagnosi: primera fase per dissenyar l\u2019EDC<\/li>\n<\/ul>\n<p><a class=\"button\" href=\"https:\/\/projectes.xtec.cat\/xtcd\/estrategia-digital-de-centre\/sessions-2021-22\/sessio-1-diagnosi-cultura-digital\">M\u00e9s informaci\u00f3<\/a><\/p>\n<\/div>\n<div class=\"wp-block-column sessio\" data-aos=\"fade-right\" data-aos-duration=\"1500\">\n<h2>Sessi\u00f3 2<\/h2>\n<p><span class=\"data-ses\">10 de febrer de 2022<\/span> <span class=\"data-ses\">17:30<\/span><\/p>\n<p>La sessi\u00f3 se centrar\u00e0 en tres aspectes:<\/p>\n<ul>\n<li>Recursos per al disseny de l\u2019EDC<\/li>\n<li>Cultura digital de centre<\/li>\n<li>La diagnosi: primera fase per dissenyar l\u2019EDC<\/li>\n<\/ul>\n<p><a class=\"button\" href=\"https:\/\/projectes.xtec.cat\/xtcd\/estrategia-digital-de-centre\/sessions-2021-22\/sessio-2-diagnosi-i-cultura-digital\/\">M\u00e9s informaci\u00f3<\/a><\/p>\n<\/div>\n<div class=\"wp-block-column sessio\" data-aos=\"fade-left\" data-aos-duration=\"1500\">\n<h2>Sessi\u00f3 3<\/h2>\n<p><span class=\"data-ses\">21 d&#8217;abril de 2022<\/span> <span class=\"data-ses\">17:30<\/span><\/p>\n<p>La sessi\u00f3 se centrar\u00e0 en dos aspectes:<\/p>\n<ul>\n<li>Definici\u00f3, prioritzaci\u00f3 i selecci\u00f3 d\u2019objectius a partir de la diagnosi<\/li>\n<li>Definici\u00f3 i temporitzaci\u00f3 d\u2019activitats<\/li>\n<\/ul>\n<p><a class=\"button\" href=\"https:\/\/projectes.xtec.cat\/xtcd\/estrategia-digital-de-centre\/sessions-2021-22\/sessio-3-objectius\/\">M\u00e9s informaci\u00f3<\/a><\/p>\n<\/div>\n<\/div>\n<\/div>\n<div class=\"seccio\">\n<div class=\"wp-block-columns\">\n<div class=\"wp-block-column sessio\" data-aos=\"fade-right\" data-aos-duration=\"1000\">\n<h2>Tancament<\/h2>\n<p><span class=\"data-ses\">29 de juny de 2022<\/span> <span class=\"data-ses\">17:30<\/span><\/p>\n<p>Valoraci\u00f3 de les experi\u00e8ncies desenvolupades en la subxarxa territorial de l&#8217;Estrat\u00e8gia Digital de Centre.<\/p>\n<p><a class=\"button\" href=\"https:\/\/projectes.xtec.cat\/xtcd\/estrategia-digital-de-centre\/sessions-2021-22\/sessio-de-tancament\/\">M\u00e9s informaci\u00f3<\/a><\/p>\n<\/div>\n<div class=\"wp-block-column\"><\/div>\n<\/div>\n<\/div>\n<\/div>\n<\/div>\n","protected":false},"excerpt":{"rendered":"<p>Cada sessi\u00f3 est\u00e0 formada per: un seminari web que s&#8217;emet en streaming a tots els participants; sessions territorials, on els assessors i referents completen i fan el seguiment de les tasques derivades; i, per \u00faltim, les converses virtuals a la plataforma de comunicaci\u00f3 Nus. Presentaci\u00f3 de la subxarxa d&#8217;Estrat\u00e8gia digital 16 de setembre de 2021 [&hellip;]<\/p>\n","protected":false},"author":2,"featured_media":0,"parent":9144,"menu_order":0,"comment_status":"closed","ping_status":"closed","template":"","meta":{"site-sidebar-layout":"no-sidebar","site-content-layout":"page-builder","ast-site-content-layout":"","site-content-style":"default","site-sidebar-style":"default","ast-global-header-display":"","ast-banner-title-visibility":"","ast-main-header-display":"disabled","ast-hfb-above-header-display":"","ast-hfb-below-header-display":"","ast-hfb-mobile-header-display":"","site-post-title":"","ast-breadcrumbs-content":"","ast-featured-img":"","footer-sml-layout":"","theme-transparent-header-meta":"default","adv-header-id-meta":"9237","stick-header-meta":"default","header-above-stick-meta":"","header-main-stick-meta":"","header-below-stick-meta":"","astra-migrate-meta-layouts":"default","ast-page-background-enabled":"default","ast-page-background-meta":{"desktop":{"background-color":"","background-image":"","background-repeat":"repeat","background-position":"center center","background-size":"auto","background-attachment":"scroll","background-type":"","background-media":"","overlay-type":"","overlay-color":"","overlay-opacity":"","overlay-gradient":""},"tablet":{"background-color":"","background-image":"","background-repeat":"repeat","background-position":"center center","background-size":"auto","background-attachment":"scroll","background-type":"","background-media":"","overlay-type":"","overlay-color":"","overlay-opacity":"","overlay-gradient":""},"mobile":{"background-color":"","background-image":"","background-repeat":"repeat","background-position":"center center","background-size":"auto","background-attachment":"scroll","background-type":"","background-media":"","overlay-type":"","overlay-color":"","overlay-opacity":"","overlay-gradient":""}},"ast-content-background-meta":{"desktop":{"background-color":"var(--ast-global-color-5)","background-image":"","background-repeat":"repeat","background-position":"center center","background-size":"auto","background-attachment":"scroll","background-type":"","background-media":"","overlay-type":"","overlay-color":"","overlay-opacity":"","overlay-gradient":""},"tablet":{"background-color":"var(--ast-global-color-5)","background-image":"","background-repeat":"repeat","background-position":"center center","background-size":"auto","background-attachment":"scroll","background-type":"","background-media":"","overlay-type":"","overlay-color":"","overlay-opacity":"","overlay-gradient":""},"mobile":{"background-color":"var(--ast-global-color-5)","background-image":"","background-repeat":"repeat","background-position":"center center","background-size":"auto","background-attachment":"scroll","background-type":"","background-media":"","overlay-type":"","overlay-color":"","overlay-opacity":"","overlay-gradient":""}},"footnotes":""},"class_list":["post-9379","page","type-page","status-publish","hentry"],"_links":{"self":[{"href":"https:\/\/projectes.xtec.cat\/xtcd\/wp-json\/wp\/v2\/pages\/9379","targetHints":{"allow":["GET"]}}],"collection":[{"href":"https:\/\/projectes.xtec.cat\/xtcd\/wp-json\/wp\/v2\/pages"}],"about":[{"href":"https:\/\/projectes.xtec.cat\/xtcd\/wp-json\/wp\/v2\/types\/page"}],"author":[{"embeddable":true,"href":"https:\/\/projectes.xtec.cat\/xtcd\/wp-json\/wp\/v2\/users\/2"}],"replies":[{"embeddable":true,"href":"https:\/\/projectes.xtec.cat\/xtcd\/wp-json\/wp\/v2\/comments?post=9379"}],"version-history":[{"count":3,"href":"https:\/\/projectes.xtec.cat\/xtcd\/wp-json\/wp\/v2\/pages\/9379\/revisions"}],"predecessor-version":[{"id":10921,"href":"https:\/\/projectes.xtec.cat\/xtcd\/wp-json\/wp\/v2\/pages\/9379\/revisions\/10921"}],"up":[{"embeddable":true,"href":"https:\/\/projectes.xtec.cat\/xtcd\/wp-json\/wp\/v2\/pages\/9144"}],"wp:attachment":[{"href":"https:\/\/projectes.xtec.cat\/xtcd\/wp-json\/wp\/v2\/media?parent=9379"}],"curies":[{"name":"wp","href":"https:\/\/api.w.org\/{rel}","templated":true}]}}