{"id":9400,"date":"2021-09-12T14:55:47","date_gmt":"2021-09-12T12:55:47","guid":{"rendered":"https:\/\/projectes.xtec.cat\/xtcd\/?page_id=9400"},"modified":"2022-09-08T10:23:28","modified_gmt":"2022-09-08T08:23:28","slug":"sessions-2021-22","status":"publish","type":"page","link":"https:\/\/projectes.xtec.cat\/xtcd\/coordinacio-digital-de-centre\/sessions-2021-22\/","title":{"rendered":"Sessions 2021-22"},"content":{"rendered":"<div class=\"seccio gris-petita\">\n<p class=\"text-destacat\" style=\"font-size: 1.1em;\">Cada sessi\u00f3 est\u00e0 formada per: un <strong>seminari web<\/strong> que s&#8217;emet en streaming a tots els participants; <strong>sessions territorials<\/strong>, on els assessors i referents completen i fan el seguiment de les tasques derivades; i, per \u00faltim, les <strong>converses virtuals<\/strong> a la plataforma de comunicaci\u00f3 <strong>Nus<\/strong>.<\/p>\n<\/div>\n<div class=\"secci\u00f3\">\n<div class=\"sessions-list\">\n<div class=\"seccio\">\n<div class=\"wp-block-columns\">\n<div class=\"wp-block-column sessio\" data-aos=\"fade-right\" data-aos-duration=\"1500\">\n<h2>Presentaci\u00f3 de la subxarxa de la Coordinaci\u00f3 digital<\/h2>\n<p><span class=\"data-ses\">16 de setembre de 2021<\/span> <span class=\"data-ses\">18:00<\/span><\/p>\n<p>En aquesta sessi\u00f3 es presentar\u00e0 la <strong>subxarxa de coordinaci\u00f3 digital<\/strong>, en concret:<\/p>\n<ul>\n<li>Els objectius de la subxarxa<\/li>\n<li>Elements de suport de la subxarxa:\n<ul>\n<li><a href=\"https:\/\/educacio.gencat.cat\/web\/.content\/home\/departament\/publicacions\/colleccions\/pla-educacio-digital\/orientacions-coordinacio-digital-centre\/orientacions-coordinacio-digital-centre.pdf\" target=\"_blank\" rel=\"noopener\">Document d&#8217;orientacions de la coordinaci\u00f3 digital<\/a><\/li>\n<li><a href=\"https:\/\/projectes.xtec.cat\/coordinaciodigital\/\" target=\"_blank\" rel=\"noopener\">Nodes de coordinaci\u00f3 digital<\/a><\/li>\n<li><a href=\"https:\/\/comunitat.edigital.cat\/c\/coordinacio-digital\/105\" target=\"_blank\" rel=\"noopener\">Grup de coordinaci\u00f3 digital al Nus<\/a><\/li>\n<\/ul>\n<\/li>\n<li>Informacions sobre la reassignaci\u00f3 d&#8217;equips i el desplegament de nous equips<\/li>\n<\/ul>\n<p><a class=\"button\" href=\"https:\/\/projectes.xtec.cat\/xtcd\/coordinacio-digital-de-centre\/sessions-2021-22\/sessio-de-presentacio\/\">M\u00e9s informaci\u00f3<\/a><\/p>\n<\/div>\n<div class=\"wp-block-column\"><\/div>\n<\/div>\n<\/div>\n<div class=\"seccio\">\n<div class=\"wp-block-columns\">\n<div class=\"wp-block-column sessio\" data-aos=\"fade-left\" data-aos-duration=\"1500\">\n<h2>Sessi\u00f3 1<\/h2>\n<p><span class=\"data-ses\">21 d\u2019octubre de 2021<\/span> <span class=\"data-ses\">18:00<\/span><\/p>\n<ul>\n<li>Novetats i preguntes m\u00e9s freq\u00fcents &#8211; Desplegaments PEDC<\/li>\n<li>Eix EDC. Rol del coordinador\/a a la comissi\u00f3. Rol del Mentor digital.<\/li>\n<li>Sistema de gesti\u00f3 d\u2019incid\u00e8ncies intern<\/li>\n<li>Sistema d\u2019inventari digital<\/li>\n<li>Primer diagnosi per a la millora d&#8217;interacci\u00f3 amb SAU<\/li>\n<\/ul>\n<p><a class=\"button\" href=\"https:\/\/projectes.xtec.cat\/xtcd\/coordinacio-digital-de-centre\/sessions-2021-22\/sessio-1\/\">M\u00e9s informaci\u00f3<\/a><\/p>\n<\/div>\n<div class=\"wp-block-column sessio\" data-aos=\"fade-right\" data-aos-duration=\"1500\">\n<h2>Sessi\u00f3 2<\/h2>\n<p><span class=\"data-ses\">20 de gener de 2022<\/span> <span class=\"data-ses\">18:00<\/span><\/p>\n<ul>\n<li>Novetats en el desplegament d&#8217;equips i dispositius del Pla d&#8217;educaci\u00f3 digital de Catalunya (PEDC)<\/li>\n<li>Itinerari formatiu b\u00e0sic de la coordinaci\u00f3. V\u00eddeos i materials autoformatius sobre diversos temes imprescindibles pels coordinadors i coordinadores novells.<\/li>\n<li>Eix EDC: Els nous mentors i novetats amb la FIC (Formaci\u00f3 interna de centre)<\/li>\n<li>Eix CDD: Personalitzaci\u00f3 dels EVA. Taula Moodle\/metodologies<\/li>\n<li>App Eix-Moodle<\/li>\n<li>Novetat INDIC: informe creuat INDIC\/Azure\/Intune<\/li>\n<li>Millora de la gesti\u00f3 d&#8217;incid\u00e8ncies. Millora de Remedy en proc\u00e9s.<\/li>\n<li>Nus. Fils destacats.<\/li>\n<\/ul>\n<p><a class=\"button\" href=\"https:\/\/projectes.xtec.cat\/xtcd\/coordinacio-digital-de-centre\/sessions-2021-22\/sessio-2\/\">M\u00e9s informaci\u00f3<\/a><\/p>\n<\/div>\n<div class=\"wp-block-column sessio\" data-aos=\"fade-left\" data-aos-duration=\"1500\">\n<h2>Sessi\u00f3 3<\/h2>\n<p><span class=\"data-ses\">21 d&#8217;abril de 2022<\/span> <span class=\"data-ses\">18:00<\/span><\/p>\n<p class=\"mes_info_aviat\">\n<ul>\n<li>Novetats sobre els desplegaments d&#8217;equips del PEDC.<\/li>\n<li>Informacions sobre infraestructures, equips i serveis<\/li>\n<li>Suport t\u00e8cnic a la Coordinaci\u00f3 digital<\/li>\n<li>Calculadora d&#8217;hores de la coordinaci\u00f3 i delegaci\u00f3<\/li>\n<li>INDIC. Regularitzaci\u00f3 d&#8217;equips. <\/li>\n<li>Protocol de reinici de curs (neteja i enrolament d&#8217;equips)<\/li>\n<li>Certificaci\u00f3 de la subxarxa &#8211; Participaci\u00f3 en el Nus<\/li>\n<\/ul>\n<p><a class=\"button\" href=\"https:\/\/projectes.xtec.cat\/xtcd\/coordinacio-digital-de-centre\/sessions-2021-22\/sessio-3\/\">M\u00e9s informaci\u00f3<\/a><\/p>\n<\/div>\n<\/div>\n<\/div>\n<div class=\"seccio\">\n<div class=\"wp-block-columns\">\n<div class=\"wp-block-column sessio\" data-aos=\"fade-right\" data-aos-duration=\"1000\">\n<h2>Tancament<\/h2>\n<p><span class=\"data-ses\">29 de juny de 2022<\/span> <span class=\"data-ses\">17:45<\/span><\/p>\n<ul>\n<li>Novetats sobre els desplegaments d\u2019equips del PEDC<\/li>\n<li>Restabliment d\u2019equips per al canvi de curs<\/li>\n<li>Balan\u00e7 de la subxarxa: objectius i participaci\u00f3<\/li>\n<li>Obertura del portal Intune per a Educaci\u00f3<\/li>\n<\/ul>\n<p><a class=\"button\" href=\"https:\/\/projectes.xtec.cat\/xtcd\/coordinacio-digital-de-centre\/sessions-2021-22\/sessio-de-tancament\/\">M\u00e9s informaci\u00f3<\/a><\/p>\n<\/div>\n<div class=\"wp-block-column\"><\/div>\n<\/div>\n<\/div>\n<\/div>\n<\/div>\n","protected":false},"excerpt":{"rendered":"<p>Cada sessi\u00f3 est\u00e0 formada per: un seminari web que s&#8217;emet en streaming a tots els participants; sessions territorials, on els assessors i referents completen i fan el seguiment de les tasques derivades; i, per \u00faltim, les converses virtuals a la plataforma de comunicaci\u00f3 Nus. Presentaci\u00f3 de la subxarxa de la Coordinaci\u00f3 digital 16 de setembre [&hellip;]<\/p>\n","protected":false},"author":2,"featured_media":0,"parent":9146,"menu_order":0,"comment_status":"closed","ping_status":"closed","template":"","meta":{"site-sidebar-layout":"no-sidebar","site-content-layout":"page-builder","ast-site-content-layout":"","site-content-style":"default","site-sidebar-style":"default","ast-global-header-display":"","ast-banner-title-visibility":"","ast-main-header-display":"disabled","ast-hfb-above-header-display":"","ast-hfb-below-header-display":"","ast-hfb-mobile-header-display":"","site-post-title":"","ast-breadcrumbs-content":"","ast-featured-img":"","footer-sml-layout":"","theme-transparent-header-meta":"default","adv-header-id-meta":"9237","stick-header-meta":"default","header-above-stick-meta":"","header-main-stick-meta":"","header-below-stick-meta":"","astra-migrate-meta-layouts":"default","ast-page-background-enabled":"default","ast-page-background-meta":{"desktop":{"background-color":"","background-image":"","background-repeat":"repeat","background-position":"center center","background-size":"auto","background-attachment":"scroll","background-type":"","background-media":"","overlay-type":"","overlay-color":"","overlay-opacity":"","overlay-gradient":""},"tablet":{"background-color":"","background-image":"","background-repeat":"repeat","background-position":"center center","background-size":"auto","background-attachment":"scroll","background-type":"","background-media":"","overlay-type":"","overlay-color":"","overlay-opacity":"","overlay-gradient":""},"mobile":{"background-color":"","background-image":"","background-repeat":"repeat","background-position":"center center","background-size":"auto","background-attachment":"scroll","background-type":"","background-media":"","overlay-type":"","overlay-color":"","overlay-opacity":"","overlay-gradient":""}},"ast-content-background-meta":{"desktop":{"background-color":"var(--ast-global-color-5)","background-image":"","background-repeat":"repeat","background-position":"center center","background-size":"auto","background-attachment":"scroll","background-type":"","background-media":"","overlay-type":"","overlay-color":"","overlay-opacity":"","overlay-gradient":""},"tablet":{"background-color":"var(--ast-global-color-5)","background-image":"","background-repeat":"repeat","background-position":"center center","background-size":"auto","background-attachment":"scroll","background-type":"","background-media":"","overlay-type":"","overlay-color":"","overlay-opacity":"","overlay-gradient":""},"mobile":{"background-color":"var(--ast-global-color-5)","background-image":"","background-repeat":"repeat","background-position":"center center","background-size":"auto","background-attachment":"scroll","background-type":"","background-media":"","overlay-type":"","overlay-color":"","overlay-opacity":"","overlay-gradient":""}},"footnotes":""},"class_list":["post-9400","page","type-page","status-publish","hentry"],"_links":{"self":[{"href":"https:\/\/projectes.xtec.cat\/xtcd\/wp-json\/wp\/v2\/pages\/9400","targetHints":{"allow":["GET"]}}],"collection":[{"href":"https:\/\/projectes.xtec.cat\/xtcd\/wp-json\/wp\/v2\/pages"}],"about":[{"href":"https:\/\/projectes.xtec.cat\/xtcd\/wp-json\/wp\/v2\/types\/page"}],"author":[{"embeddable":true,"href":"https:\/\/projectes.xtec.cat\/xtcd\/wp-json\/wp\/v2\/users\/2"}],"replies":[{"embeddable":true,"href":"https:\/\/projectes.xtec.cat\/xtcd\/wp-json\/wp\/v2\/comments?post=9400"}],"version-history":[{"count":4,"href":"https:\/\/projectes.xtec.cat\/xtcd\/wp-json\/wp\/v2\/pages\/9400\/revisions"}],"predecessor-version":[{"id":10923,"href":"https:\/\/projectes.xtec.cat\/xtcd\/wp-json\/wp\/v2\/pages\/9400\/revisions\/10923"}],"up":[{"embeddable":true,"href":"https:\/\/projectes.xtec.cat\/xtcd\/wp-json\/wp\/v2\/pages\/9146"}],"wp:attachment":[{"href":"https:\/\/projectes.xtec.cat\/xtcd\/wp-json\/wp\/v2\/media?parent=9400"}],"curies":[{"name":"wp","href":"https:\/\/api.w.org\/{rel}","templated":true}]}}