{"id":9431,"date":"2021-09-12T16:10:54","date_gmt":"2021-09-12T14:10:54","guid":{"rendered":"https:\/\/projectes.xtec.cat\/xtcd\/?page_id=9431"},"modified":"2022-09-08T10:22:55","modified_gmt":"2022-09-08T08:22:55","slug":"sessio-de-presentacio","status":"publish","type":"page","link":"https:\/\/projectes.xtec.cat\/xtcd\/coordinacio-digital-de-centre\/sessions-2021-22\/sessio-de-presentacio\/","title":{"rendered":"Sessi\u00f3 de presentaci\u00f3"},"content":{"rendered":"<div class=\"seccio\">\n<div class=\"wp-block-columns\">\n<div class=\"wp-block-column\" style=\"flex-basis:40%\">\n<h3>Data<\/h3>\n<p>16 de setembre de 2021, de 18:00 a 19:00 hores<\/p>\n<h3>Descripci\u00f3<\/h3>\n<p>En aquesta sessi\u00f3 es presentar\u00e0 la <strong>subxarxa de coordinaci\u00f3 digital<\/strong>, en concret:<\/p>\n<ul>\n<li>Els objectius de la subxarxa<\/li>\n<li>Eines per aconseguir els objectius:\n<ul>\n<li><a href=\"https:\/\/educacio.gencat.cat\/web\/.content\/home\/departament\/publicacions\/colleccions\/pla-educacio-digital\/orientacions-coordinacio-digital-centre\/orientacions-coordinacio-digital-centre.pdf\" target=\"_blank\" rel=\"noopener\">Document d&#8217;orientacions per a la coordinaci\u00f3 digital de centre<\/a><\/li>\n<li><a href=\"https:\/\/projectes.xtec.cat\/coordinaciodigital\/\" target=\"_blank\" rel=\"noopener\">Nodes de coordinaci\u00f3 digital<\/a><\/li>\n<li>Seminaris web<\/li>\n<li>Seminaris territorials<\/li>\n<li><a href=\"https:\/\/comunitat.edigital.cat\/c\/coordinacio-digital\/105\" target=\"_blank\" rel=\"noopener\">Grup de coordinaci\u00f3 digital al Nus<\/a><\/li>\n<\/ul>\n<\/li>\n<li>Informacions sobre la reassignaci\u00f3 d&#8217;equips i el desplegament de nous equips<\/li>\n<li>Preguntes i respostes<\/li>\n<\/ul>\n<h3>Ponents<\/h3>\n<ul>\n<li>Xavier Meler (\u00c0rea de Cultura digital, Departament d&#8217;Educaci\u00f3)\n<li>Joan de Gr\u00e0cia (\u00c0rea de Cultura digital, Departament d&#8217;Educaci\u00f3)\n<li>Roser Cuss\u00f3 (\u00c0rea de Cultura digital, Departament d&#8217;Educaci\u00f3)\n<\/ul>\n<\/div>\n<div class=\"wp-block-column\" style=\"flex-basis:60%\">\n<div class=\"h5p-iframe-wrapper\"><iframe id=\"h5p-iframe-7\" class=\"h5p-iframe\" data-content-id=\"7\" style=\"height:1px\" src=\"about:blank\" frameBorder=\"0\" scrolling=\"no\" title=\"XT - CDC 2122 - Sessi\u00f3 de presentaci\u00f3\"><\/iframe><\/div><br \/>\nSi no podeu veure el v\u00eddeo aneu a: <a href=\"https:\/\/www.youtube.com\/watch?v=hckXsCW90GQ\" rel=\"noopener\" target=\"_blank\">https:\/\/www.youtube.com\/watch?v=hckXsCW90GQ<\/a><\/p>\n<p><em>Aquest seminari web no forma part dels seminaris de visualitzaci\u00f3 obligat\u00f2ria per obtenir la certificaci\u00f3 i, per tant, no disposa de formulari d&#8217;assist\u00e8ncia.<\/em><\/p>\n<\/div>\n<\/div>\n<div class=\"wp-block-columns\">\n<div class=\"wp-block-column\">\n<h3>Recursos associats<\/h3>\n<div class=\"wp-block-columns\" style=\"padding:1em 0;\"><div class=\"wp-block-column\" style=\"flex-basis:5%\"><img decoding=\"async\" src=\"https:\/\/projectes.xtec.cat\/xtcd\/wp-content\/uploads\/usu1403\/2021\/09\/presen-cdd.jpg\"><\/div><div class=\"wp-block-column\" style=\"flex-basis:95%;margin-left:1em\"><a target=\"_blank\" href=\"https:\/\/docs.google.com\/presentation\/d\/19ghniR-g9YeujXGGxNcWIi66YOZ6whJe4pynolHGzeo\/view\">Presentaci\u00f3<\/a><\/div><\/div>\n<h3>Seminaris territorials associats<\/h3>\n<p>Podeu apuntar-vos als seminaris territorials, on s&#8217;aprofundir\u00e0n i completaran els continguts i propostes dels seminaris webs:<\/p>\n<p><iframe style=\"width:100%;height:1000px\" src=\"https:\/\/aplicacions.gestioeducativa.gencat.cat\/pls\/soloas\/pk_for_mod_ins.p_for_pre_cons_activitats?p_any=2021-2022&#038;p_desc=Subxarxa%20Territorial%20de%20Coordinaci%C3%B3%20de%20Cultura%20Digital&#038;p_grup_materia=TIC&#038;p_modalitat=21,24,26&#038;p_paginar=S\"><\/iframe>\n<\/div>\n","protected":false},"excerpt":{"rendered":"<p>Data 16 de setembre de 2021, de 18:00 a 19:00 hores Descripci\u00f3 En aquesta sessi\u00f3 es presentar\u00e0 la subxarxa de coordinaci\u00f3 digital, en concret: Els objectius de la subxarxa Eines per aconseguir els objectius: Document d&#8217;orientacions per a la coordinaci\u00f3 digital de centre Nodes de coordinaci\u00f3 digital Seminaris web Seminaris territorials Grup de coordinaci\u00f3 digital [&hellip;]<\/p>\n","protected":false},"author":2,"featured_media":0,"parent":9400,"menu_order":10,"comment_status":"closed","ping_status":"closed","template":"","meta":{"site-sidebar-layout":"no-sidebar","site-content-layout":"page-builder","ast-site-content-layout":"","site-content-style":"default","site-sidebar-style":"default","ast-global-header-display":"","ast-banner-title-visibility":"","ast-main-header-display":"disabled","ast-hfb-above-header-display":"","ast-hfb-below-header-display":"","ast-hfb-mobile-header-display":"","site-post-title":"","ast-breadcrumbs-content":"","ast-featured-img":"","footer-sml-layout":"","theme-transparent-header-meta":"default","adv-header-id-meta":"9237","stick-header-meta":"default","header-above-stick-meta":"","header-main-stick-meta":"","header-below-stick-meta":"","astra-migrate-meta-layouts":"default","ast-page-background-enabled":"default","ast-page-background-meta":{"desktop":{"background-color":"","background-image":"","background-repeat":"repeat","background-position":"center center","background-size":"auto","background-attachment":"scroll","background-type":"","background-media":"","overlay-type":"","overlay-color":"","overlay-opacity":"","overlay-gradient":""},"tablet":{"background-color":"","background-image":"","background-repeat":"repeat","background-position":"center center","background-size":"auto","background-attachment":"scroll","background-type":"","background-media":"","overlay-type":"","overlay-color":"","overlay-opacity":"","overlay-gradient":""},"mobile":{"background-color":"","background-image":"","background-repeat":"repeat","background-position":"center center","background-size":"auto","background-attachment":"scroll","background-type":"","background-media":"","overlay-type":"","overlay-color":"","overlay-opacity":"","overlay-gradient":""}},"ast-content-background-meta":{"desktop":{"background-color":"var(--ast-global-color-5)","background-image":"","background-repeat":"repeat","background-position":"center center","background-size":"auto","background-attachment":"scroll","background-type":"","background-media":"","overlay-type":"","overlay-color":"","overlay-opacity":"","overlay-gradient":""},"tablet":{"background-color":"var(--ast-global-color-5)","background-image":"","background-repeat":"repeat","background-position":"center center","background-size":"auto","background-attachment":"scroll","background-type":"","background-media":"","overlay-type":"","overlay-color":"","overlay-opacity":"","overlay-gradient":""},"mobile":{"background-color":"var(--ast-global-color-5)","background-image":"","background-repeat":"repeat","background-position":"center center","background-size":"auto","background-attachment":"scroll","background-type":"","background-media":"","overlay-type":"","overlay-color":"","overlay-opacity":"","overlay-gradient":""}},"footnotes":""},"class_list":["post-9431","page","type-page","status-publish","hentry"],"_links":{"self":[{"href":"https:\/\/projectes.xtec.cat\/xtcd\/wp-json\/wp\/v2\/pages\/9431","targetHints":{"allow":["GET"]}}],"collection":[{"href":"https:\/\/projectes.xtec.cat\/xtcd\/wp-json\/wp\/v2\/pages"}],"about":[{"href":"https:\/\/projectes.xtec.cat\/xtcd\/wp-json\/wp\/v2\/types\/page"}],"author":[{"embeddable":true,"href":"https:\/\/projectes.xtec.cat\/xtcd\/wp-json\/wp\/v2\/users\/2"}],"replies":[{"embeddable":true,"href":"https:\/\/projectes.xtec.cat\/xtcd\/wp-json\/wp\/v2\/comments?post=9431"}],"version-history":[{"count":3,"href":"https:\/\/projectes.xtec.cat\/xtcd\/wp-json\/wp\/v2\/pages\/9431\/revisions"}],"predecessor-version":[{"id":10799,"href":"https:\/\/projectes.xtec.cat\/xtcd\/wp-json\/wp\/v2\/pages\/9431\/revisions\/10799"}],"up":[{"embeddable":true,"href":"https:\/\/projectes.xtec.cat\/xtcd\/wp-json\/wp\/v2\/pages\/9400"}],"wp:attachment":[{"href":"https:\/\/projectes.xtec.cat\/xtcd\/wp-json\/wp\/v2\/media?parent=9431"}],"curies":[{"name":"wp","href":"https:\/\/api.w.org\/{rel}","templated":true}]}}