{"id":10439,"date":"2018-08-03T15:31:44","date_gmt":"2018-08-03T13:31:44","guid":{"rendered":"http:\/\/projectes.xtec.cat\/zenit\/?page_id=10439"},"modified":"2020-05-19T19:40:24","modified_gmt":"2020-05-19T17:40:24","slug":"obs_terra","status":"publish","type":"page","link":"https:\/\/projectes.xtec.cat\/zenit\/","title":{"rendered":"Observant la Terra"},"content":{"rendered":"<p>Et proposem una visita als principals sistemes i tecnologies d&#8217;Observaci\u00f3 de la Terra, les seves utilitats, avantatges, debilitats i complementarietat dels sat\u00e8l\u00b7lits amb altres sistemes d&#8217;Observaci\u00f3 de la Terra, com els avions, els avions no tripulats o les dades sobre el terreny. A trav\u00e9s d&#8217;una col\u00b7lecci\u00f3 de plafons o eixos tem\u00e0tics, continguts i activitats associades, sobre com transformar la informaci\u00f3 sobre el territori (geo-informaci\u00f3) i de forma especial captades des de l&#8217;espai, per transformar aquesta informaci\u00f3 en un millor coneixement.<\/p>\n<h2>Tem\u00e0tiques de les L\u00e0mines (o plafons)<\/h2>\n<p>Relaci\u00f3 de plafons que corresponen a l&#8217;exposici\u00f3 &#8220;Observant la Terra&#8221;<br \/>\n<iframe loading=\"lazy\" id=\"awesome\" style=\"border: none;\"  src=\"https:\/\/edumet.cat\/areatac\/presentacions\/index_json.php?ID=15hIN-RvZj1iWVe35HQrDuMZ30zwgt2QZZ4pH4Q3ogLE&#038;config=plafons\" width=\"100%\" height=\"1100px\"><\/iframe><\/p>\n","protected":false},"excerpt":{"rendered":"<p>Et proposem una visita als principals sistemes i tecnologies d&#8217;Observaci\u00f3 de la Terra, les seves utilitats, avantatges, debilitats i complementarietat dels sat\u00e8l\u00b7lits amb altres sistemes d&#8217;Observaci\u00f3 de la Terra, com els avions, els avions no tripulats o les dades sobre el terreny. A trav\u00e9s d&#8217;una&hellip;  <a href=\"https:\/\/projectes.xtec.cat\/zenit\/\" title=\"Read Observant la Terra\">Llegeix m\u00e9s\u00bb<\/a><\/p>\n","protected":false},"author":4,"featured_media":0,"parent":0,"menu_order":0,"comment_status":"closed","ping_status":"closed","template":"","meta":{"_bbp_topic_count":0,"_bbp_reply_count":0,"_bbp_total_topic_count":0,"_bbp_total_reply_count":0,"_bbp_voice_count":0,"_bbp_anonymous_reply_count":0,"_bbp_topic_count_hidden":0,"_bbp_reply_count_hidden":0,"_bbp_forum_subforum_count":0,"footnotes":""},"class_list":["post-10439","page","type-page","status-publish","hentry"],"post_mailing_queue_ids":[],"_links":{"self":[{"href":"https:\/\/projectes.xtec.cat\/zenit\/wp-json\/wp\/v2\/pages\/10439","targetHints":{"allow":["GET"]}}],"collection":[{"href":"https:\/\/projectes.xtec.cat\/zenit\/wp-json\/wp\/v2\/pages"}],"about":[{"href":"https:\/\/projectes.xtec.cat\/zenit\/wp-json\/wp\/v2\/types\/page"}],"author":[{"embeddable":true,"href":"https:\/\/projectes.xtec.cat\/zenit\/wp-json\/wp\/v2\/users\/4"}],"replies":[{"embeddable":true,"href":"https:\/\/projectes.xtec.cat\/zenit\/wp-json\/wp\/v2\/comments?post=10439"}],"version-history":[{"count":4,"href":"https:\/\/projectes.xtec.cat\/zenit\/wp-json\/wp\/v2\/pages\/10439\/revisions"}],"predecessor-version":[{"id":11325,"href":"https:\/\/projectes.xtec.cat\/zenit\/wp-json\/wp\/v2\/pages\/10439\/revisions\/11325"}],"wp:attachment":[{"href":"https:\/\/projectes.xtec.cat\/zenit\/wp-json\/wp\/v2\/media?parent=10439"}],"curies":[{"name":"wp","href":"https:\/\/api.w.org\/{rel}","templated":true}]}}